{"id":1004,"date":"2024-08-14T14:30:21","date_gmt":"2024-08-14T14:30:21","guid":{"rendered":"https:\/\/mavinil.es\/?page_id=1004"},"modified":"2024-09-12T17:23:40","modified_gmt":"2024-09-12T17:23:40","slug":"formacion","status":"publish","type":"page","link":"https:\/\/mavinil.es\/index.php\/es\/formacion\/","title":{"rendered":"Formaci\u00f3 &#8211; ESP"},"content":{"rendered":"\n<div class=\"wp-block-group alignfull has-global-padding is-layout-constrained wp-block-group-is-layout-constrained\" style=\"margin-bottom:50px\">\n<div class=\"wp-block-columns alignfull is-layout-flex wp-container-core-columns-is-layout-1 wp-block-columns-is-layout-flex\">\n<div class=\"wp-block-column is-vertically-aligned-top is-layout-flow wp-block-column-is-layout-flow\">\n<figure class=\"wp-block-image alignfull size-full\"><img loading=\"lazy\" decoding=\"async\" width=\"2500\" height=\"800\" src=\"https:\/\/mavinil.es\/wp-content\/uploads\/2024\/08\/formacio.jpg\" alt=\"\" class=\"wp-image-705\" srcset=\"https:\/\/mavinil.es\/wp-content\/uploads\/2024\/08\/formacio.jpg 2500w, https:\/\/mavinil.es\/wp-content\/uploads\/2024\/08\/formacio-300x96.jpg 300w, https:\/\/mavinil.es\/wp-content\/uploads\/2024\/08\/formacio-1024x328.jpg 1024w, https:\/\/mavinil.es\/wp-content\/uploads\/2024\/08\/formacio-768x246.jpg 768w, https:\/\/mavinil.es\/wp-content\/uploads\/2024\/08\/formacio-1536x492.jpg 1536w, https:\/\/mavinil.es\/wp-content\/uploads\/2024\/08\/formacio-2048x655.jpg 2048w, https:\/\/mavinil.es\/wp-content\/uploads\/2024\/08\/formacio-18x6.jpg 18w\" sizes=\"auto, (max-width: 2500px) 100vw, 2500px\" \/><\/figure>\n<\/div>\n<\/div>\n<\/div>\n\n\n\n<div class=\"wp-block-group has-global-padding is-layout-constrained wp-block-group-is-layout-constrained\">\n<div class=\"wp-block-group is-nowrap is-layout-flex wp-container-core-group-is-layout-2 wp-block-group-is-layout-flex\">\n<figure class=\"wp-block-image size-full is-resized\"><img loading=\"lazy\" decoding=\"async\" width=\"249\" height=\"248\" src=\"https:\/\/mavinil.es\/wp-content\/uploads\/2024\/08\/icones-apartats-250-PX_Mesa-de-trabajo-1-copia-6.png\" alt=\"\" class=\"wp-image-330\" style=\"width:120px\" srcset=\"https:\/\/mavinil.es\/wp-content\/uploads\/2024\/08\/icones-apartats-250-PX_Mesa-de-trabajo-1-copia-6.png 249w, https:\/\/mavinil.es\/wp-content\/uploads\/2024\/08\/icones-apartats-250-PX_Mesa-de-trabajo-1-copia-6-150x150.png 150w, https:\/\/mavinil.es\/wp-content\/uploads\/2024\/08\/icones-apartats-250-PX_Mesa-de-trabajo-1-copia-6-12x12.png 12w\" sizes=\"auto, (max-width: 249px) 100vw, 249px\" \/><\/figure>\n\n\n\n<h2 class=\"wp-block-heading has-custom-color-6-color has-text-color has-link-color wp-elements-8b6db71ab22df039d84a307eb75f3a21\">Formaci\u00f3n<\/h2>\n<\/div>\n\n\n\n<div class=\"wp-block-columns is-layout-flex wp-container-core-columns-is-layout-2 wp-block-columns-is-layout-flex\">\n<div class=\"wp-block-column is-layout-flow wp-block-column-is-layout-flow\">\n<p><strong>Creemos que la innovaci\u00f3n radica en las personas y trabajamos para construir un futuro de \u00e9xito compartido.<\/strong><br><br>Las acciones formativas que realizamos est\u00e1n dise\u00f1adas para profesionales cualificados del mercado para garantizar las t\u00e9cnicas m\u00e1s actualizadas, de acuerdo con las normativas actuales. Con el objetivo de formar profesionales de calidad, un equipo de confianza en constante evoluci\u00f3n para encontrar soluciones efectivas e innovadoras siempre con excelentes resultados en el servicio y calidad.<\/p>\n<\/div>\n<\/div>\n<\/div>\n","protected":false},"excerpt":{"rendered":"<p>Formaci\u00f3n Creemos que la innovaci\u00f3n radica en las personas y trabajamos para construir un futuro de \u00e9xito compartido. Las acciones formativas que realizamos est\u00e1n dise\u00f1adas para profesionales cualificados del mercado para garantizar las t\u00e9cnicas m\u00e1s actualizadas, de acuerdo con las normativas actuales. Con el objetivo de formar profesionales de calidad, un equipo de confianza en [&hellip;]<\/p>\n","protected":false},"author":1,"featured_media":0,"parent":0,"menu_order":11,"comment_status":"closed","ping_status":"closed","template":"wp-custom-template-p-gina-sense-t-tol-esp","meta":{"footnotes":""},"class_list":["post-1004","page","type-page","status-publish","hentry"],"_links":{"self":[{"href":"https:\/\/mavinil.es\/index.php\/wp-json\/wp\/v2\/pages\/1004","targetHints":{"allow":["GET"]}}],"collection":[{"href":"https:\/\/mavinil.es\/index.php\/wp-json\/wp\/v2\/pages"}],"about":[{"href":"https:\/\/mavinil.es\/index.php\/wp-json\/wp\/v2\/types\/page"}],"author":[{"embeddable":true,"href":"https:\/\/mavinil.es\/index.php\/wp-json\/wp\/v2\/users\/1"}],"replies":[{"embeddable":true,"href":"https:\/\/mavinil.es\/index.php\/wp-json\/wp\/v2\/comments?post=1004"}],"version-history":[{"count":5,"href":"https:\/\/mavinil.es\/index.php\/wp-json\/wp\/v2\/pages\/1004\/revisions"}],"predecessor-version":[{"id":1251,"href":"https:\/\/mavinil.es\/index.php\/wp-json\/wp\/v2\/pages\/1004\/revisions\/1251"}],"wp:attachment":[{"href":"https:\/\/mavinil.es\/index.php\/wp-json\/wp\/v2\/media?parent=1004"}],"curies":[{"name":"wp","href":"https:\/\/api.w.org\/{rel}","templated":true}]}}