{"id":1007,"date":"2024-08-14T14:30:45","date_gmt":"2024-08-14T14:30:45","guid":{"rendered":"https:\/\/mavinil.es\/?page_id=1007"},"modified":"2024-09-12T17:22:53","modified_gmt":"2024-09-12T17:22:53","slug":"sostenibilidad","status":"publish","type":"page","link":"https:\/\/mavinil.es\/index.php\/es\/sostenibilidad\/","title":{"rendered":"Sostenibilitat &#8211; ESP"},"content":{"rendered":"\n<div class=\"wp-block-group alignfull has-global-padding is-layout-constrained wp-block-group-is-layout-constrained\" style=\"margin-bottom:50px\">\n<div class=\"wp-block-columns alignfull is-layout-flex wp-container-core-columns-is-layout-1 wp-block-columns-is-layout-flex\">\n<div class=\"wp-block-column is-vertically-aligned-top is-layout-flow wp-block-column-is-layout-flow\">\n<figure class=\"wp-block-image alignfull size-full\"><img loading=\"lazy\" decoding=\"async\" width=\"2500\" height=\"800\" src=\"https:\/\/mavinil.es\/wp-content\/uploads\/2024\/08\/sostenibilitat.jpg\" alt=\"\" class=\"wp-image-708\" srcset=\"https:\/\/mavinil.es\/wp-content\/uploads\/2024\/08\/sostenibilitat.jpg 2500w, https:\/\/mavinil.es\/wp-content\/uploads\/2024\/08\/sostenibilitat-300x96.jpg 300w, https:\/\/mavinil.es\/wp-content\/uploads\/2024\/08\/sostenibilitat-1024x328.jpg 1024w, https:\/\/mavinil.es\/wp-content\/uploads\/2024\/08\/sostenibilitat-768x246.jpg 768w, https:\/\/mavinil.es\/wp-content\/uploads\/2024\/08\/sostenibilitat-1536x492.jpg 1536w, https:\/\/mavinil.es\/wp-content\/uploads\/2024\/08\/sostenibilitat-2048x655.jpg 2048w, https:\/\/mavinil.es\/wp-content\/uploads\/2024\/08\/sostenibilitat-18x6.jpg 18w\" sizes=\"auto, (max-width: 2500px) 100vw, 2500px\" \/><\/figure>\n<\/div>\n<\/div>\n<\/div>\n\n\n\n<div class=\"wp-block-group has-global-padding is-layout-constrained wp-block-group-is-layout-constrained\">\n<div class=\"wp-block-group is-nowrap is-layout-flex wp-container-core-group-is-layout-2 wp-block-group-is-layout-flex\">\n<figure class=\"wp-block-image size-full is-resized\"><img loading=\"lazy\" decoding=\"async\" width=\"249\" height=\"248\" src=\"https:\/\/mavinil.es\/wp-content\/uploads\/2024\/08\/icones-apartats-250-PX_Mesa-de-trabajo-1-copia-5.png\" alt=\"\" class=\"wp-image-329\" style=\"width:120px\" srcset=\"https:\/\/mavinil.es\/wp-content\/uploads\/2024\/08\/icones-apartats-250-PX_Mesa-de-trabajo-1-copia-5.png 249w, https:\/\/mavinil.es\/wp-content\/uploads\/2024\/08\/icones-apartats-250-PX_Mesa-de-trabajo-1-copia-5-150x150.png 150w, https:\/\/mavinil.es\/wp-content\/uploads\/2024\/08\/icones-apartats-250-PX_Mesa-de-trabajo-1-copia-5-12x12.png 12w\" sizes=\"auto, (max-width: 249px) 100vw, 249px\" \/><\/figure>\n\n\n\n<h2 class=\"wp-block-heading has-custom-color-9-color has-text-color has-link-color wp-elements-52801eaccd4fc59c780f94341fca1686\">Sostenibilidad<\/h2>\n<\/div>\n\n\n\n<div class=\"wp-block-columns is-layout-flex wp-container-core-columns-is-layout-2 wp-block-columns-is-layout-flex\">\n<div class=\"wp-block-column is-layout-flow wp-block-column-is-layout-flow\" style=\"flex-basis:50%\">\n<p>Desde que, en 1980, como\u00a0industria de reciclaje de materias pl\u00e1sticas, hacemos un constante esfuerzo en el desarrollo y la innovaci\u00f3n de nuevas tecnolog\u00edas con el objetivo de augmentar el rendimiento y la reducci\u00f3n del gasto energ\u00e9tico.<\/p>\n\n\n\n<p class=\"has-accent-3-color has-text-color has-link-color wp-elements-2f2a6afcd4b4c785b33bd0bfdb44d5c7\" style=\"padding-top:0px;padding-bottom:0px;font-size:clamp(14px, 0.875rem + ((1vw - 3.2px) * 0.732), 20px);font-style:normal;font-weight:700\">Comprometidos con la sostenibilidad.<\/p>\n\n\n\n<p style=\"margin-top:0px;margin-bottom:0px;padding-top:0px;padding-bottom:0px\"><strong>Fomentamos el crecimiento econ\u00f3mico sostenible, el equilibrio medioambiental y responsabilidad social.<\/strong><\/p>\n\n\n\n<p>En Mavinil, ofrecemos soluciones innovadoras para dar una segunda oportunidad a los productos de pl\u00e1stico que han llegado al final de su vida \u00fatil.<\/p>\n\n\n\n<p>Gracias a nuestro laboratorio I+D, conseguimos mejorar el color de los productos reciclados porqu\u00e9 resulten m\u00e1s atractivos para el mercado y contribuyendo en la conservaci\u00f3n del medio ambiente.<\/p>\n\n\n\n<p>El sistema que utilizamos para el tratamiento de separaci\u00f3n de fibras, es totalmente mec\u00e1nico y exento de cualquier producto qu\u00edmico.<\/p>\n<\/div>\n\n\n\n<div class=\"wp-block-column is-layout-flow wp-block-column-is-layout-flow\" style=\"flex-basis:50%\">\n<figure class=\"wp-block-image size-full\"><img loading=\"lazy\" decoding=\"async\" width=\"598\" height=\"598\" src=\"https:\/\/mavinil.es\/wp-content\/uploads\/2024\/08\/FOTOS-PORTADA-600PX_Sostenibilitat.jpg\" alt=\"\" class=\"wp-image-222\" srcset=\"https:\/\/mavinil.es\/wp-content\/uploads\/2024\/08\/FOTOS-PORTADA-600PX_Sostenibilitat.jpg 598w, https:\/\/mavinil.es\/wp-content\/uploads\/2024\/08\/FOTOS-PORTADA-600PX_Sostenibilitat-300x300.jpg 300w, https:\/\/mavinil.es\/wp-content\/uploads\/2024\/08\/FOTOS-PORTADA-600PX_Sostenibilitat-150x150.jpg 150w, https:\/\/mavinil.es\/wp-content\/uploads\/2024\/08\/FOTOS-PORTADA-600PX_Sostenibilitat-12x12.jpg 12w\" sizes=\"auto, (max-width: 598px) 100vw, 598px\" \/><\/figure>\n<\/div>\n<\/div>\n<\/div>\n","protected":false},"excerpt":{"rendered":"<p>Sostenibilidad Desde que, en 1980, como\u00a0industria de reciclaje de materias pl\u00e1sticas, hacemos un constante esfuerzo en el desarrollo y la innovaci\u00f3n de nuevas tecnolog\u00edas con el objetivo de augmentar el rendimiento y la reducci\u00f3n del gasto energ\u00e9tico. Comprometidos con la sostenibilidad. Fomentamos el crecimiento econ\u00f3mico sostenible, el equilibrio medioambiental y responsabilidad social. En Mavinil, ofrecemos [&hellip;]<\/p>\n","protected":false},"author":1,"featured_media":0,"parent":0,"menu_order":10,"comment_status":"closed","ping_status":"closed","template":"wp-custom-template-p-gina-sense-t-tol-esp","meta":{"footnotes":""},"class_list":["post-1007","page","type-page","status-publish","hentry"],"_links":{"self":[{"href":"https:\/\/mavinil.es\/index.php\/wp-json\/wp\/v2\/pages\/1007","targetHints":{"allow":["GET"]}}],"collection":[{"href":"https:\/\/mavinil.es\/index.php\/wp-json\/wp\/v2\/pages"}],"about":[{"href":"https:\/\/mavinil.es\/index.php\/wp-json\/wp\/v2\/types\/page"}],"author":[{"embeddable":true,"href":"https:\/\/mavinil.es\/index.php\/wp-json\/wp\/v2\/users\/1"}],"replies":[{"embeddable":true,"href":"https:\/\/mavinil.es\/index.php\/wp-json\/wp\/v2\/comments?post=1007"}],"version-history":[{"count":5,"href":"https:\/\/mavinil.es\/index.php\/wp-json\/wp\/v2\/pages\/1007\/revisions"}],"predecessor-version":[{"id":1250,"href":"https:\/\/mavinil.es\/index.php\/wp-json\/wp\/v2\/pages\/1007\/revisions\/1250"}],"wp:attachment":[{"href":"https:\/\/mavinil.es\/index.php\/wp-json\/wp\/v2\/media?parent=1007"}],"curies":[{"name":"wp","href":"https:\/\/api.w.org\/{rel}","templated":true}]}}