{"id":1010,"date":"2024-08-14T14:31:08","date_gmt":"2024-08-14T14:31:08","guid":{"rendered":"https:\/\/mavinil.es\/?page_id=1010"},"modified":"2024-09-12T17:21:02","modified_gmt":"2024-09-12T17:21:02","slug":"laboratorio-id","status":"publish","type":"page","link":"https:\/\/mavinil.es\/index.php\/es\/laboratorio-id\/","title":{"rendered":"Laboratori I+D &#8211; ESP"},"content":{"rendered":"\n<div class=\"wp-block-group alignfull has-global-padding is-layout-constrained wp-block-group-is-layout-constrained\" style=\"margin-bottom:50px\">\n<div class=\"wp-block-columns alignfull is-layout-flex wp-container-core-columns-is-layout-1 wp-block-columns-is-layout-flex\">\n<div class=\"wp-block-column is-vertically-aligned-top is-layout-flow wp-block-column-is-layout-flow\">\n<figure class=\"wp-block-image alignfull size-full\"><img loading=\"lazy\" decoding=\"async\" width=\"2500\" height=\"800\" src=\"https:\/\/mavinil.es\/wp-content\/uploads\/2024\/08\/laboratoriID.jpg\" alt=\"\" class=\"wp-image-715\" srcset=\"https:\/\/mavinil.es\/wp-content\/uploads\/2024\/08\/laboratoriID.jpg 2500w, https:\/\/mavinil.es\/wp-content\/uploads\/2024\/08\/laboratoriID-300x96.jpg 300w, https:\/\/mavinil.es\/wp-content\/uploads\/2024\/08\/laboratoriID-1024x328.jpg 1024w, https:\/\/mavinil.es\/wp-content\/uploads\/2024\/08\/laboratoriID-768x246.jpg 768w, https:\/\/mavinil.es\/wp-content\/uploads\/2024\/08\/laboratoriID-1536x492.jpg 1536w, https:\/\/mavinil.es\/wp-content\/uploads\/2024\/08\/laboratoriID-2048x655.jpg 2048w, https:\/\/mavinil.es\/wp-content\/uploads\/2024\/08\/laboratoriID-18x6.jpg 18w\" sizes=\"auto, (max-width: 2500px) 100vw, 2500px\" \/><\/figure>\n<\/div>\n<\/div>\n<\/div>\n\n\n\n<div class=\"wp-block-group has-global-padding is-layout-constrained wp-block-group-is-layout-constrained\">\n<div class=\"wp-block-group is-nowrap is-layout-flex wp-container-core-group-is-layout-2 wp-block-group-is-layout-flex\">\n<figure class=\"wp-block-image size-full is-resized\"><img loading=\"lazy\" decoding=\"async\" width=\"249\" height=\"248\" src=\"https:\/\/mavinil.es\/wp-content\/uploads\/2024\/08\/icones-apartats-250-PX_Mesa-de-trabajo-1-copia-4.png\" alt=\"\" class=\"wp-image-328\" style=\"width:120px\" srcset=\"https:\/\/mavinil.es\/wp-content\/uploads\/2024\/08\/icones-apartats-250-PX_Mesa-de-trabajo-1-copia-4.png 249w, https:\/\/mavinil.es\/wp-content\/uploads\/2024\/08\/icones-apartats-250-PX_Mesa-de-trabajo-1-copia-4-150x150.png 150w, https:\/\/mavinil.es\/wp-content\/uploads\/2024\/08\/icones-apartats-250-PX_Mesa-de-trabajo-1-copia-4-12x12.png 12w\" sizes=\"auto, (max-width: 249px) 100vw, 249px\" \/><\/figure>\n\n\n\n<h2 class=\"wp-block-heading has-custom-color-5-color has-text-color has-link-color wp-elements-d46072e43e7c38bda8c59ba36e3de66b\">Laboratorio I+D<\/h2>\n<\/div>\n\n\n\n<div class=\"wp-block-columns is-layout-flex wp-container-core-columns-is-layout-2 wp-block-columns-is-layout-flex\">\n<div class=\"wp-block-column is-layout-flow wp-block-column-is-layout-flow\">\n<h3 class=\"wp-block-heading has-accent-3-color has-text-color has-link-color wp-elements-59b00223f7561fa7fe772a09bfb3bd73\">Desde nuestro laboratorio I+D de Mavinil, os proporcionamos productos personalizados de la mejor calidad<\/h3>\n<\/div>\n\n\n\n<div class=\"wp-block-column is-layout-flow wp-block-column-is-layout-flow\">\n<p>Con el objetivo de optimizar el proceso productivo en la industria de la transformaci\u00f3n del PVC, <strong>proporcionamos una excelente calidad consiguiendo la homogenizaci\u00f3n del color, acelerando la producci\u00f3n, mejorando la eficiencia y garantizando la mejor calidad<\/strong>.<\/p>\n<\/div>\n<\/div>\n\n\n\n<div class=\"wp-block-columns is-layout-flex wp-container-core-columns-is-layout-3 wp-block-columns-is-layout-flex\">\n<div class=\"wp-block-column is-layout-flow wp-block-column-is-layout-flow\">\n<figure class=\"wp-block-image size-full\"><img loading=\"lazy\" decoding=\"async\" width=\"600\" height=\"400\" src=\"https:\/\/mavinil.es\/wp-content\/uploads\/2024\/08\/laboratori-ID_1-600PX.jpg\" alt=\"\" class=\"wp-image-320\" srcset=\"https:\/\/mavinil.es\/wp-content\/uploads\/2024\/08\/laboratori-ID_1-600PX.jpg 600w, https:\/\/mavinil.es\/wp-content\/uploads\/2024\/08\/laboratori-ID_1-600PX-300x200.jpg 300w, https:\/\/mavinil.es\/wp-content\/uploads\/2024\/08\/laboratori-ID_1-600PX-18x12.jpg 18w\" sizes=\"auto, (max-width: 600px) 100vw, 600px\" \/><\/figure>\n<\/div>\n\n\n\n<div class=\"wp-block-column is-layout-flow wp-block-column-is-layout-flow\">\n<figure class=\"wp-block-image size-full\"><img loading=\"lazy\" decoding=\"async\" width=\"600\" height=\"450\" src=\"https:\/\/mavinil.es\/wp-content\/uploads\/2024\/08\/laboratori-ID_2-600PX.jpg\" alt=\"\" class=\"wp-image-321\" style=\"object-fit:cover\" srcset=\"https:\/\/mavinil.es\/wp-content\/uploads\/2024\/08\/laboratori-ID_2-600PX.jpg 600w, https:\/\/mavinil.es\/wp-content\/uploads\/2024\/08\/laboratori-ID_2-600PX-300x225.jpg 300w, https:\/\/mavinil.es\/wp-content\/uploads\/2024\/08\/laboratori-ID_2-600PX-16x12.jpg 16w\" sizes=\"auto, (max-width: 600px) 100vw, 600px\" \/><\/figure>\n<\/div>\n<\/div>\n<\/div>\n","protected":false},"excerpt":{"rendered":"<p>Laboratorio I+D Desde nuestro laboratorio I+D de Mavinil, os proporcionamos productos personalizados de la mejor calidad Con el objetivo de optimizar el proceso productivo en la industria de la transformaci\u00f3n del PVC, proporcionamos una excelente calidad consiguiendo la homogenizaci\u00f3n del color, acelerando la producci\u00f3n, mejorando la eficiencia y garantizando la mejor calidad.<\/p>\n","protected":false},"author":1,"featured_media":0,"parent":0,"menu_order":8,"comment_status":"closed","ping_status":"closed","template":"wp-custom-template-p-gina-sense-t-tol-esp","meta":{"footnotes":""},"class_list":["post-1010","page","type-page","status-publish","hentry"],"_links":{"self":[{"href":"https:\/\/mavinil.es\/index.php\/wp-json\/wp\/v2\/pages\/1010","targetHints":{"allow":["GET"]}}],"collection":[{"href":"https:\/\/mavinil.es\/index.php\/wp-json\/wp\/v2\/pages"}],"about":[{"href":"https:\/\/mavinil.es\/index.php\/wp-json\/wp\/v2\/types\/page"}],"author":[{"embeddable":true,"href":"https:\/\/mavinil.es\/index.php\/wp-json\/wp\/v2\/users\/1"}],"replies":[{"embeddable":true,"href":"https:\/\/mavinil.es\/index.php\/wp-json\/wp\/v2\/comments?post=1010"}],"version-history":[{"count":4,"href":"https:\/\/mavinil.es\/index.php\/wp-json\/wp\/v2\/pages\/1010\/revisions"}],"predecessor-version":[{"id":1249,"href":"https:\/\/mavinil.es\/index.php\/wp-json\/wp\/v2\/pages\/1010\/revisions\/1249"}],"wp:attachment":[{"href":"https:\/\/mavinil.es\/index.php\/wp-json\/wp\/v2\/media?parent=1010"}],"curies":[{"name":"wp","href":"https:\/\/api.w.org\/{rel}","templated":true}]}}