{"id":1016,"date":"2024-08-14T14:32:08","date_gmt":"2024-08-14T14:32:08","guid":{"rendered":"https:\/\/mavinil.es\/?page_id=1016"},"modified":"2025-02-10T12:31:04","modified_gmt":"2025-02-10T12:31:04","slug":"separacion-de-fibras","status":"publish","type":"page","link":"https:\/\/mavinil.es\/index.php\/es\/separacion-de-fibras\/","title":{"rendered":"Separaci\u00f3 de fibres &#8211; ESP"},"content":{"rendered":"\n<div class=\"wp-block-group alignfull has-global-padding is-layout-constrained wp-block-group-is-layout-constrained\" style=\"margin-bottom:50px\">\n<div class=\"wp-block-columns alignfull is-layout-flex wp-container-core-columns-is-layout-1 wp-block-columns-is-layout-flex\">\n<div class=\"wp-block-column is-vertically-aligned-top is-layout-flow wp-block-column-is-layout-flow\">\n<figure class=\"wp-block-image alignfull size-full\"><img loading=\"lazy\" decoding=\"async\" width=\"2500\" height=\"800\" src=\"https:\/\/mavinil.es\/wp-content\/uploads\/2024\/08\/separacio.jpg\" alt=\"\" class=\"wp-image-700\" srcset=\"https:\/\/mavinil.es\/wp-content\/uploads\/2024\/08\/separacio.jpg 2500w, https:\/\/mavinil.es\/wp-content\/uploads\/2024\/08\/separacio-300x96.jpg 300w, https:\/\/mavinil.es\/wp-content\/uploads\/2024\/08\/separacio-1024x328.jpg 1024w, https:\/\/mavinil.es\/wp-content\/uploads\/2024\/08\/separacio-768x246.jpg 768w, https:\/\/mavinil.es\/wp-content\/uploads\/2024\/08\/separacio-1536x492.jpg 1536w, https:\/\/mavinil.es\/wp-content\/uploads\/2024\/08\/separacio-2048x655.jpg 2048w, https:\/\/mavinil.es\/wp-content\/uploads\/2024\/08\/separacio-18x6.jpg 18w\" sizes=\"auto, (max-width: 2500px) 100vw, 2500px\" \/><\/figure>\n<\/div>\n<\/div>\n<\/div>\n\n\n\n<div class=\"wp-block-group has-global-padding is-layout-constrained wp-block-group-is-layout-constrained\">\n<div class=\"wp-block-group is-nowrap is-layout-flex wp-container-core-group-is-layout-2 wp-block-group-is-layout-flex\">\n<figure class=\"wp-block-image size-full is-resized\"><img loading=\"lazy\" decoding=\"async\" width=\"249\" height=\"248\" src=\"https:\/\/mavinil.es\/wp-content\/uploads\/2024\/08\/icones-apartats-250-PX_Mesa-de-trabajo-1-copia-2.png\" alt=\"\" class=\"wp-image-326\" style=\"width:120px\" srcset=\"https:\/\/mavinil.es\/wp-content\/uploads\/2024\/08\/icones-apartats-250-PX_Mesa-de-trabajo-1-copia-2.png 249w, https:\/\/mavinil.es\/wp-content\/uploads\/2024\/08\/icones-apartats-250-PX_Mesa-de-trabajo-1-copia-2-150x150.png 150w, https:\/\/mavinil.es\/wp-content\/uploads\/2024\/08\/icones-apartats-250-PX_Mesa-de-trabajo-1-copia-2-12x12.png 12w\" sizes=\"auto, (max-width: 249px) 100vw, 249px\" \/><\/figure>\n\n\n\n<h2 class=\"wp-block-heading has-custom-color-3-color has-text-color has-link-color wp-elements-370ace8dae866a4aea3c68fdec0ff154\">Separaci\u00f3n de fibras<\/h2>\n<\/div>\n\n\n\n<div class=\"wp-block-columns is-layout-flex wp-container-core-columns-is-layout-2 wp-block-columns-is-layout-flex\">\n<div class=\"wp-block-column is-layout-flow wp-block-column-is-layout-flow\">\n<figure class=\"wp-block-image size-full\"><img loading=\"lazy\" decoding=\"async\" width=\"600\" height=\"401\" src=\"https:\/\/mavinil.es\/wp-content\/uploads\/2024\/08\/Separacio-de-fibres-600PX.jpg\" alt=\"\" class=\"wp-image-313\" srcset=\"https:\/\/mavinil.es\/wp-content\/uploads\/2024\/08\/Separacio-de-fibres-600PX.jpg 600w, https:\/\/mavinil.es\/wp-content\/uploads\/2024\/08\/Separacio-de-fibres-600PX-300x201.jpg 300w, https:\/\/mavinil.es\/wp-content\/uploads\/2024\/08\/Separacio-de-fibres-600PX-18x12.jpg 18w\" sizes=\"auto, (max-width: 600px) 100vw, 600px\" \/><\/figure>\n<\/div>\n\n\n\n<div class=\"wp-block-column is-layout-flow wp-block-column-is-layout-flow\">\n<p>En Mavinil S.A. hemos optado, dentro del sector del reciclaje, por trabajar materiales que no son reciclables mediante una simple trituraci\u00f3n o granulaci\u00f3n, sino que es necesario efectuar una operaci\u00f3n m\u00e1s compleja, sobre todo cuando hablamos de productos pl\u00e1sticos compuestos de dos o m\u00e1s elementos incompatibles entre ellos a la hora de reaprovecharlos. Es el caso de los <strong>materiales con fibra<\/strong> o <strong>materiales bicapa<\/strong>.<\/p>\n\n\n\n<p>Este proceso nos ha comportado muchos a\u00f1os de esfuerzo para desarrollar maquinaria de dise\u00f1o propio que sea capaz de realizar las separaciones de los diferentes materiales pl\u00e1sticos compuestos que alud\u00edamos.<\/p>\n<\/div>\n<\/div>\n\n\n\n<div class=\"wp-block-columns is-layout-flex wp-container-core-columns-is-layout-3 wp-block-columns-is-layout-flex\">\n<div class=\"wp-block-column is-layout-flow wp-block-column-is-layout-flow\">\n<h2 class=\"wp-block-heading has-custom-color-3-color has-text-color has-link-color wp-elements-6a3b43cf1dcf101aab72edd378de2f0a\" style=\"font-size:clamp(21.536px, 1.346rem + ((1vw - 3.2px) * 1.642), 35px);\">Materiales con fibra<\/h2>\n\n\n\n<p>En Mavinil S.A. hemos desarrollado una <strong>instalaci\u00f3n que efect\u00faa un proceso para reciclar los materiales pl\u00e1sticos que contienen un refuerzo de fibra textil, habitualmente de poli\u00e9ster, aunque tambi\u00e9n puede ser de algod\u00f3n o de polipropileno<\/strong>.<\/p>\n\n\n\n<p>En nuestras instalaciones <strong>conseguimos la separaci\u00f3n de la fibra y obtenemos el material pl\u00e1stico limpio con una calidad m\u00e1xima de impurezas del 0.001%<\/strong>.<\/p>\n\n\n\n<p>Los materiales con los que trabajan son de diferentes sectores:<\/p>\n\n\n\n<p>L\u00e1minas de estanquidad o impermeabilizaci\u00f3n, mangueras de jard\u00edn, cintas transportadoras, pancartas publicitarias, etc.<\/p>\n\n\n\n<p><strong>El sistema que utilizamos es totalmente mec\u00e1nico y exento de cualquier producto qu\u00edmico.<\/strong> Esto evita cualquier tipo de degradaci\u00f3n del material que, en su caso, se puede utilizar para fabricar el mismo material que anteriormente.<\/p>\n<\/div>\n\n\n\n<div class=\"wp-block-column is-layout-flow wp-block-column-is-layout-flow\">\n<figure class=\"wp-block-image size-full\"><img loading=\"lazy\" decoding=\"async\" width=\"600\" height=\"183\" src=\"https:\/\/mavinil.es\/wp-content\/uploads\/2024\/08\/Separaciodefibres_2-600PX.jpg\" alt=\"\" class=\"wp-image-314\" srcset=\"https:\/\/mavinil.es\/wp-content\/uploads\/2024\/08\/Separaciodefibres_2-600PX.jpg 600w, https:\/\/mavinil.es\/wp-content\/uploads\/2024\/08\/Separaciodefibres_2-600PX-300x92.jpg 300w, https:\/\/mavinil.es\/wp-content\/uploads\/2024\/08\/Separaciodefibres_2-600PX-18x5.jpg 18w\" sizes=\"auto, (max-width: 600px) 100vw, 600px\" \/><\/figure>\n\n\n\n<figure class=\"wp-block-image aligncenter size-full is-resized\"><img loading=\"lazy\" decoding=\"async\" width=\"600\" height=\"396\" src=\"https:\/\/mavinil.es\/wp-content\/uploads\/2024\/08\/manguera-600-PX.jpg\" alt=\"\" class=\"wp-image-605\" style=\"width:450px\" srcset=\"https:\/\/mavinil.es\/wp-content\/uploads\/2024\/08\/manguera-600-PX.jpg 600w, https:\/\/mavinil.es\/wp-content\/uploads\/2024\/08\/manguera-600-PX-300x198.jpg 300w, https:\/\/mavinil.es\/wp-content\/uploads\/2024\/08\/manguera-600-PX-18x12.jpg 18w\" sizes=\"auto, (max-width: 600px) 100vw, 600px\" \/><\/figure>\n<\/div>\n<\/div>\n\n\n\n<div class=\"wp-block-columns is-layout-flex wp-container-core-columns-is-layout-4 wp-block-columns-is-layout-flex\">\n<div class=\"wp-block-column is-layout-flow wp-block-column-is-layout-flow\">\n<figure class=\"wp-block-image size-full is-resized\"><img loading=\"lazy\" decoding=\"async\" width=\"600\" height=\"663\" src=\"https:\/\/mavinil.es\/wp-content\/uploads\/2024\/08\/Separacio-de-fibres-4_600PX.jpg\" alt=\"\" class=\"wp-image-316\" style=\"width:500px\" srcset=\"https:\/\/mavinil.es\/wp-content\/uploads\/2024\/08\/Separacio-de-fibres-4_600PX.jpg 600w, https:\/\/mavinil.es\/wp-content\/uploads\/2024\/08\/Separacio-de-fibres-4_600PX-271x300.jpg 271w, https:\/\/mavinil.es\/wp-content\/uploads\/2024\/08\/Separacio-de-fibres-4_600PX-11x12.jpg 11w\" sizes=\"auto, (max-width: 600px) 100vw, 600px\" \/><\/figure>\n<\/div>\n\n\n\n<div class=\"wp-block-column is-layout-flow wp-block-column-is-layout-flow\">\n<h2 class=\"wp-block-heading has-custom-color-3-color has-text-color has-link-color wp-elements-d2da1ca4bc6dc3eaf3ed37b4f0b54791\" style=\"font-size:clamp(21.536px, 1.346rem + ((1vw - 3.2px) * 1.642), 35px);\">Materiales bicapa<\/h2>\n\n\n\n<p>Consiste en el <strong>reciclaje de materiales compuestos de dos l\u00e1minas diferentes en las cuales, la l\u00e1mina de la base puede ser de PP, PET, PVC, etc<\/strong>.<\/p>\n\n\n\n<p>Habitualmente esta primera l\u00e1mina representa un 80% del total. La segunda m\u00e1s fina, que normalmente tiene la funci\u00f3n de recubrimiento o tapa, est\u00e1 hecha de varios materiales (PM, EVO, PE, etc.) incompatibles con la l\u00e1mina base.<\/p>\n\n\n\n<p>Con el sistema que utilizamos, <strong>conseguimos separar la l\u00e1mina de recubrimiento y as\u00ed aprovechar la l\u00e1mina base<\/strong>.<\/p>\n\n\n\n<p>Como en el caso de la separaci\u00f3n de fibras, utilizamos un proceso totalmente mec\u00e1nico que no degrada en absoluto el material a aprovechar.<\/p>\n\n\n\n<p>Estos materiales a reciclar se generan en muchos sectores; los m\u00e1s habituales son los envases para la alimentaci\u00f3n, envases para los medicamentos o para los art\u00edculos industriales, etc.<\/p>\n\n\n\n<p>El producto obtenido neto es apto para muchos sectores, as\u00ed como la fabricaci\u00f3n de nuevas l\u00e1minas, esquinas, etc.<\/p>\n<\/div>\n<\/div>\n<\/div>\n","protected":false},"excerpt":{"rendered":"<p>Separaci\u00f3n de fibras En Mavinil S.A. hemos optado, dentro del sector del reciclaje, por trabajar materiales que no son reciclables mediante una simple trituraci\u00f3n o granulaci\u00f3n, sino que es necesario efectuar una operaci\u00f3n m\u00e1s compleja, sobre todo cuando hablamos de productos pl\u00e1sticos compuestos de dos o m\u00e1s elementos incompatibles entre ellos a la hora de [&hellip;]<\/p>\n","protected":false},"author":1,"featured_media":0,"parent":0,"menu_order":4,"comment_status":"closed","ping_status":"closed","template":"wp-custom-template-p-gina-sense-t-tol-esp","meta":{"footnotes":""},"class_list":["post-1016","page","type-page","status-publish","hentry"],"_links":{"self":[{"href":"https:\/\/mavinil.es\/index.php\/wp-json\/wp\/v2\/pages\/1016","targetHints":{"allow":["GET"]}}],"collection":[{"href":"https:\/\/mavinil.es\/index.php\/wp-json\/wp\/v2\/pages"}],"about":[{"href":"https:\/\/mavinil.es\/index.php\/wp-json\/wp\/v2\/types\/page"}],"author":[{"embeddable":true,"href":"https:\/\/mavinil.es\/index.php\/wp-json\/wp\/v2\/users\/1"}],"replies":[{"embeddable":true,"href":"https:\/\/mavinil.es\/index.php\/wp-json\/wp\/v2\/comments?post=1016"}],"version-history":[{"count":7,"href":"https:\/\/mavinil.es\/index.php\/wp-json\/wp\/v2\/pages\/1016\/revisions"}],"predecessor-version":[{"id":1368,"href":"https:\/\/mavinil.es\/index.php\/wp-json\/wp\/v2\/pages\/1016\/revisions\/1368"}],"wp:attachment":[{"href":"https:\/\/mavinil.es\/index.php\/wp-json\/wp\/v2\/media?parent=1016"}],"curies":[{"name":"wp","href":"https:\/\/api.w.org\/{rel}","templated":true}]}}