{"id":1019,"date":"2024-08-14T14:33:29","date_gmt":"2024-08-14T14:33:29","guid":{"rendered":"https:\/\/mavinil.es\/?page_id=1019"},"modified":"2024-09-10T17:51:56","modified_gmt":"2024-09-10T17:51:56","slug":"la-compagnie","status":"publish","type":"page","link":"https:\/\/mavinil.es\/index.php\/fr\/la-compagnie\/","title":{"rendered":"Qui som &#8211; FRA"},"content":{"rendered":"\n<div class=\"wp-block-group alignfull has-global-padding is-layout-constrained wp-block-group-is-layout-constrained\" style=\"margin-bottom:50px\">\n<div class=\"wp-block-columns alignfull is-layout-flex wp-container-core-columns-is-layout-1 wp-block-columns-is-layout-flex\">\n<div class=\"wp-block-column is-vertically-aligned-top is-layout-flow wp-block-column-is-layout-flow\">\n<figure class=\"wp-block-image alignfull size-full\"><img loading=\"lazy\" decoding=\"async\" width=\"2500\" height=\"800\" src=\"https:\/\/mavinil.es\/wp-content\/uploads\/2024\/08\/quisom.jpg\" alt=\"\" class=\"wp-image-718\" srcset=\"https:\/\/mavinil.es\/wp-content\/uploads\/2024\/08\/quisom.jpg 2500w, https:\/\/mavinil.es\/wp-content\/uploads\/2024\/08\/quisom-300x96.jpg 300w, https:\/\/mavinil.es\/wp-content\/uploads\/2024\/08\/quisom-1024x328.jpg 1024w, https:\/\/mavinil.es\/wp-content\/uploads\/2024\/08\/quisom-768x246.jpg 768w, https:\/\/mavinil.es\/wp-content\/uploads\/2024\/08\/quisom-1536x492.jpg 1536w, https:\/\/mavinil.es\/wp-content\/uploads\/2024\/08\/quisom-2048x655.jpg 2048w, https:\/\/mavinil.es\/wp-content\/uploads\/2024\/08\/quisom-18x6.jpg 18w\" sizes=\"auto, (max-width: 2500px) 100vw, 2500px\" \/><\/figure>\n<\/div>\n<\/div>\n<\/div>\n\n\n\n<div class=\"wp-block-group has-global-padding is-layout-constrained wp-block-group-is-layout-constrained\">\n<div class=\"wp-block-columns is-layout-flex wp-container-core-columns-is-layout-2 wp-block-columns-is-layout-flex\">\n<div class=\"wp-block-column is-layout-flow wp-block-column-is-layout-flow\">\n<figure class=\"wp-block-image aligncenter size-full\"><img loading=\"lazy\" decoding=\"async\" width=\"263\" height=\"256\" src=\"https:\/\/mavinil.es\/wp-content\/uploads\/2024\/08\/LOGOS-MAVINIL-QUI-SOM-250-PX.png\" alt=\"\" class=\"wp-image-287\" srcset=\"https:\/\/mavinil.es\/wp-content\/uploads\/2024\/08\/LOGOS-MAVINIL-QUI-SOM-250-PX.png 263w, https:\/\/mavinil.es\/wp-content\/uploads\/2024\/08\/LOGOS-MAVINIL-QUI-SOM-250-PX-12x12.png 12w\" sizes=\"auto, (max-width: 263px) 100vw, 263px\" \/><\/figure>\n\n\n\n<p class=\"has-text-align-center has-accent-3-color has-text-color has-link-color wp-elements-55d618c74c72d1580b5531ae6f0935fa\" style=\"font-size:clamp(16.834px, 1.052rem + ((1vw - 3.2px) * 1.118), 26px);font-style:normal;font-weight:600;line-height:1.3\">Depuis 1980, implant\u00e9s \u00e0 Sant Celoni, Barcelone,<br>nous sommes sp\u00e9cialis\u00e9s dans la recherche des meilleures<br>solutions de traitement des mati\u00e8res plastiques.<\/p>\n<\/div>\n<\/div>\n\n\n\n<div class=\"wp-block-columns is-not-stacked-on-mobile is-layout-flex wp-container-core-columns-is-layout-3 wp-block-columns-is-layout-flex\" style=\"margin-top:50px\">\n<div class=\"wp-block-column is-layout-flow wp-block-column-is-layout-flow\" style=\"flex-basis:30%\">\n<figure class=\"wp-block-image alignright size-full is-resized\"><img loading=\"lazy\" decoding=\"async\" width=\"263\" height=\"268\" src=\"https:\/\/mavinil.es\/wp-content\/uploads\/2024\/08\/LOGOS-LATERALS-QUI-SOM-250-PX-08.png\" alt=\"\" class=\"wp-image-265\" style=\"width:100px\" srcset=\"https:\/\/mavinil.es\/wp-content\/uploads\/2024\/08\/LOGOS-LATERALS-QUI-SOM-250-PX-08.png 263w, https:\/\/mavinil.es\/wp-content\/uploads\/2024\/08\/LOGOS-LATERALS-QUI-SOM-250-PX-08-12x12.png 12w\" sizes=\"auto, (max-width: 263px) 100vw, 263px\" \/><\/figure>\n<\/div>\n\n\n\n<div class=\"wp-block-column is-layout-flow wp-block-column-is-layout-flow\" style=\"flex-basis:70%\">\n<p><strong>Nous sommes votre \u00e9quipe de confiance, en constante \u00e9volution pour trouver des solutions efficaces et innovantes, toujours avec d\u2019excellents r\u00e9sultats en mati\u00e8re de service et de qualit\u00e9.<\/strong><\/p>\n\n\n\n<p>Nous pensons que les personnes sont \u00e0 l\u2019origine de l\u2019innovation.<\/p>\n\n\n\n<p>Nous sommes une PME de quinze personnes et <strong>nous \u0153uvrons pour construire un avenir fructueux commun<\/strong>.<\/p>\n<\/div>\n<\/div>\n\n\n\n<div class=\"wp-block-columns is-not-stacked-on-mobile is-layout-flex wp-container-core-columns-is-layout-4 wp-block-columns-is-layout-flex\" style=\"margin-top:20px\">\n<div class=\"wp-block-column is-layout-flow wp-block-column-is-layout-flow\" style=\"flex-basis:30%\">\n<figure class=\"wp-block-image alignright size-full is-resized\"><img loading=\"lazy\" decoding=\"async\" width=\"263\" height=\"264\" src=\"https:\/\/mavinil.es\/wp-content\/uploads\/2024\/08\/LOGOS-LATERALS-QUI-SOM-250-PX-09.png\" alt=\"\" class=\"wp-image-281\" style=\"width:100px\" srcset=\"https:\/\/mavinil.es\/wp-content\/uploads\/2024\/08\/LOGOS-LATERALS-QUI-SOM-250-PX-09.png 263w, https:\/\/mavinil.es\/wp-content\/uploads\/2024\/08\/LOGOS-LATERALS-QUI-SOM-250-PX-09-150x150.png 150w, https:\/\/mavinil.es\/wp-content\/uploads\/2024\/08\/LOGOS-LATERALS-QUI-SOM-250-PX-09-12x12.png 12w\" sizes=\"auto, (max-width: 263px) 100vw, 263px\" \/><\/figure>\n<\/div>\n\n\n\n<div class=\"wp-block-column is-layout-flow wp-block-column-is-layout-flow\" style=\"flex-basis:70%\">\n<p>Nous disposons d\u2019une <strong>usine de production<\/strong> comprenant <strong>deux b\u00e2timents de 2&nbsp;800&nbsp;m\u00b2<\/strong> implant\u00e9s sur un <strong>site industriel de plus de 25&nbsp;000&nbsp;m\u00b2<\/strong>.<br><br>Cette infrastructure nous permet de r\u00e9aliser <strong>cinq activit\u00e9s diff\u00e9rentes<\/strong>: quatre <strong>dans le secteur du recyclage des mati\u00e8res plastiques<\/strong> et la cinqui\u00e8me dans <strong>le traitement des mati\u00e8res premi\u00e8res pour la production de polym\u00e8res<\/strong>.<\/p>\n<\/div>\n<\/div>\n\n\n\n<div class=\"wp-block-columns is-not-stacked-on-mobile is-layout-flex wp-container-core-columns-is-layout-5 wp-block-columns-is-layout-flex\" style=\"margin-top:20px\">\n<div class=\"wp-block-column is-layout-flow wp-block-column-is-layout-flow\" style=\"flex-basis:30%\">\n<figure class=\"wp-block-image alignright size-full is-resized\"><img loading=\"lazy\" decoding=\"async\" width=\"263\" height=\"256\" src=\"https:\/\/mavinil.es\/wp-content\/uploads\/2024\/08\/LOGOS-LATERALS-QUI-SOM-250-PX-10.png\" alt=\"\" class=\"wp-image-285\" style=\"width:100px\" srcset=\"https:\/\/mavinil.es\/wp-content\/uploads\/2024\/08\/LOGOS-LATERALS-QUI-SOM-250-PX-10.png 263w, https:\/\/mavinil.es\/wp-content\/uploads\/2024\/08\/LOGOS-LATERALS-QUI-SOM-250-PX-10-12x12.png 12w\" sizes=\"auto, (max-width: 263px) 100vw, 263px\" \/><\/figure>\n<\/div>\n\n\n\n<div class=\"wp-block-column is-layout-flow wp-block-column-is-layout-flow\" style=\"flex-basis:70%\">\n<p><strong>Engag\u00e9s envers la durabilit\u00e9.<\/strong> Nous encourageons la croissance \u00e9conomique durable, l\u2019\u00e9quilibre environnemental et la responsabilit\u00e9 sociale.<\/p>\n<\/div>\n<\/div>\n\n\n\n<div class=\"wp-block-columns is-not-stacked-on-mobile is-layout-flex wp-container-core-columns-is-layout-6 wp-block-columns-is-layout-flex\" style=\"margin-top:20px\">\n<div class=\"wp-block-column is-layout-flow wp-block-column-is-layout-flow\" style=\"flex-basis:30%\">\n<figure class=\"wp-block-image alignright size-full is-resized\"><img loading=\"lazy\" decoding=\"async\" width=\"263\" height=\"256\" src=\"https:\/\/mavinil.es\/wp-content\/uploads\/2024\/08\/LOGOS-LATERALS-QUI-SOM-250-PX-11.png\" alt=\"\" class=\"wp-image-293\" style=\"width:100px\" srcset=\"https:\/\/mavinil.es\/wp-content\/uploads\/2024\/08\/LOGOS-LATERALS-QUI-SOM-250-PX-11.png 263w, https:\/\/mavinil.es\/wp-content\/uploads\/2024\/08\/LOGOS-LATERALS-QUI-SOM-250-PX-11-12x12.png 12w\" sizes=\"auto, (max-width: 263px) 100vw, 263px\" \/><\/figure>\n<\/div>\n\n\n\n<div class=\"wp-block-column is-layout-flow wp-block-column-is-layout-flow\" style=\"flex-basis:70%\">\n<p style=\"font-size:clamp(14px, 0.875rem + ((1vw - 3.2px) * 0.732), 20px);\"><strong>Licences<\/strong><\/p>\n\n\n\n<p style=\"margin-top:0px;margin-bottom:0px\"><strong>Nous poss\u00e9dons toutes les autorisations requises<\/strong> pour mener \u00e0 bien nos activit\u00e9s:<\/p>\n\n\n\n<ul class=\"wp-block-list\" style=\"margin-top:0px;margin-bottom:0px\">\n<li>Licence d\u2019activit\u00e9 municipale, qui comprend le respect des normes environnementales nationales en vigueur dans l\u2019\u00e9tat.<\/li>\n\n\n\n<li>Autorisation du service de l\u2019industrie de la Generalitat de Catalunya.<\/li>\n\n\n\n<li>Autorisation de gestion des r\u00e9sidus sous le code&nbsp;215\/02, d\u00e9livr\u00e9e par le service de l\u2019environnement de la Generalitat de Catalunya.<\/li>\n\n\n\n<li>Nous respectons tous les param\u00e8tres de s\u00e9curit\u00e9 professionnelle et de responsabilit\u00e9 civile.<\/li>\n<\/ul>\n<\/div>\n<\/div>\n<\/div>\n","protected":false},"excerpt":{"rendered":"<p>Depuis 1980, implant\u00e9s \u00e0 Sant Celoni, Barcelone,nous sommes sp\u00e9cialis\u00e9s dans la recherche des meilleuressolutions de traitement des mati\u00e8res plastiques. Nous sommes votre \u00e9quipe de confiance, en constante \u00e9volution pour trouver des solutions efficaces et innovantes, toujours avec d\u2019excellents r\u00e9sultats en mati\u00e8re de service et de qualit\u00e9. Nous pensons que les personnes sont \u00e0 l\u2019origine de [&hellip;]<\/p>\n","protected":false},"author":1,"featured_media":0,"parent":0,"menu_order":1,"comment_status":"closed","ping_status":"closed","template":"wp-custom-template-p-gina-sense-t-tol-fra","meta":{"footnotes":""},"class_list":["post-1019","page","type-page","status-publish","hentry"],"_links":{"self":[{"href":"https:\/\/mavinil.es\/index.php\/wp-json\/wp\/v2\/pages\/1019","targetHints":{"allow":["GET"]}}],"collection":[{"href":"https:\/\/mavinil.es\/index.php\/wp-json\/wp\/v2\/pages"}],"about":[{"href":"https:\/\/mavinil.es\/index.php\/wp-json\/wp\/v2\/types\/page"}],"author":[{"embeddable":true,"href":"https:\/\/mavinil.es\/index.php\/wp-json\/wp\/v2\/users\/1"}],"replies":[{"embeddable":true,"href":"https:\/\/mavinil.es\/index.php\/wp-json\/wp\/v2\/comments?post=1019"}],"version-history":[{"count":6,"href":"https:\/\/mavinil.es\/index.php\/wp-json\/wp\/v2\/pages\/1019\/revisions"}],"predecessor-version":[{"id":1240,"href":"https:\/\/mavinil.es\/index.php\/wp-json\/wp\/v2\/pages\/1019\/revisions\/1240"}],"wp:attachment":[{"href":"https:\/\/mavinil.es\/index.php\/wp-json\/wp\/v2\/media?parent=1019"}],"curies":[{"name":"wp","href":"https:\/\/api.w.org\/{rel}","templated":true}]}}