{"id":1022,"date":"2024-08-14T14:34:25","date_gmt":"2024-08-14T14:34:25","guid":{"rendered":"https:\/\/mavinil.es\/?page_id=1022"},"modified":"2024-09-10T17:35:15","modified_gmt":"2024-09-10T17:35:15","slug":"dechiquetage","status":"publish","type":"page","link":"https:\/\/mavinil.es\/index.php\/fr\/dechiquetage\/","title":{"rendered":"Trituraci\u00f3 &#8211; FRA"},"content":{"rendered":"\n<div class=\"wp-block-group alignfull has-global-padding is-layout-constrained wp-block-group-is-layout-constrained\" style=\"margin-bottom:50px\">\n<div class=\"wp-block-columns alignfull is-layout-flex wp-container-core-columns-is-layout-1 wp-block-columns-is-layout-flex\">\n<div class=\"wp-block-column is-vertically-aligned-top is-layout-flow wp-block-column-is-layout-flow\">\n<figure class=\"wp-block-image alignfull size-full\"><img loading=\"lazy\" decoding=\"async\" width=\"2500\" height=\"800\" src=\"https:\/\/mavinil.es\/wp-content\/uploads\/2024\/08\/trituracio-1.jpg\" alt=\"\" class=\"wp-image-696\" srcset=\"https:\/\/mavinil.es\/wp-content\/uploads\/2024\/08\/trituracio-1.jpg 2500w, https:\/\/mavinil.es\/wp-content\/uploads\/2024\/08\/trituracio-1-300x96.jpg 300w, https:\/\/mavinil.es\/wp-content\/uploads\/2024\/08\/trituracio-1-1024x328.jpg 1024w, https:\/\/mavinil.es\/wp-content\/uploads\/2024\/08\/trituracio-1-768x246.jpg 768w, https:\/\/mavinil.es\/wp-content\/uploads\/2024\/08\/trituracio-1-1536x492.jpg 1536w, https:\/\/mavinil.es\/wp-content\/uploads\/2024\/08\/trituracio-1-2048x655.jpg 2048w, https:\/\/mavinil.es\/wp-content\/uploads\/2024\/08\/trituracio-1-18x6.jpg 18w\" sizes=\"auto, (max-width: 2500px) 100vw, 2500px\" \/><\/figure>\n<\/div>\n<\/div>\n<\/div>\n\n\n\n<div class=\"wp-block-group has-global-padding is-layout-constrained wp-block-group-is-layout-constrained\">\n<div class=\"wp-block-group is-nowrap is-layout-flex wp-container-core-group-is-layout-2 wp-block-group-is-layout-flex\">\n<figure class=\"wp-block-image size-full is-resized\"><img loading=\"lazy\" decoding=\"async\" width=\"249\" height=\"248\" src=\"https:\/\/mavinil.es\/wp-content\/uploads\/2024\/08\/icones-apartats-250-PX-1.png\" alt=\"\" class=\"wp-image-324\" style=\"width:120px\" srcset=\"https:\/\/mavinil.es\/wp-content\/uploads\/2024\/08\/icones-apartats-250-PX-1.png 249w, https:\/\/mavinil.es\/wp-content\/uploads\/2024\/08\/icones-apartats-250-PX-1-150x150.png 150w, https:\/\/mavinil.es\/wp-content\/uploads\/2024\/08\/icones-apartats-250-PX-1-12x12.png 12w\" sizes=\"auto, (max-width: 249px) 100vw, 249px\" \/><\/figure>\n\n\n\n<h2 class=\"wp-block-heading has-custom-color-1-color has-text-color has-link-color wp-elements-a1ad6c5e49fea6c102d50b5f22248d88\" style=\"margin-top:0px;margin-right:0px;margin-bottom:0px;margin-left:0px\">Broyage<\/h2>\n<\/div>\n\n\n\n<div class=\"wp-block-columns is-layout-flex wp-container-core-columns-is-layout-2 wp-block-columns-is-layout-flex\">\n<div class=\"wp-block-column is-layout-flow wp-block-column-is-layout-flow\" style=\"flex-basis:50%\">\n<p>Nous disposons de 4&nbsp;installations \u00e9quip\u00e9es pour broyer tout type de polym\u00e8res de 4 \u00e0 12&nbsp;mm.<\/p>\n\n\n\n<p>M\u00eame si nous travaillons principalement avec le PVC, ces installations peuvent \u00e9galement traiter d\u2019autres types de polym\u00e8res (PP, PS, PU, PE, etc.).<\/p>\n\n\n\n<p>Nos installations sont dot\u00e9es d\u2019un syst\u00e8me de refroidissement hydraulique afin d\u2019\u00e9viter la surchauffe du mat\u00e9riau dans la chambre de broyage,<\/p>\n\n\n\n<p>et par cons\u00e9quent la d\u00e9gradation du produit, et afin d\u2019obtenir le format appropri\u00e9 de copeaux broy\u00e9s.<\/p>\n<\/div>\n\n\n\n<div class=\"wp-block-column is-layout-flow wp-block-column-is-layout-flow\" style=\"flex-basis:50%\">\n<figure class=\"wp-block-image size-full\"><img loading=\"lazy\" decoding=\"async\" width=\"600\" height=\"400\" src=\"https:\/\/mavinil.es\/wp-content\/uploads\/2024\/08\/TRITURACIO_INTERIOR-600PX.jpg\" alt=\"\" class=\"wp-image-310\" srcset=\"https:\/\/mavinil.es\/wp-content\/uploads\/2024\/08\/TRITURACIO_INTERIOR-600PX.jpg 600w, https:\/\/mavinil.es\/wp-content\/uploads\/2024\/08\/TRITURACIO_INTERIOR-600PX-300x200.jpg 300w, https:\/\/mavinil.es\/wp-content\/uploads\/2024\/08\/TRITURACIO_INTERIOR-600PX-18x12.jpg 18w\" sizes=\"auto, (max-width: 600px) 100vw, 600px\" \/><\/figure>\n<\/div>\n<\/div>\n\n\n\n<div class=\"wp-block-columns is-layout-flex wp-container-core-columns-is-layout-3 wp-block-columns-is-layout-flex\">\n<div class=\"wp-block-column is-layout-flow wp-block-column-is-layout-flow\">\n<figure class=\"wp-block-image size-full\"><img loading=\"lazy\" decoding=\"async\" width=\"800\" height=\"400\" src=\"https:\/\/mavinil.es\/wp-content\/uploads\/2024\/08\/sacsBb.jpg\" alt=\"\" class=\"wp-image-720\" srcset=\"https:\/\/mavinil.es\/wp-content\/uploads\/2024\/08\/sacsBb.jpg 800w, https:\/\/mavinil.es\/wp-content\/uploads\/2024\/08\/sacsBb-300x150.jpg 300w, https:\/\/mavinil.es\/wp-content\/uploads\/2024\/08\/sacsBb-768x384.jpg 768w, https:\/\/mavinil.es\/wp-content\/uploads\/2024\/08\/sacsBb-18x9.jpg 18w\" sizes=\"auto, (max-width: 800px) 100vw, 800px\" \/><\/figure>\n<\/div>\n\n\n\n<div class=\"wp-block-column is-layout-flow wp-block-column-is-layout-flow\">\n<p>Pour \u00e9viter le faible risque de contamination du mat\u00e9riau avec des mati\u00e8res ferriques, nos installations sont pourvues d\u2019un syst\u00e8me magn\u00e9tique et de d\u00e9tection des m\u00e9taux.<\/p>\n\n\n\n<p>Enfin, le mat\u00e9riau passe par un syst\u00e8me d\u2019homog\u00e9n\u00e9isation d\u2019une capacit\u00e9 de 14&nbsp;t.<\/p>\n\n\n\n<p>Une fois le produit fini, il est livr\u00e9 dans des big bags sur palettes dont le poids est compris entre 500 et 1&nbsp;500&nbsp;kg.<\/p>\n<\/div>\n<\/div>\n<\/div>\n","protected":false},"excerpt":{"rendered":"<p>Broyage Nous disposons de 4&nbsp;installations \u00e9quip\u00e9es pour broyer tout type de polym\u00e8res de 4 \u00e0 12&nbsp;mm. M\u00eame si nous travaillons principalement avec le PVC, ces installations peuvent \u00e9galement traiter d\u2019autres types de polym\u00e8res (PP, PS, PU, PE, etc.). Nos installations sont dot\u00e9es d\u2019un syst\u00e8me de refroidissement hydraulique afin d\u2019\u00e9viter la surchauffe du mat\u00e9riau dans la [&hellip;]<\/p>\n","protected":false},"author":1,"featured_media":0,"parent":0,"menu_order":2,"comment_status":"closed","ping_status":"closed","template":"wp-custom-template-p-gina-sense-t-tol-fra","meta":{"footnotes":""},"class_list":["post-1022","page","type-page","status-publish","hentry"],"_links":{"self":[{"href":"https:\/\/mavinil.es\/index.php\/wp-json\/wp\/v2\/pages\/1022","targetHints":{"allow":["GET"]}}],"collection":[{"href":"https:\/\/mavinil.es\/index.php\/wp-json\/wp\/v2\/pages"}],"about":[{"href":"https:\/\/mavinil.es\/index.php\/wp-json\/wp\/v2\/types\/page"}],"author":[{"embeddable":true,"href":"https:\/\/mavinil.es\/index.php\/wp-json\/wp\/v2\/users\/1"}],"replies":[{"embeddable":true,"href":"https:\/\/mavinil.es\/index.php\/wp-json\/wp\/v2\/comments?post=1022"}],"version-history":[{"count":5,"href":"https:\/\/mavinil.es\/index.php\/wp-json\/wp\/v2\/pages\/1022\/revisions"}],"predecessor-version":[{"id":1224,"href":"https:\/\/mavinil.es\/index.php\/wp-json\/wp\/v2\/pages\/1022\/revisions\/1224"}],"wp:attachment":[{"href":"https:\/\/mavinil.es\/index.php\/wp-json\/wp\/v2\/media?parent=1022"}],"curies":[{"name":"wp","href":"https:\/\/api.w.org\/{rel}","templated":true}]}}