{"id":1025,"date":"2024-08-14T14:35:49","date_gmt":"2024-08-14T14:35:49","guid":{"rendered":"https:\/\/mavinil.es\/?page_id=1025"},"modified":"2024-09-10T17:37:13","modified_gmt":"2024-09-10T17:37:13","slug":"micronisation","status":"publish","type":"page","link":"https:\/\/mavinil.es\/index.php\/fr\/micronisation\/","title":{"rendered":"Micronitzaci\u00f3 &#8211; FRA"},"content":{"rendered":"\n<div class=\"wp-block-group alignfull has-global-padding is-layout-constrained wp-block-group-is-layout-constrained\" style=\"margin-bottom:50px\">\n<div class=\"wp-block-columns alignfull is-layout-flex wp-container-core-columns-is-layout-1 wp-block-columns-is-layout-flex\">\n<div class=\"wp-block-column is-layout-flow wp-block-column-is-layout-flow\">\n<figure class=\"wp-block-image alignfull size-full\"><img loading=\"lazy\" decoding=\"async\" width=\"2500\" height=\"800\" src=\"https:\/\/mavinil.es\/wp-content\/uploads\/2024\/08\/micro.jpg\" alt=\"\" class=\"wp-image-698\" srcset=\"https:\/\/mavinil.es\/wp-content\/uploads\/2024\/08\/micro.jpg 2500w, https:\/\/mavinil.es\/wp-content\/uploads\/2024\/08\/micro-300x96.jpg 300w, https:\/\/mavinil.es\/wp-content\/uploads\/2024\/08\/micro-1024x328.jpg 1024w, https:\/\/mavinil.es\/wp-content\/uploads\/2024\/08\/micro-768x246.jpg 768w, https:\/\/mavinil.es\/wp-content\/uploads\/2024\/08\/micro-1536x492.jpg 1536w, https:\/\/mavinil.es\/wp-content\/uploads\/2024\/08\/micro-2048x655.jpg 2048w, https:\/\/mavinil.es\/wp-content\/uploads\/2024\/08\/micro-18x6.jpg 18w\" sizes=\"auto, (max-width: 2500px) 100vw, 2500px\" \/><\/figure>\n<\/div>\n<\/div>\n<\/div>\n\n\n\n<div class=\"wp-block-group has-global-padding is-layout-constrained wp-block-group-is-layout-constrained\">\n<div class=\"wp-block-group is-nowrap is-layout-flex wp-container-core-group-is-layout-2 wp-block-group-is-layout-flex\">\n<figure class=\"wp-block-image size-full is-resized\"><img loading=\"lazy\" decoding=\"async\" width=\"249\" height=\"248\" src=\"https:\/\/mavinil.es\/wp-content\/uploads\/2024\/08\/icones-apartats-250-PX_Mesa-de-trabajo-1-copia.png\" alt=\"\" class=\"wp-image-325\" style=\"width:120px\" srcset=\"https:\/\/mavinil.es\/wp-content\/uploads\/2024\/08\/icones-apartats-250-PX_Mesa-de-trabajo-1-copia.png 249w, https:\/\/mavinil.es\/wp-content\/uploads\/2024\/08\/icones-apartats-250-PX_Mesa-de-trabajo-1-copia-150x150.png 150w, https:\/\/mavinil.es\/wp-content\/uploads\/2024\/08\/icones-apartats-250-PX_Mesa-de-trabajo-1-copia-12x12.png 12w\" sizes=\"auto, (max-width: 249px) 100vw, 249px\" \/><\/figure>\n\n\n\n<h2 class=\"wp-block-heading has-custom-color-2-color has-text-color has-link-color wp-elements-19db4ccbbbc3a1b964a059ac65570955\">Micronisation<\/h2>\n<\/div>\n\n\n\n<div class=\"wp-block-columns is-layout-flex wp-container-core-columns-is-layout-2 wp-block-columns-is-layout-flex\">\n<div class=\"wp-block-column is-layout-flow wp-block-column-is-layout-flow\">\n<figure class=\"wp-block-image size-full\"><img loading=\"lazy\" decoding=\"async\" width=\"600\" height=\"300\" src=\"https:\/\/mavinil.es\/wp-content\/uploads\/2024\/08\/MICRONITZACIO_INTERIOR.jpg\" alt=\"\" class=\"wp-image-312\" srcset=\"https:\/\/mavinil.es\/wp-content\/uploads\/2024\/08\/MICRONITZACIO_INTERIOR.jpg 600w, https:\/\/mavinil.es\/wp-content\/uploads\/2024\/08\/MICRONITZACIO_INTERIOR-300x150.jpg 300w, https:\/\/mavinil.es\/wp-content\/uploads\/2024\/08\/MICRONITZACIO_INTERIOR-18x9.jpg 18w\" sizes=\"auto, (max-width: 600px) 100vw, 600px\" \/><\/figure>\n<\/div>\n\n\n\n<div class=\"wp-block-column is-layout-flow wp-block-column-is-layout-flow\">\n<p>Actuellement, Mavinil SA dispose de trois installations enti\u00e8rement \u00e9quip\u00e9es pour la micronisation \u00e0 l\u2019aide d\u2019un syst\u00e8me cryog\u00e9nique.<\/p>\n\n\n\n<p><strong><strong>Ce proc\u00e9d\u00e9 nous permet de moudre le produit \u00e0 une granulom\u00e9trie comprise entre 500 et 2\u00a0000\u00a0\u00b5m<\/strong>.<\/strong><\/p>\n\n\n\n<p>Le syst\u00e8me de refroidissement que nous employons est d\u00e9velopp\u00e9 dans notre entreprise.<\/p>\n\n\n\n<p>Pour finir, le mat\u00e9riau est homog\u00e9n\u00e9is\u00e9 et pr\u00e9par\u00e9 en lots<\/p>\n\n\n\n<p>pouvant aller jusqu\u2019\u00e0 14\u00a0t, dans des <em>big bags<\/em> sur palettes dont le poids est compris entre 500 et 1\u00a0500\u00a0kg.<\/p>\n<\/div>\n<\/div>\n\n\n\n<div class=\"wp-block-columns is-layout-flex wp-container-core-columns-is-layout-3 wp-block-columns-is-layout-flex\">\n<div class=\"wp-block-column is-layout-flow wp-block-column-is-layout-flow\">\n<p>Ce syst\u00e8me de travail garantit un produit de <strong>tr\u00e8s bonne qualit\u00e9<\/strong>, avec divers indicateurs:<\/p>\n\n\n\n<ul class=\"wp-block-list\">\n<li>La granulom\u00e9trie est tr\u00e8s uniforme, il y a donc peu de \u00abfins\u00bb.<\/li>\n\n\n\n<li>Le mat\u00e9riau est exempt d\u2019humidit\u00e9.<\/li>\n\n\n\n<li>Ce processus permet un m\u00e9lange uniforme avec d\u2019autres mati\u00e8res premi\u00e8res, si n\u00e9cessaire.<\/li>\n\n\n\n<li>Il permet \u00e9galement d\u2019utiliser le mat\u00e9riau seul, sans le m\u00e9langer \u00e0 des mati\u00e8res premi\u00e8res.<\/li>\n<\/ul>\n<\/div>\n\n\n\n<div class=\"wp-block-column is-layout-flow wp-block-column-is-layout-flow\">\n<figure class=\"wp-block-image size-full\"><img loading=\"lazy\" decoding=\"async\" width=\"800\" height=\"400\" src=\"https:\/\/mavinil.es\/wp-content\/uploads\/2024\/08\/sacsBb.jpg\" alt=\"\" class=\"wp-image-720\" srcset=\"https:\/\/mavinil.es\/wp-content\/uploads\/2024\/08\/sacsBb.jpg 800w, https:\/\/mavinil.es\/wp-content\/uploads\/2024\/08\/sacsBb-300x150.jpg 300w, https:\/\/mavinil.es\/wp-content\/uploads\/2024\/08\/sacsBb-768x384.jpg 768w, https:\/\/mavinil.es\/wp-content\/uploads\/2024\/08\/sacsBb-18x9.jpg 18w\" sizes=\"auto, (max-width: 800px) 100vw, 800px\" \/><\/figure>\n<\/div>\n<\/div>\n<\/div>\n","protected":false},"excerpt":{"rendered":"<p>Micronisation Actuellement, Mavinil SA dispose de trois installations enti\u00e8rement \u00e9quip\u00e9es pour la micronisation \u00e0 l\u2019aide d\u2019un syst\u00e8me cryog\u00e9nique. Ce proc\u00e9d\u00e9 nous permet de moudre le produit \u00e0 une granulom\u00e9trie comprise entre 500 et 2\u00a0000\u00a0\u00b5m. Le syst\u00e8me de refroidissement que nous employons est d\u00e9velopp\u00e9 dans notre entreprise. Pour finir, le mat\u00e9riau est homog\u00e9n\u00e9is\u00e9 et pr\u00e9par\u00e9 en [&hellip;]<\/p>\n","protected":false},"author":1,"featured_media":0,"parent":0,"menu_order":3,"comment_status":"closed","ping_status":"closed","template":"wp-custom-template-p-gina-sense-t-tol-fra","meta":{"footnotes":""},"class_list":["post-1025","page","type-page","status-publish","hentry"],"_links":{"self":[{"href":"https:\/\/mavinil.es\/index.php\/wp-json\/wp\/v2\/pages\/1025","targetHints":{"allow":["GET"]}}],"collection":[{"href":"https:\/\/mavinil.es\/index.php\/wp-json\/wp\/v2\/pages"}],"about":[{"href":"https:\/\/mavinil.es\/index.php\/wp-json\/wp\/v2\/types\/page"}],"author":[{"embeddable":true,"href":"https:\/\/mavinil.es\/index.php\/wp-json\/wp\/v2\/users\/1"}],"replies":[{"embeddable":true,"href":"https:\/\/mavinil.es\/index.php\/wp-json\/wp\/v2\/comments?post=1025"}],"version-history":[{"count":5,"href":"https:\/\/mavinil.es\/index.php\/wp-json\/wp\/v2\/pages\/1025\/revisions"}],"predecessor-version":[{"id":1226,"href":"https:\/\/mavinil.es\/index.php\/wp-json\/wp\/v2\/pages\/1025\/revisions\/1226"}],"wp:attachment":[{"href":"https:\/\/mavinil.es\/index.php\/wp-json\/wp\/v2\/media?parent=1025"}],"curies":[{"name":"wp","href":"https:\/\/api.w.org\/{rel}","templated":true}]}}