{"id":1028,"date":"2024-08-14T14:36:29","date_gmt":"2024-08-14T14:36:29","guid":{"rendered":"https:\/\/mavinil.es\/?page_id=1028"},"modified":"2024-09-10T17:40:08","modified_gmt":"2024-09-10T17:40:08","slug":"separation-des-fibres-fra","status":"publish","type":"page","link":"https:\/\/mavinil.es\/index.php\/fr\/separation-des-fibres-fra\/","title":{"rendered":"Separaci\u00f3 de fibres &#8211; FRA"},"content":{"rendered":"\n<div class=\"wp-block-group alignfull has-global-padding is-layout-constrained wp-block-group-is-layout-constrained\" style=\"margin-bottom:50px\">\n<div class=\"wp-block-columns alignfull is-layout-flex wp-container-core-columns-is-layout-1 wp-block-columns-is-layout-flex\">\n<div class=\"wp-block-column is-vertically-aligned-top is-layout-flow wp-block-column-is-layout-flow\">\n<figure class=\"wp-block-image alignfull size-full\"><img loading=\"lazy\" decoding=\"async\" width=\"2500\" height=\"800\" src=\"https:\/\/mavinil.es\/wp-content\/uploads\/2024\/08\/separacio.jpg\" alt=\"\" class=\"wp-image-700\" srcset=\"https:\/\/mavinil.es\/wp-content\/uploads\/2024\/08\/separacio.jpg 2500w, https:\/\/mavinil.es\/wp-content\/uploads\/2024\/08\/separacio-300x96.jpg 300w, https:\/\/mavinil.es\/wp-content\/uploads\/2024\/08\/separacio-1024x328.jpg 1024w, https:\/\/mavinil.es\/wp-content\/uploads\/2024\/08\/separacio-768x246.jpg 768w, https:\/\/mavinil.es\/wp-content\/uploads\/2024\/08\/separacio-1536x492.jpg 1536w, https:\/\/mavinil.es\/wp-content\/uploads\/2024\/08\/separacio-2048x655.jpg 2048w, https:\/\/mavinil.es\/wp-content\/uploads\/2024\/08\/separacio-18x6.jpg 18w\" sizes=\"auto, (max-width: 2500px) 100vw, 2500px\" \/><\/figure>\n<\/div>\n<\/div>\n<\/div>\n\n\n\n<div class=\"wp-block-group has-global-padding is-layout-constrained wp-block-group-is-layout-constrained\">\n<div class=\"wp-block-group is-nowrap is-layout-flex wp-container-core-group-is-layout-2 wp-block-group-is-layout-flex\">\n<figure class=\"wp-block-image size-full is-resized\"><img loading=\"lazy\" decoding=\"async\" width=\"249\" height=\"248\" src=\"https:\/\/mavinil.es\/wp-content\/uploads\/2024\/08\/icones-apartats-250-PX_Mesa-de-trabajo-1-copia-2.png\" alt=\"\" class=\"wp-image-326\" style=\"width:120px\" srcset=\"https:\/\/mavinil.es\/wp-content\/uploads\/2024\/08\/icones-apartats-250-PX_Mesa-de-trabajo-1-copia-2.png 249w, https:\/\/mavinil.es\/wp-content\/uploads\/2024\/08\/icones-apartats-250-PX_Mesa-de-trabajo-1-copia-2-150x150.png 150w, https:\/\/mavinil.es\/wp-content\/uploads\/2024\/08\/icones-apartats-250-PX_Mesa-de-trabajo-1-copia-2-12x12.png 12w\" sizes=\"auto, (max-width: 249px) 100vw, 249px\" \/><\/figure>\n\n\n\n<h2 class=\"wp-block-heading has-custom-color-3-color has-text-color has-link-color wp-elements-e5f6f76c10ca0eecf2e62d7b6452863a\"><a href=\"https:\/\/mavinil.es\/index.php\/separacio-de-fibres\/\">S\u00e9paration de fibres<\/a><\/h2>\n<\/div>\n\n\n\n<div class=\"wp-block-columns is-layout-flex wp-container-core-columns-is-layout-2 wp-block-columns-is-layout-flex\">\n<div class=\"wp-block-column is-layout-flow wp-block-column-is-layout-flow\">\n<figure class=\"wp-block-image size-full\"><img loading=\"lazy\" decoding=\"async\" width=\"600\" height=\"401\" src=\"https:\/\/mavinil.es\/wp-content\/uploads\/2024\/08\/Separacio-de-fibres-600PX.jpg\" alt=\"\" class=\"wp-image-313\" srcset=\"https:\/\/mavinil.es\/wp-content\/uploads\/2024\/08\/Separacio-de-fibres-600PX.jpg 600w, https:\/\/mavinil.es\/wp-content\/uploads\/2024\/08\/Separacio-de-fibres-600PX-300x201.jpg 300w, https:\/\/mavinil.es\/wp-content\/uploads\/2024\/08\/Separacio-de-fibres-600PX-18x12.jpg 18w\" sizes=\"auto, (max-width: 600px) 100vw, 600px\" \/><\/figure>\n<\/div>\n\n\n\n<div class=\"wp-block-column is-layout-flow wp-block-column-is-layout-flow\">\n<p>Chez Mavinil SA, dans le secteur du recyclage, nous optons pour le travail de mat\u00e9riaux ne pouvant \u00eatre recycl\u00e9s par simple broyage ou granulation, mais par l\u2019interm\u00e9diaire d\u2019une op\u00e9ration plus complexe, notamment pour les produits plastiques compos\u00e9s de plusieurs \u00e9l\u00e9ments incompatibles entre eux lors de leur r\u00e9utilisation. C\u2019est le cas des <strong>mat\u00e9riaux \u00e0 base de fibre ou des mat\u00e9riaux bicouches.<\/strong><br><br>Ce processus repr\u00e9sente de nombreuses ann\u00e9es de travail pour mettre au point nos propres machines capables de s\u00e9parer les diff\u00e9rents mat\u00e9riaux plastiques compos\u00e9s \u00e9voqu\u00e9s.<\/p>\n<\/div>\n<\/div>\n\n\n\n<div class=\"wp-block-columns is-layout-flex wp-container-core-columns-is-layout-3 wp-block-columns-is-layout-flex\">\n<div class=\"wp-block-column is-layout-flow wp-block-column-is-layout-flow\">\n<h2 class=\"wp-block-heading has-custom-color-3-color has-text-color has-link-color wp-elements-346f1566433d43c7f84d20c6000dc3be\" style=\"font-size:clamp(21.536px, 1.346rem + ((1vw - 3.2px) * 1.642), 35px);\">Mat\u00e9riaux \u00e0 base de fibre<\/h2>\n\n\n\n<p>Chez Mavinil SA, nous avons mis en place une <strong>installation permettant de mener le processus de recyclage des mat\u00e9riaux plastiques renforc\u00e9s en fibre textile, g\u00e9n\u00e9ralement en polyester, mais aussi en coton ou en polypropyl\u00e8ne.<\/strong><\/p>\n\n\n\n<p><strong>Nous effectuons la s\u00e9paration de la fibre<\/strong> dans nos installations <strong>et nous obtenons le mat\u00e9riau plastique propre, d\u2019une qualit\u00e9 maximale d\u2019impuret\u00e9 de 0,001\u00a0%.<\/strong><\/p>\n\n\n\n<p>Les mat\u00e9riaux avec lesquels nous travaillons proviennent de diff\u00e9rents secteurs&nbsp;:<br><\/p>\n\n\n\n<p>couches d\u2019isolation ou d\u2019imperm\u00e9abilisation, tuyaux de jardin, tapis de convoyeur, affiches publicitaires, etc.<\/p>\n\n\n\n<p><strong>Le syst\u00e8me que nous employons est enti\u00e8rement m\u00e9canique, sans aucun produit chimique.<\/strong> Cela \u00e9vite la d\u00e9gradation du mat\u00e9riau, qui peut \u00eatre utilis\u00e9 pour fabriquer le m\u00eame mat\u00e9riau que celui d\u2019origine.<\/p>\n<\/div>\n\n\n\n<div class=\"wp-block-column is-layout-flow wp-block-column-is-layout-flow\">\n<figure class=\"wp-block-image size-full\"><img loading=\"lazy\" decoding=\"async\" width=\"600\" height=\"183\" src=\"https:\/\/mavinil.es\/wp-content\/uploads\/2024\/08\/Separaciodefibres_2-600PX.jpg\" alt=\"\" class=\"wp-image-314\" srcset=\"https:\/\/mavinil.es\/wp-content\/uploads\/2024\/08\/Separaciodefibres_2-600PX.jpg 600w, https:\/\/mavinil.es\/wp-content\/uploads\/2024\/08\/Separaciodefibres_2-600PX-300x92.jpg 300w, https:\/\/mavinil.es\/wp-content\/uploads\/2024\/08\/Separaciodefibres_2-600PX-18x5.jpg 18w\" sizes=\"auto, (max-width: 600px) 100vw, 600px\" \/><\/figure>\n\n\n\n<figure class=\"wp-block-image aligncenter size-full is-resized\"><img loading=\"lazy\" decoding=\"async\" width=\"600\" height=\"396\" src=\"https:\/\/mavinil.es\/wp-content\/uploads\/2024\/08\/manguera-600-PX.jpg\" alt=\"\" class=\"wp-image-605\" style=\"width:450px\" srcset=\"https:\/\/mavinil.es\/wp-content\/uploads\/2024\/08\/manguera-600-PX.jpg 600w, https:\/\/mavinil.es\/wp-content\/uploads\/2024\/08\/manguera-600-PX-300x198.jpg 300w, https:\/\/mavinil.es\/wp-content\/uploads\/2024\/08\/manguera-600-PX-18x12.jpg 18w\" sizes=\"auto, (max-width: 600px) 100vw, 600px\" \/><\/figure>\n<\/div>\n<\/div>\n\n\n\n<div class=\"wp-block-columns is-layout-flex wp-container-core-columns-is-layout-4 wp-block-columns-is-layout-flex\">\n<div class=\"wp-block-column is-layout-flow wp-block-column-is-layout-flow\">\n<figure class=\"wp-block-image size-full is-resized\"><img loading=\"lazy\" decoding=\"async\" width=\"600\" height=\"663\" src=\"https:\/\/mavinil.es\/wp-content\/uploads\/2024\/08\/Separacio-de-fibres-4_600PX.jpg\" alt=\"\" class=\"wp-image-316\" style=\"width:500px\" srcset=\"https:\/\/mavinil.es\/wp-content\/uploads\/2024\/08\/Separacio-de-fibres-4_600PX.jpg 600w, https:\/\/mavinil.es\/wp-content\/uploads\/2024\/08\/Separacio-de-fibres-4_600PX-271x300.jpg 271w, https:\/\/mavinil.es\/wp-content\/uploads\/2024\/08\/Separacio-de-fibres-4_600PX-11x12.jpg 11w\" sizes=\"auto, (max-width: 600px) 100vw, 600px\" \/><\/figure>\n<\/div>\n\n\n\n<div class=\"wp-block-column is-layout-flow wp-block-column-is-layout-flow\">\n<h2 class=\"wp-block-heading has-custom-color-3-color has-text-color has-link-color wp-elements-817df5b99504faeac04eb73fca6cf3f2\" style=\"font-size:clamp(21.536px, 1.346rem + ((1vw - 3.2px) * 1.642), 35px);\">Mat\u00e9riaux bicouches<\/h2>\n\n\n\n<p>Cette activit\u00e9 consiste \u00e0 <strong>recycler les mat\u00e9riaux compos\u00e9s de deux couches diff\u00e9rentes, avec une couche de base en PP, PET, PVC, etc<\/strong>.<\/p>\n\n\n\n<p>Cela repr\u00e9sente g\u00e9n\u00e9ralement 80&nbsp;% du total. Et la deuxi\u00e8me couche joue le r\u00f4le de rev\u00eatement ou de couverture et elle est constitu\u00e9e de diff\u00e9rents mat\u00e9riaux (PM, EVO, PE, etc.) incompatibles avec la couche de base.<\/p>\n\n\n\n<p>Le syst\u00e8me que nous utilisons <strong>nous permet de s\u00e9parer la couche de rev\u00eatement et d\u2019exploiter ainsi la couche de base<\/strong>.<\/p>\n\n\n\n<p>Comme pour la s\u00e9paration des fibres, nous employons un processus enti\u00e8rement m\u00e9canique qui ne d\u00e9grade pas le mat\u00e9riau \u00e0 r\u00e9cup\u00e9rer.<\/p>\n\n\n\n<p>Ces mat\u00e9riaux \u00e0 recycler sont pr\u00e9sents dans de nombreux secteurs, les plus courants \u00e9tant les emballages alimentaires, pharmaceutiques ou industriels, etc.<\/p>\n\n\n\n<p>Le produit obtenu est propre, adapt\u00e9 \u00e0 de nombreux secteurs ainsi qu\u2019\u00e0 la fabrication de nouvelles feuilles de PVC, profils d\u2019angle, etc.<\/p>\n<\/div>\n<\/div>\n<\/div>\n","protected":false},"excerpt":{"rendered":"<p>S\u00e9paration de fibres Chez Mavinil SA, dans le secteur du recyclage, nous optons pour le travail de mat\u00e9riaux ne pouvant \u00eatre recycl\u00e9s par simple broyage ou granulation, mais par l\u2019interm\u00e9diaire d\u2019une op\u00e9ration plus complexe, notamment pour les produits plastiques compos\u00e9s de plusieurs \u00e9l\u00e9ments incompatibles entre eux lors de leur r\u00e9utilisation. C\u2019est le cas des mat\u00e9riaux [&hellip;]<\/p>\n","protected":false},"author":1,"featured_media":0,"parent":0,"menu_order":4,"comment_status":"closed","ping_status":"closed","template":"wp-custom-template-p-gina-sense-t-tol-fra","meta":{"footnotes":""},"class_list":["post-1028","page","type-page","status-publish","hentry"],"_links":{"self":[{"href":"https:\/\/mavinil.es\/index.php\/wp-json\/wp\/v2\/pages\/1028","targetHints":{"allow":["GET"]}}],"collection":[{"href":"https:\/\/mavinil.es\/index.php\/wp-json\/wp\/v2\/pages"}],"about":[{"href":"https:\/\/mavinil.es\/index.php\/wp-json\/wp\/v2\/types\/page"}],"author":[{"embeddable":true,"href":"https:\/\/mavinil.es\/index.php\/wp-json\/wp\/v2\/users\/1"}],"replies":[{"embeddable":true,"href":"https:\/\/mavinil.es\/index.php\/wp-json\/wp\/v2\/comments?post=1028"}],"version-history":[{"count":6,"href":"https:\/\/mavinil.es\/index.php\/wp-json\/wp\/v2\/pages\/1028\/revisions"}],"predecessor-version":[{"id":1229,"href":"https:\/\/mavinil.es\/index.php\/wp-json\/wp\/v2\/pages\/1028\/revisions\/1229"}],"wp:attachment":[{"href":"https:\/\/mavinil.es\/index.php\/wp-json\/wp\/v2\/media?parent=1028"}],"curies":[{"name":"wp","href":"https:\/\/api.w.org\/{rel}","templated":true}]}}