{"id":1040,"date":"2024-08-14T14:47:59","date_gmt":"2024-08-14T14:47:59","guid":{"rendered":"https:\/\/mavinil.es\/?page_id=1040"},"modified":"2024-09-10T17:48:59","modified_gmt":"2024-09-10T17:48:59","slug":"formation-fra","status":"publish","type":"page","link":"https:\/\/mavinil.es\/index.php\/fr\/formation-fra\/","title":{"rendered":"Formaci\u00f3 &#8211; FRA"},"content":{"rendered":"\n<div class=\"wp-block-group alignfull has-global-padding is-layout-constrained wp-block-group-is-layout-constrained\" style=\"margin-bottom:50px\">\n<div class=\"wp-block-columns alignfull is-layout-flex wp-container-core-columns-is-layout-1 wp-block-columns-is-layout-flex\">\n<div class=\"wp-block-column is-vertically-aligned-top is-layout-flow wp-block-column-is-layout-flow\">\n<figure class=\"wp-block-image alignfull size-full\"><img loading=\"lazy\" decoding=\"async\" width=\"2500\" height=\"800\" src=\"https:\/\/mavinil.es\/wp-content\/uploads\/2024\/08\/formacio.jpg\" alt=\"\" class=\"wp-image-705\" srcset=\"https:\/\/mavinil.es\/wp-content\/uploads\/2024\/08\/formacio.jpg 2500w, https:\/\/mavinil.es\/wp-content\/uploads\/2024\/08\/formacio-300x96.jpg 300w, https:\/\/mavinil.es\/wp-content\/uploads\/2024\/08\/formacio-1024x328.jpg 1024w, https:\/\/mavinil.es\/wp-content\/uploads\/2024\/08\/formacio-768x246.jpg 768w, https:\/\/mavinil.es\/wp-content\/uploads\/2024\/08\/formacio-1536x492.jpg 1536w, https:\/\/mavinil.es\/wp-content\/uploads\/2024\/08\/formacio-2048x655.jpg 2048w, https:\/\/mavinil.es\/wp-content\/uploads\/2024\/08\/formacio-18x6.jpg 18w\" sizes=\"auto, (max-width: 2500px) 100vw, 2500px\" \/><\/figure>\n<\/div>\n<\/div>\n<\/div>\n\n\n\n<div class=\"wp-block-group has-global-padding is-layout-constrained wp-block-group-is-layout-constrained\">\n<div class=\"wp-block-group is-nowrap is-layout-flex wp-container-core-group-is-layout-2 wp-block-group-is-layout-flex\">\n<figure class=\"wp-block-image size-full is-resized\"><img loading=\"lazy\" decoding=\"async\" width=\"249\" height=\"248\" src=\"https:\/\/mavinil.es\/wp-content\/uploads\/2024\/08\/icones-apartats-250-PX_Mesa-de-trabajo-1-copia-6.png\" alt=\"\" class=\"wp-image-330\" style=\"width:120px\" srcset=\"https:\/\/mavinil.es\/wp-content\/uploads\/2024\/08\/icones-apartats-250-PX_Mesa-de-trabajo-1-copia-6.png 249w, https:\/\/mavinil.es\/wp-content\/uploads\/2024\/08\/icones-apartats-250-PX_Mesa-de-trabajo-1-copia-6-150x150.png 150w, https:\/\/mavinil.es\/wp-content\/uploads\/2024\/08\/icones-apartats-250-PX_Mesa-de-trabajo-1-copia-6-12x12.png 12w\" sizes=\"auto, (max-width: 249px) 100vw, 249px\" \/><\/figure>\n\n\n\n<h2 class=\"wp-block-heading has-custom-color-6-color has-text-color has-link-color wp-elements-185255a986dac4e210b4f86b5f977a72\">Formation<\/h2>\n<\/div>\n\n\n\n<div class=\"wp-block-columns is-layout-flex wp-container-core-columns-is-layout-2 wp-block-columns-is-layout-flex\">\n<div class=\"wp-block-column is-layout-flow wp-block-column-is-layout-flow\">\n<p><strong>Nous pensons que les personnes sont \u00e0 l\u2019origine de l\u2019innovation et nous \u0153uvrons pour construire un avenir fructueux commun.<\/strong><br><br>Les actions de formations r\u00e9alis\u00e9es sont d\u00e9di\u00e9es aux professionnels qualifi\u00e9s du march\u00e9 et permettent de garantir les techniques les plus r\u00e9centes, conform\u00e9ment aux r\u00e8glementations actuelles. Afin de former des professionnels de qualit\u00e9, une \u00e9quipe de confiance en constante \u00e9volution pour trouver des solutions efficaces et innovantes, toujours avec d\u2019excellents r\u00e9sultats en mati\u00e8re de service et de qualit\u00e9.<\/p>\n<\/div>\n<\/div>\n<\/div>\n","protected":false},"excerpt":{"rendered":"<p>Formation Nous pensons que les personnes sont \u00e0 l\u2019origine de l\u2019innovation et nous \u0153uvrons pour construire un avenir fructueux commun. Les actions de formations r\u00e9alis\u00e9es sont d\u00e9di\u00e9es aux professionnels qualifi\u00e9s du march\u00e9 et permettent de garantir les techniques les plus r\u00e9centes, conform\u00e9ment aux r\u00e8glementations actuelles. Afin de former des professionnels de qualit\u00e9, une \u00e9quipe de [&hellip;]<\/p>\n","protected":false},"author":1,"featured_media":0,"parent":0,"menu_order":11,"comment_status":"closed","ping_status":"closed","template":"wp-custom-template-p-gina-sense-t-tol-fra","meta":{"footnotes":""},"class_list":["post-1040","page","type-page","status-publish","hentry"],"_links":{"self":[{"href":"https:\/\/mavinil.es\/index.php\/wp-json\/wp\/v2\/pages\/1040","targetHints":{"allow":["GET"]}}],"collection":[{"href":"https:\/\/mavinil.es\/index.php\/wp-json\/wp\/v2\/pages"}],"about":[{"href":"https:\/\/mavinil.es\/index.php\/wp-json\/wp\/v2\/types\/page"}],"author":[{"embeddable":true,"href":"https:\/\/mavinil.es\/index.php\/wp-json\/wp\/v2\/users\/1"}],"replies":[{"embeddable":true,"href":"https:\/\/mavinil.es\/index.php\/wp-json\/wp\/v2\/comments?post=1040"}],"version-history":[{"count":5,"href":"https:\/\/mavinil.es\/index.php\/wp-json\/wp\/v2\/pages\/1040\/revisions"}],"predecessor-version":[{"id":1238,"href":"https:\/\/mavinil.es\/index.php\/wp-json\/wp\/v2\/pages\/1040\/revisions\/1238"}],"wp:attachment":[{"href":"https:\/\/mavinil.es\/index.php\/wp-json\/wp\/v2\/media?parent=1040"}],"curies":[{"name":"wp","href":"https:\/\/api.w.org\/{rel}","templated":true}]}}