{"id":1046,"date":"2024-08-14T14:49:20","date_gmt":"2024-08-14T14:49:20","guid":{"rendered":"https:\/\/mavinil.es\/?page_id=1046"},"modified":"2024-09-16T11:54:30","modified_gmt":"2024-09-16T11:54:30","slug":"avis-sur-les-cookies-fra","status":"publish","type":"page","link":"https:\/\/mavinil.es\/index.php\/fr\/avis-sur-les-cookies-fra\/","title":{"rendered":"Av\u00eds de cookies &#8211; FRA"},"content":{"rendered":"\n<div class=\"wp-block-group has-global-padding is-layout-constrained wp-block-group-is-layout-constrained\">\n<div class=\"wp-block-columns is-layout-flex wp-container-core-columns-is-layout-1 wp-block-columns-is-layout-flex\">\n<div class=\"wp-block-column is-layout-flow wp-block-column-is-layout-flow\">\n<h3 class=\"wp-block-heading has-accent-3-color has-text-color has-link-color wp-elements-c8b90a24498499994e777de3b4a2d4a5\">Avis sur les cookies<\/h3>\n\n\n\n<p><strong>INFORMATIONS RELATIVES AUX COOKIES<\/strong><\/p>\n\n\n\n<p>En raison de l\u2019entr\u00e9e en vigueur de la modification de la loi sur les services de la soci\u00e9t\u00e9 de l\u2019information (LSSICE) \u00e9tablie par le d\u00e9cret royal no&nbsp;13\/2012, il est obligatoire d\u2019obtenir le consentement expr\u00e8s de l\u2019utilisateur de toutes les pages web utilisant des cookies facultatifs avant que ce dernier navigue sur ces pages.<\/p>\n\n\n\n<p><strong>QUE SONT LES COOKIES?<\/strong><\/p>\n\n\n\n<p>Les cookies et autres technologies similaires, telles que les flash cookies ou les pixels, sont des outils employ\u00e9s par les serveurs web pour enregistrer et r\u00e9cup\u00e9rer des informations en lien avec les utilisateurs ainsi que pour offrir un bon fonctionnement du site.<\/p>\n\n\n\n<p>Nous utilisons des cookies internes et de tiers pour am\u00e9liorer nos services, personnaliser notre site web, faciliter la navigation des utilisateurs, leur fournir la meilleure exp\u00e9rience d\u2019utilisation du site web, identifier les probl\u00e8mes pour am\u00e9liorer le site, r\u00e9aliser des analyses et des statistiques d\u2019utilisation ainsi que leur montrer du contenu publicitaire en lien avec leurs pr\u00e9f\u00e9rences au moyen d\u2019analyses d\u2019utilisation du site web.<\/p>\n\n\n\n<p><strong>Consentement<\/strong><\/p>\n\n\n\n<p>Nous vous informons que nous pouvons utiliser des cookies sur votre dispositif \u00e0 condition que vous nous ayez donn\u00e9 votre consentement, sauf dans les cas o\u00f9 les cookies sont n\u00e9cessaires pour naviguer sur notre site web. Si vous nous donnez votre consentement, nous pourrons utiliser des cookies qui nous permettront d\u2019obtenir plus d\u2019informations sur vos pr\u00e9f\u00e9rences et de personnaliser notre site web en fonction de vos propres int\u00e9r\u00eats.<\/p>\n\n\n\n<p><strong>Les cookies peuvent \u00eatre de diff\u00e9rents types.<\/strong><\/p>\n\n\n\n<p><strong>Selon la dur\u00e9e :<\/strong><\/p>\n\n\n\n<ul class=\"wp-block-list\">\n<li><strong>Cookie de session<\/strong> : ce type de cookie est con\u00e7u pour collecter et stocker des donn\u00e9es lorsque l\u2019utilisateur consulte un site internet. Ces cookies ne s\u2019enregistrent pas sur l\u2019ordinateur de l\u2019utilisateur \u00e0 l\u2019expiration de la session ou \u00e0 la fermeture du navigateur.<\/li>\n\n\n\n<li><strong>Cookie persistant<\/strong> : ce type de cookie permet de stocker des donn\u00e9es dans l\u2019ordinateur de l\u2019utilisateur, d\u2019y acc\u00e9der et de les traiter lorsque l\u2019utilisateur quitte le site internet et quand il s\u2019y reconnecte. Ces cookies peuvent \u00eatre supprim\u00e9s \u00e0 tout moment par l\u2019utilisateur.<\/li>\n<\/ul>\n\n\n\n<p><strong>Selon l&#8217;entit\u00e9 qui les g\u00e8re :<\/strong><\/p>\n\n\n\n<ul class=\"wp-block-list\">\n<li><strong>Cookies internes <\/strong>: il s\u2019agit des cookies envoy\u00e9s au terminal de l\u2019utilisateur depuis un \u00e9quipement ou un domaine g\u00e9r\u00e9 par le propri\u00e9taire su site web lui-m\u00eame et depuis lequel est fourni le service demand\u00e9 par l\u2019utilisateur.<\/li>\n\n\n\n<li><strong>Cookies de tiers <\/strong>: il s\u2019agit des cookies envoy\u00e9s au terminal de l\u2019utilisateur depuis un \u00e9quipement ou un domaine qui n\u2019est pas g\u00e9r\u00e9 par le propri\u00e9taire du site web \u00e0 partir duquel est fourni le service demand\u00e9 par l\u2019utilisateur, mais par une autre organisation traitant les donn\u00e9es obtenues au moyen des cookies. De m\u00eame, si les cookies sont install\u00e9s \u00e0 partir d\u2019un dispositif ou d\u2019un domaine g\u00e9r\u00e9 par le titulaire du site web, mais que les informations collect\u00e9es par les cookies sont g\u00e9r\u00e9es par un tiers, ils seront consid\u00e9r\u00e9s comme des cookies de tiers.<\/li>\n<\/ul>\n\n\n\n<p><strong>Selon la finalit\u00e9 :<\/strong><\/p>\n\n\n\n<ul class=\"wp-block-list\">\n<li><strong>Cookies techniques <\/strong>: ces cookies permettent \u00e0 l\u2019utilisateur de naviguer sur un site web, une plateforme ou une application et d\u2019utiliser les options ou services y \u00e9tant propos\u00e9s, comme le contr\u00f4le du trafic et la communication de donn\u00e9es, l\u2019identification de session, l\u2019acc\u00e8s aux espaces \u00e0 acc\u00e8s restreint, le rappel des \u00e9l\u00e9ments d\u2019une commande, la r\u00e9alisation du processus d\u2019achat d\u2019une commande, la demande d\u2019inscription ou de participation \u00e0 un \u00e9v\u00e8nement, l\u2019utilisation des \u00e9l\u00e9ments de s\u00e9curit\u00e9 pendant la navigation, le stockage des contenus pour la diffusion de supports vid\u00e9o ou audio ou encore le partage des contenus sur les r\u00e9seaux sociaux.<\/li>\n\n\n\n<li><strong>Cookies de g\u00e9olocalisation<\/strong> : ces cookies sont utilis\u00e9s pour savoir o\u00f9 se trouve un utilisateur lorsqu\u2019il demande un service. Ces cookies sont anonymes et sont utilis\u00e9s, par exemple, pour lui fournir les bonnes informations en fonction du pays dans lequel il se trouve.<\/li>\n\n\n\n<li><strong>Cookies de personnalisation<\/strong> : ces cookies permettent \u00e0 l\u2019utilisateur d\u2019acc\u00e9der au service avec certaines caract\u00e9ristiques g\u00e9n\u00e9rales pr\u00e9d\u00e9finies en fonction d\u2019une s\u00e9rie de crit\u00e8res sur le dispositif de l\u2019utilisateur, comme la langue, le type de navigateur ou la configuration r\u00e9gionale utilis\u00e9 pour acc\u00e9der au service, etc.<\/li>\n\n\n\n<li><strong>Cookies analytiques<\/strong> : ces cookies permettent \u00e0 leur responsable de suivre et d\u2019analyser le comportement des utilisateurs du site internet auquel ils sont rattach\u00e9s. Les informations recueillies gr\u00e2ce \u00e0 ce type de cookie sont utilis\u00e9es pour mesurer l\u2019activit\u00e9 sur le site internet, la plateforme ou l\u2019application ainsi que pour \u00e9laborer des profils de navigation des utilisateurs de ce site, plateforme ou application afin d\u2019apporter des am\u00e9liorations en fonction de l\u2019analyse des donn\u00e9es d\u2019utilisation.<\/li>\n\n\n\n<li><strong>Cookies publicitaires<\/strong> : ces cookies permettent la gestion la plus efficace possible de l\u2019offre des espaces publicitaires pr\u00e9sents sur le site internet en adaptant le contenu de l\u2019annonce au contenu du service demand\u00e9 ou \u00e0 l\u2019utilisation faite de notre site internet.<\/li>\n\n\n\n<li><strong>Cookies de publicit\u00e9 comportementale <\/strong>: ces cookies permettent la gestion la plus efficace possible de l\u2019offre des espaces publicitaires pr\u00e9sents sur le site web. Ces cookies stockent des informations relatives au comportement des utilisateurs, obtenues gr\u00e2ce \u00e0 l\u2019observation continue de leurs habitudes de navigation, afin de d\u00e9velopper un profil sp\u00e9cifique et d\u2019afficher la publicit\u00e9 en fonction dudit profil.<\/li>\n<\/ul>\n\n\n\n<p><strong>D\u00c9SACTIVATION DES COOKIES<\/strong><\/p>\n\n\n\n<p>L\u2019utilisateur peut \u00e0 tout moment autoriser, bloquer ou \u00e9liminer les cookies install\u00e9s sur son dispositif en modifiant les param\u00e8tres du navigateur install\u00e9 sur son ordinateur.<\/p>\n\n\n\n<p>La d\u00e9sactivation des cookies n\u2019emp\u00eache pas de naviguer sur le site internet, bien que l\u2019utilisation de certains services puisse \u00eatre limit\u00e9e et, par cons\u00e9quent, nuire \u00e0 l\u2019exp\u00e9rience de navigation.<\/p>\n\n\n\n<p>L\u2019utilisateur pourra retirer \u00e0 tout moment son consentement \u00e0 la politique de cookies et supprimer les cookies enregistr\u00e9s sur son dispositif en configurant les param\u00e8tres de son navigateur internet.<\/p>\n<\/div>\n<\/div>\n<\/div>\n","protected":false},"excerpt":{"rendered":"<p>Avis sur les cookies INFORMATIONS RELATIVES AUX COOKIES En raison de l\u2019entr\u00e9e en vigueur de la modification de la loi sur les services de la soci\u00e9t\u00e9 de l\u2019information (LSSICE) \u00e9tablie par le d\u00e9cret royal no&nbsp;13\/2012, il est obligatoire d\u2019obtenir le consentement expr\u00e8s de l\u2019utilisateur de toutes les pages web utilisant des cookies facultatifs avant que [&hellip;]<\/p>\n","protected":false},"author":1,"featured_media":0,"parent":0,"menu_order":99,"comment_status":"closed","ping_status":"closed","template":"wp-custom-template-p-gina-sense-t-tol-fra","meta":{"footnotes":""},"class_list":["post-1046","page","type-page","status-publish","hentry"],"_links":{"self":[{"href":"https:\/\/mavinil.es\/index.php\/wp-json\/wp\/v2\/pages\/1046","targetHints":{"allow":["GET"]}}],"collection":[{"href":"https:\/\/mavinil.es\/index.php\/wp-json\/wp\/v2\/pages"}],"about":[{"href":"https:\/\/mavinil.es\/index.php\/wp-json\/wp\/v2\/types\/page"}],"author":[{"embeddable":true,"href":"https:\/\/mavinil.es\/index.php\/wp-json\/wp\/v2\/users\/1"}],"replies":[{"embeddable":true,"href":"https:\/\/mavinil.es\/index.php\/wp-json\/wp\/v2\/comments?post=1046"}],"version-history":[{"count":5,"href":"https:\/\/mavinil.es\/index.php\/wp-json\/wp\/v2\/pages\/1046\/revisions"}],"predecessor-version":[{"id":1300,"href":"https:\/\/mavinil.es\/index.php\/wp-json\/wp\/v2\/pages\/1046\/revisions\/1300"}],"wp:attachment":[{"href":"https:\/\/mavinil.es\/index.php\/wp-json\/wp\/v2\/media?parent=1046"}],"curies":[{"name":"wp","href":"https:\/\/api.w.org\/{rel}","templated":true}]}}