{"id":1049,"date":"2024-08-14T14:50:00","date_gmt":"2024-08-14T14:50:00","guid":{"rendered":"https:\/\/mavinil.es\/?page_id=1049"},"modified":"2024-09-13T12:11:12","modified_gmt":"2024-09-13T12:11:12","slug":"politique-de-confidentialite-fra","status":"publish","type":"page","link":"https:\/\/mavinil.es\/index.php\/fr\/politique-de-confidentialite-fra\/","title":{"rendered":"Avis juridique et politique de confidentialit\u00e9 &#8211; FRA"},"content":{"rendered":"\n<h3 class=\"wp-block-heading\">Avis juridique et politique de confidentialit\u00e9<\/h3>\n\n\n\n<p><\/p>\n\n\n\n<h3 class=\"wp-block-heading\">Introduction<\/h3>\n\n\n\n<p>MAVINIL S.A. est une entreprise qui a mis en place des proc\u00e9dures globales sur l\u2019utilisation des informations afin de garantir le respect de la confidentialit\u00e9 et la protection des donn\u00e9es des utilisateurs. Conform\u00e9ment \u00e0 la l\u00e9gislation applicable en Espagne, notre politique de confidentialit\u00e9 pr\u00e9sente les proc\u00e9dures qu\u2019applique MAVINIL S.A. aux informations envoy\u00e9es par internet pour la gestion des donn\u00e9es \u00e0 caract\u00e8re personnel et non personnel. Nous vous prions de lire attentivement cette politique de confidentialit\u00e9 avant d\u2019utiliser le site internet de MAVINIL S.A. (ci-apr\u00e8s le \u00ab&nbsp;site&nbsp;\u00bb).<\/p>\n\n\n\n<h3 class=\"wp-block-heading\">Comment sont utilis\u00e9es vos informations&nbsp;?<\/h3>\n\n\n\n<p>Sauf obligation l\u00e9gale, MAVINIL S.A. ne vendra, ne louera, ne pr\u00eatera ni ne c\u00e9dera vos informations personnelles \u00e0 des tiers sans votre autorisation pr\u00e9alable. MAVINIL S.A. n\u2019exploitera ni ne partagera les informations personnelles fournies via internet \u00e0 des fins non li\u00e9es \u00e0 celles d\u00e9crites dans le pr\u00e9sent document sans vous en informer pr\u00e9alablement pour que vous puissiez accepter ou refuser une telle possibilit\u00e9. Nous partagerons vos informations personnelles uniquement avec des entit\u00e9s de MAVINIL S.A. (y compris les entreprises filiales et associ\u00e9es) et\/ou avec les collaborateurs agissant en notre nom pour fournir le service ou les informations que vous avez demand\u00e9 ainsi que pour renforcer le stockage des donn\u00e9es ou simplifier la gestion des donn\u00e9es des clients. Ces entit\u00e9s et\/ou collaborateurs de MAVINIL S.A. sont soumis \u00e0 notre politique de confidentialit\u00e9 relative \u00e0 l\u2019utilisation des informations \u00e0 caract\u00e8re personnel ainsi qu\u2019aux accords de confidentialit\u00e9 applicables dans chaque cas.<\/p>\n\n\n\n<h3 class=\"wp-block-heading\">Combien de temps sont conserv\u00e9es vos donn\u00e9es&nbsp;?<\/h3>\n\n\n\n<p>Les donn\u00e9es personnelles fournies sont conserv\u00e9es pendant l\u2019ex\u00e9cution des services demand\u00e9s et selon les d\u00e9lais pr\u00e9vus par les dispositions l\u00e9gales portant sur la prescription de la responsabilit\u00e9 pouvant en r\u00e9sulter.<\/p>\n\n\n\n<h3 class=\"wp-block-heading\">Quelles informations sont collect\u00e9es&nbsp;?<\/h3>\n\n\n\n<p><strong>Informations non personnelles :<\/strong><\/p>\n\n\n\n<p>En consultant notre site, vous pouvez effectuer diff\u00e9rentes op\u00e9rations sans avoir \u00e0 nous fournir vos donn\u00e9es personnelles. Toutefois, pour collecter et rassembler des informations sur les pages visit\u00e9es, nous employons notamment l\u2019ordre dans lequel les pages ont \u00e9t\u00e9 visit\u00e9es ainsi que les liens utilis\u00e9s. Ces informations n\u2019ont aucun lien avec des donn\u00e9es d\u2019identification personnelle. Les informations \u00e0 caract\u00e8re non personnel que nous collectons nous aident \u00e0 identifier les zones les plus visit\u00e9es de notre site ainsi qu\u2019\u00e0 conna\u00eetre l\u2019efficacit\u00e9 de nos activit\u00e9s promotionnelles.<\/p>\n\n\n\n<p><strong>Informations personnelles :<\/strong><\/p>\n\n\n\n<p>Certains espaces du site de MAVINIL S.A. vous permettent de r\u00e9aliser des demandes, d\u2019exprimer votre avis ou de souscrire \u00e0 certains de nos services en ligne. Les donn\u00e9es d\u2019identification personnelle que nous pouvons collecter sur ces pages peuvent \u00eatre le nom, l\u2019adresse, l\u2019adresse e-mail, le num\u00e9ro de t\u00e9l\u00e9phone, le num\u00e9ro de fax ainsi que des informations sur votre avis et l\u2019utilisation de divers services. MAVINIL S.A. utilise toutes ces donn\u00e9es pour mieux comprendre vos besoins et vous offrir un meilleur service.<\/p>\n\n\n\n<h3 class=\"wp-block-heading\">Pourquoi vos informations personnelles sont-elles collect\u00e9es&nbsp;?<\/h3>\n\n\n\n<p><strong>Listes de diffusion<\/strong><\/p>\n\n\n\n<p>Parfois, MAVINIL S.A. offre aux visiteurs la possibilit\u00e9 de fournir leur adresse e-mail afin de recevoir une newsletter ou des informations \u00e0 propos d\u2019un service. Ces adresses e-mail seront uniquement utilis\u00e9es \u00e0 cette fin et ne seront jamais partag\u00e9es avec d\u2019autres entreprises n\u2019\u00e9tant pas des filiales de MAVINIL S.A. sans votre autorisation pr\u00e9alable. En outre, nous vous donnerons toujours la possibilit\u00e9 de refuser la r\u00e9ception de ces supports.<\/p>\n\n\n\n<h3 class=\"wp-block-heading\">Comment vos informations sont-elles prot\u00e9g\u00e9es&nbsp;?<\/h3>\n\n\n\n<p>Pour emp\u00eacher l\u2019acc\u00e8s ou la r\u00e9v\u00e9lation de donn\u00e9es non autoris\u00e9 ainsi que pour maintenir la pr\u00e9cision des donn\u00e9es et en garantir un usage adapt\u00e9, nous employons des moyens physiques, \u00e9lectroniques et de gestion pour prot\u00e9ger les donn\u00e9es que nous collectons sur internet.<\/p>\n\n\n\n<h3 class=\"wp-block-heading\">Sites web de tiers<\/h3>\n\n\n\n<p>Notre politique de confidentialit\u00e9 s\u2019applique uniquement aux espaces du site web contr\u00f4l\u00e9s par MAVINIL S.A. Les liens vers d\u2019autres sites web de tiers sont uniquement fournis pour faciliter votre navigation. Nous vous recommandons de consulter la politique de confidentialit\u00e9 de ces sites avant de leur fournir des donn\u00e9es \u00e0 caract\u00e8re personnel. MAVINIL S.A. n\u2019a pas r\u00e9vis\u00e9 tous les sites web de tiers, n\u2019en a aucun contr\u00f4le et d\u00e9cline toute responsabilit\u00e9 en lien avec ces sites, leurs contenus et leurs politiques de confidentialit\u00e9. En ce sens, MAVINIL S.A. n\u2019approuve ni n\u2019agit en repr\u00e9sentation de ces sites et des informations, produits ou autres supports qu\u2019ils peuvent contenir.<\/p>\n\n\n\n<h3 class=\"wp-block-heading\">Quels sont vos droits&nbsp;?<\/h3>\n\n\n\n<ul class=\"wp-block-list\">\n<li>Toute personne a le droit de savoir si MAVINIL S.A. traite des donn\u00e9es la concernant.<\/li>\n\n\n\n<li>Les int\u00e9ress\u00e9s peuvent acc\u00e9der \u00e0 leurs donn\u00e9es personnelles ainsi que demander la modification des donn\u00e9es inexactes ou, le cas \u00e9ch\u00e9ant, la suppression, notamment lorsque les donn\u00e9es ne sont plus n\u00e9cessaires aux fins auxquelles elles ont \u00e9t\u00e9 collect\u00e9es.<\/li>\n\n\n\n<li>Dans certaines circonstances vis\u00e9es \u00e0 l\u2019article&nbsp;18 du RGPD, les int\u00e9ress\u00e9s peuvent demander la limitation du traitement de leurs donn\u00e9es. Le cas \u00e9ch\u00e9ant, nous les conserverons uniquement pour exercer ou d\u00e9fendre des r\u00e9clamations.<\/li>\n\n\n\n<li>En vertu du droit de portabilit\u00e9, les int\u00e9ress\u00e9s peuvent obtenir leurs donn\u00e9es personnelles dans un format structur\u00e9 \u00e0 usage commun et lecture m\u00e9canique et les transmettre \u00e0 un autre responsable.<\/li>\n<\/ul>\n\n\n\n<h3 class=\"wp-block-heading\">Comment nous contacter&nbsp;?<\/h3>\n\n\n\n<p>L\u2019int\u00e9ress\u00e9 peut exercer ses droits par voie postale \u00e0 Ctra. C-35 Km&nbsp;57,5 08470&nbsp;Sant Celoni (Barcelone) ou par e-mail \u00e0 <a href=\"mailto:info@mavinil.es?subject=Questions%20ou%20commentaires%20sur%20votre%20politique%20de%20confidentialit%C3%A9\">info@mavinil.es<\/a>.<\/p>\n\n\n\n<h3 class=\"wp-block-heading\">Coordonn\u00e9es<\/h3>\n\n\n\n<p><strong><u>MAVINIL S.A.<\/u><\/strong><br>Ctra. C-35 Km 57,5<br>08470 Sant Celoni<br>(Barcelona)<br>Tel. +34 93 867 62 36<br>info@mavinil.es<\/p>\n","protected":false},"excerpt":{"rendered":"<p>Avis juridique et politique de confidentialit\u00e9 Introduction MAVINIL S.A. est une entreprise qui a mis en place des proc\u00e9dures globales sur l\u2019utilisation des informations afin de garantir le respect de la confidentialit\u00e9 et la protection des donn\u00e9es des utilisateurs. Conform\u00e9ment \u00e0 la l\u00e9gislation applicable en Espagne, notre politique de confidentialit\u00e9 pr\u00e9sente les proc\u00e9dures qu\u2019applique MAVINIL [&hellip;]<\/p>\n","protected":false},"author":1,"featured_media":0,"parent":0,"menu_order":100,"comment_status":"closed","ping_status":"closed","template":"wp-custom-template-p-gina-sense-t-tol-fra","meta":{"footnotes":""},"class_list":["post-1049","page","type-page","status-publish","hentry"],"_links":{"self":[{"href":"https:\/\/mavinil.es\/index.php\/wp-json\/wp\/v2\/pages\/1049","targetHints":{"allow":["GET"]}}],"collection":[{"href":"https:\/\/mavinil.es\/index.php\/wp-json\/wp\/v2\/pages"}],"about":[{"href":"https:\/\/mavinil.es\/index.php\/wp-json\/wp\/v2\/types\/page"}],"author":[{"embeddable":true,"href":"https:\/\/mavinil.es\/index.php\/wp-json\/wp\/v2\/users\/1"}],"replies":[{"embeddable":true,"href":"https:\/\/mavinil.es\/index.php\/wp-json\/wp\/v2\/comments?post=1049"}],"version-history":[{"count":7,"href":"https:\/\/mavinil.es\/index.php\/wp-json\/wp\/v2\/pages\/1049\/revisions"}],"predecessor-version":[{"id":1286,"href":"https:\/\/mavinil.es\/index.php\/wp-json\/wp\/v2\/pages\/1049\/revisions\/1286"}],"wp:attachment":[{"href":"https:\/\/mavinil.es\/index.php\/wp-json\/wp\/v2\/media?parent=1049"}],"curies":[{"name":"wp","href":"https:\/\/api.w.org\/{rel}","templated":true}]}}