{"id":108,"date":"2024-08-12T09:52:54","date_gmt":"2024-08-12T09:52:54","guid":{"rendered":"https:\/\/mavinil.es\/?page_id=108"},"modified":"2025-02-10T12:10:22","modified_gmt":"2025-02-10T12:10:22","slug":"trituracio","status":"publish","type":"page","link":"https:\/\/mavinil.es\/index.php\/trituracio\/","title":{"rendered":"Trituraci\u00f3"},"content":{"rendered":"\n<div class=\"wp-block-group alignfull has-global-padding is-layout-constrained wp-block-group-is-layout-constrained\" style=\"margin-bottom:50px\">\n<div class=\"wp-block-columns alignfull is-layout-flex wp-container-core-columns-is-layout-1 wp-block-columns-is-layout-flex\">\n<div class=\"wp-block-column is-vertically-aligned-top is-layout-flow wp-block-column-is-layout-flow\">\n<figure class=\"wp-block-image alignfull size-full\"><img loading=\"lazy\" decoding=\"async\" width=\"2500\" height=\"800\" src=\"https:\/\/mavinil.es\/wp-content\/uploads\/2024\/08\/trituracio-1.jpg\" alt=\"\" class=\"wp-image-696\" srcset=\"https:\/\/mavinil.es\/wp-content\/uploads\/2024\/08\/trituracio-1.jpg 2500w, https:\/\/mavinil.es\/wp-content\/uploads\/2024\/08\/trituracio-1-300x96.jpg 300w, https:\/\/mavinil.es\/wp-content\/uploads\/2024\/08\/trituracio-1-1024x328.jpg 1024w, https:\/\/mavinil.es\/wp-content\/uploads\/2024\/08\/trituracio-1-768x246.jpg 768w, https:\/\/mavinil.es\/wp-content\/uploads\/2024\/08\/trituracio-1-1536x492.jpg 1536w, https:\/\/mavinil.es\/wp-content\/uploads\/2024\/08\/trituracio-1-2048x655.jpg 2048w, https:\/\/mavinil.es\/wp-content\/uploads\/2024\/08\/trituracio-1-18x6.jpg 18w\" sizes=\"auto, (max-width: 2500px) 100vw, 2500px\" \/><\/figure>\n<\/div>\n<\/div>\n<\/div>\n\n\n\n<div class=\"wp-block-group has-global-padding is-layout-constrained wp-block-group-is-layout-constrained\">\n<div class=\"wp-block-group is-nowrap is-layout-flex wp-container-core-group-is-layout-2 wp-block-group-is-layout-flex\">\n<figure class=\"wp-block-image size-full is-resized\"><img loading=\"lazy\" decoding=\"async\" width=\"249\" height=\"248\" src=\"https:\/\/mavinil.es\/wp-content\/uploads\/2024\/08\/icones-apartats-250-PX-1.png\" alt=\"\" class=\"wp-image-324\" style=\"width:120px\" srcset=\"https:\/\/mavinil.es\/wp-content\/uploads\/2024\/08\/icones-apartats-250-PX-1.png 249w, https:\/\/mavinil.es\/wp-content\/uploads\/2024\/08\/icones-apartats-250-PX-1-150x150.png 150w, https:\/\/mavinil.es\/wp-content\/uploads\/2024\/08\/icones-apartats-250-PX-1-12x12.png 12w\" sizes=\"auto, (max-width: 249px) 100vw, 249px\" \/><\/figure>\n\n\n\n<h2 class=\"wp-block-heading has-custom-color-1-color has-text-color has-link-color wp-elements-b6ffcda70b2eefcbcca796d8392dce54\" style=\"margin-top:0px;margin-right:0px;margin-bottom:0px;margin-left:0px\">Trituraci\u00f3<\/h2>\n<\/div>\n\n\n\n<div class=\"wp-block-columns is-layout-flex wp-container-core-columns-is-layout-2 wp-block-columns-is-layout-flex\">\n<div class=\"wp-block-column is-layout-flow wp-block-column-is-layout-flow\" style=\"flex-basis:50%\">\n<p>Disposem de 4 instal\u00b7lacions preparades per triturar tota mena de pol\u00edmers entre una mida de 4 i 12 mm. Encara que majorit\u00e0riament treballem amb PVC, les nostres instal\u00b7lacions tamb\u00e9 poden treballar amb altres tipus de pol\u00edmers (PP, PS, PU, PE&#8230;).<br><br>Aquestes instal\u00b7lacions disposen d&#8217;un sistema de refrigeraci\u00f3 per aigua per tal d&#8217;evitar un possible sobreescalfament del material dintre de la c\u00e0mera de trituraci\u00f3.<br><br>Aix\u00ed mateix, es garanteix la no degradaci\u00f3 del producte i s&#8217;aconsegueix un bon format de l&#8217;escama triturada.<\/p>\n<\/div>\n\n\n\n<div class=\"wp-block-column is-layout-flow wp-block-column-is-layout-flow\" style=\"flex-basis:50%\">\n<figure class=\"wp-block-image size-full\"><img loading=\"lazy\" decoding=\"async\" width=\"600\" height=\"400\" src=\"https:\/\/mavinil.es\/wp-content\/uploads\/2024\/08\/TRITURACIO_INTERIOR-600PX.jpg\" alt=\"\" class=\"wp-image-310\" srcset=\"https:\/\/mavinil.es\/wp-content\/uploads\/2024\/08\/TRITURACIO_INTERIOR-600PX.jpg 600w, https:\/\/mavinil.es\/wp-content\/uploads\/2024\/08\/TRITURACIO_INTERIOR-600PX-300x200.jpg 300w, https:\/\/mavinil.es\/wp-content\/uploads\/2024\/08\/TRITURACIO_INTERIOR-600PX-18x12.jpg 18w\" sizes=\"auto, (max-width: 600px) 100vw, 600px\" \/><\/figure>\n<\/div>\n<\/div>\n\n\n\n<div class=\"wp-block-columns is-layout-flex wp-container-core-columns-is-layout-3 wp-block-columns-is-layout-flex\">\n<div class=\"wp-block-column is-layout-flow wp-block-column-is-layout-flow\">\n<figure class=\"wp-block-image size-full\"><img loading=\"lazy\" decoding=\"async\" width=\"800\" height=\"400\" src=\"https:\/\/mavinil.es\/wp-content\/uploads\/2024\/08\/sacsBb.jpg\" alt=\"\" class=\"wp-image-720\" srcset=\"https:\/\/mavinil.es\/wp-content\/uploads\/2024\/08\/sacsBb.jpg 800w, https:\/\/mavinil.es\/wp-content\/uploads\/2024\/08\/sacsBb-300x150.jpg 300w, https:\/\/mavinil.es\/wp-content\/uploads\/2024\/08\/sacsBb-768x384.jpg 768w, https:\/\/mavinil.es\/wp-content\/uploads\/2024\/08\/sacsBb-18x9.jpg 18w\" sizes=\"auto, (max-width: 800px) 100vw, 800px\" \/><\/figure>\n<\/div>\n\n\n\n<div class=\"wp-block-column is-layout-flow wp-block-column-is-layout-flow\">\n<p>Per tal d&#8217;evitar la petita opci\u00f3 que el material quedi contaminat amb mat\u00e8ries f\u00e8rriques, les nostres instal\u00b7lacions disposen d&#8217;un sistema d&#8217;imants i de detectors de metall.<br><br>Finalment, el material passa a un sistema d&#8217;homogene\u00eftzaci\u00f3 amb una capacitat m\u00e0xima de 14 tones.<br><br>Un cop el producte est\u00e0 acabat, es lliura en <em>big bags<\/em> paletitzats amb uns pesos d&#8217;entre 500 i 1.500 quilos.<\/p>\n<\/div>\n<\/div>\n<\/div>\n","protected":false},"excerpt":{"rendered":"<p>Trituraci\u00f3 Disposem de 4 instal\u00b7lacions preparades per triturar tota mena de pol\u00edmers entre una mida de 4 i 12 mm. Encara que majorit\u00e0riament treballem amb PVC, les nostres instal\u00b7lacions tamb\u00e9 poden treballar amb altres tipus de pol\u00edmers (PP, PS, PU, PE&#8230;). Aquestes instal\u00b7lacions disposen d&#8217;un sistema de refrigeraci\u00f3 per aigua per tal d&#8217;evitar un possible [&hellip;]<\/p>\n","protected":false},"author":1,"featured_media":0,"parent":0,"menu_order":2,"comment_status":"closed","ping_status":"closed","template":"page-no-title","meta":{"footnotes":""},"class_list":["post-108","page","type-page","status-publish","hentry"],"_links":{"self":[{"href":"https:\/\/mavinil.es\/index.php\/wp-json\/wp\/v2\/pages\/108","targetHints":{"allow":["GET"]}}],"collection":[{"href":"https:\/\/mavinil.es\/index.php\/wp-json\/wp\/v2\/pages"}],"about":[{"href":"https:\/\/mavinil.es\/index.php\/wp-json\/wp\/v2\/types\/page"}],"author":[{"embeddable":true,"href":"https:\/\/mavinil.es\/index.php\/wp-json\/wp\/v2\/users\/1"}],"replies":[{"embeddable":true,"href":"https:\/\/mavinil.es\/index.php\/wp-json\/wp\/v2\/comments?post=108"}],"version-history":[{"count":49,"href":"https:\/\/mavinil.es\/index.php\/wp-json\/wp\/v2\/pages\/108\/revisions"}],"predecessor-version":[{"id":1354,"href":"https:\/\/mavinil.es\/index.php\/wp-json\/wp\/v2\/pages\/108\/revisions\/1354"}],"wp:attachment":[{"href":"https:\/\/mavinil.es\/index.php\/wp-json\/wp\/v2\/media?parent=108"}],"curies":[{"name":"wp","href":"https:\/\/api.w.org\/{rel}","templated":true}]}}