{"id":151,"date":"2024-08-12T10:25:23","date_gmt":"2024-08-12T10:25:23","guid":{"rendered":"https:\/\/mavinil.es\/?page_id=151"},"modified":"2025-02-10T12:47:51","modified_gmt":"2025-02-10T12:47:51","slug":"altres-activitats","status":"publish","type":"page","link":"https:\/\/mavinil.es\/index.php\/altres-activitats\/","title":{"rendered":"Altres activitats"},"content":{"rendered":"\n<div class=\"wp-block-group alignfull has-global-padding is-layout-constrained wp-block-group-is-layout-constrained\" style=\"margin-bottom:50px\">\n<div class=\"wp-block-columns alignfull is-layout-flex wp-container-core-columns-is-layout-1 wp-block-columns-is-layout-flex\">\n<div class=\"wp-block-column is-vertically-aligned-top is-layout-flow wp-block-column-is-layout-flow\">\n<figure class=\"wp-block-image alignfull size-full\"><img loading=\"lazy\" decoding=\"async\" width=\"2500\" height=\"800\" src=\"https:\/\/mavinil.es\/wp-content\/uploads\/2024\/08\/altres.jpg\" alt=\"\" class=\"wp-image-723\" srcset=\"https:\/\/mavinil.es\/wp-content\/uploads\/2024\/08\/altres.jpg 2500w, https:\/\/mavinil.es\/wp-content\/uploads\/2024\/08\/altres-300x96.jpg 300w, https:\/\/mavinil.es\/wp-content\/uploads\/2024\/08\/altres-1024x328.jpg 1024w, https:\/\/mavinil.es\/wp-content\/uploads\/2024\/08\/altres-768x246.jpg 768w, https:\/\/mavinil.es\/wp-content\/uploads\/2024\/08\/altres-1536x492.jpg 1536w, https:\/\/mavinil.es\/wp-content\/uploads\/2024\/08\/altres-2048x655.jpg 2048w, https:\/\/mavinil.es\/wp-content\/uploads\/2024\/08\/altres-18x6.jpg 18w\" sizes=\"auto, (max-width: 2500px) 100vw, 2500px\" \/><\/figure>\n<\/div>\n<\/div>\n<\/div>\n\n\n\n<div class=\"wp-block-group has-global-padding is-layout-constrained wp-block-group-is-layout-constrained\">\n<div class=\"wp-block-group is-nowrap is-layout-flex wp-container-core-group-is-layout-2 wp-block-group-is-layout-flex\">\n<figure class=\"wp-block-image size-full is-resized\"><img loading=\"lazy\" decoding=\"async\" width=\"249\" height=\"248\" src=\"https:\/\/mavinil.es\/wp-content\/uploads\/2024\/08\/icones-apartats-250-PX_Mesa-de-trabajo-1-copia-3.png\" alt=\"\" class=\"wp-image-327\" style=\"width:120px\" srcset=\"https:\/\/mavinil.es\/wp-content\/uploads\/2024\/08\/icones-apartats-250-PX_Mesa-de-trabajo-1-copia-3.png 249w, https:\/\/mavinil.es\/wp-content\/uploads\/2024\/08\/icones-apartats-250-PX_Mesa-de-trabajo-1-copia-3-150x150.png 150w, https:\/\/mavinil.es\/wp-content\/uploads\/2024\/08\/icones-apartats-250-PX_Mesa-de-trabajo-1-copia-3-12x12.png 12w\" sizes=\"auto, (max-width: 249px) 100vw, 249px\" \/><\/figure>\n\n\n\n<h2 class=\"wp-block-heading has-custom-color-4-color has-text-color has-link-color wp-elements-debf695ff7b979f92f9665ffebc67281\">Altres activitats<\/h2>\n<\/div>\n\n\n\n<div class=\"wp-block-columns is-layout-flex wp-container-core-columns-is-layout-2 wp-block-columns-is-layout-flex\">\n<div class=\"wp-block-column is-layout-flow wp-block-column-is-layout-flow\">\n<p>La darrera activitat de Mavinil S.A. consisteix en la compra de residus de PVC (canonades, l\u00e0mines, perfils&#8230; els quals seran tractats a la nostra planta amb la finalitat d&#8217;obtenir un producte preparat per reutilitzar-lo en diferents aplicacions com poden ser colzes de desaig\u00fces, carpetes&#8230;<br><br>Un cop el PVC ha estat processat a la nostra planta, les empreses interessades el poden comprar per reutilitzar-lo i fer qualsevol tipus de producte que contingui PVC.<br><br>Dins d&#8217;aquesta activitat, podem tractar materials de PVC que continguin altres pol\u00edmers com per exemple PET, PP o PS.<\/p>\n<\/div>\n\n\n\n<div class=\"wp-block-column is-layout-flow wp-block-column-is-layout-flow\">\n<figure class=\"wp-block-image size-full\"><img loading=\"lazy\" decoding=\"async\" width=\"600\" height=\"572\" src=\"https:\/\/mavinil.es\/wp-content\/uploads\/2024\/08\/Altres-activitats_1-600PX.jpg\" alt=\"\" class=\"wp-image-317\" srcset=\"https:\/\/mavinil.es\/wp-content\/uploads\/2024\/08\/Altres-activitats_1-600PX.jpg 600w, https:\/\/mavinil.es\/wp-content\/uploads\/2024\/08\/Altres-activitats_1-600PX-300x286.jpg 300w, https:\/\/mavinil.es\/wp-content\/uploads\/2024\/08\/Altres-activitats_1-600PX-13x12.jpg 13w\" sizes=\"auto, (max-width: 600px) 100vw, 600px\" \/><\/figure>\n<\/div>\n<\/div>\n\n\n\n<div class=\"wp-block-columns is-layout-flex wp-container-core-columns-is-layout-3 wp-block-columns-is-layout-flex\">\n<div class=\"wp-block-column is-layout-flow wp-block-column-is-layout-flow\">\n<figure class=\"wp-block-image size-full\"><img loading=\"lazy\" decoding=\"async\" width=\"600\" height=\"500\" src=\"https:\/\/mavinil.es\/wp-content\/uploads\/2024\/08\/Altres-activitats_2-600PX.jpg\" alt=\"\" class=\"wp-image-318\" srcset=\"https:\/\/mavinil.es\/wp-content\/uploads\/2024\/08\/Altres-activitats_2-600PX.jpg 600w, https:\/\/mavinil.es\/wp-content\/uploads\/2024\/08\/Altres-activitats_2-600PX-300x250.jpg 300w, https:\/\/mavinil.es\/wp-content\/uploads\/2024\/08\/Altres-activitats_2-600PX-14x12.jpg 14w\" sizes=\"auto, (max-width: 600px) 100vw, 600px\" \/><\/figure>\n<\/div>\n\n\n\n<div class=\"wp-block-column is-layout-flow wp-block-column-is-layout-flow\">\n<figure class=\"wp-block-image size-full\"><img loading=\"lazy\" decoding=\"async\" width=\"600\" height=\"422\" src=\"https:\/\/mavinil.es\/wp-content\/uploads\/2024\/08\/Altres-activitats_3-600PX.jpg\" alt=\"\" class=\"wp-image-319\" style=\"object-fit:cover\" srcset=\"https:\/\/mavinil.es\/wp-content\/uploads\/2024\/08\/Altres-activitats_3-600PX.jpg 600w, https:\/\/mavinil.es\/wp-content\/uploads\/2024\/08\/Altres-activitats_3-600PX-300x211.jpg 300w, https:\/\/mavinil.es\/wp-content\/uploads\/2024\/08\/Altres-activitats_3-600PX-18x12.jpg 18w\" sizes=\"auto, (max-width: 600px) 100vw, 600px\" \/><\/figure>\n\n\n\n<p><strong>Gr\u00e0cies a aquestes instal\u00b7lacions de tecnologia pr\u00f2pia que permeten la separaci\u00f3 dels pol\u00edmers diferents del PVC, podem donar un resultat en el nostre producte apte per als sectors de la injecci\u00f3, calandrant o extrusi\u00f3.<\/strong><\/p>\n<\/div>\n<\/div>\n<\/div>\n","protected":false},"excerpt":{"rendered":"<p>Altres activitats La darrera activitat de Mavinil S.A. consisteix en la compra de residus de PVC (canonades, l\u00e0mines, perfils&#8230; els quals seran tractats a la nostra planta amb la finalitat d&#8217;obtenir un producte preparat per reutilitzar-lo en diferents aplicacions com poden ser colzes de desaig\u00fces, carpetes&#8230; Un cop el PVC ha estat processat a la [&hellip;]<\/p>\n","protected":false},"author":1,"featured_media":0,"parent":0,"menu_order":5,"comment_status":"closed","ping_status":"closed","template":"page-no-title","meta":{"footnotes":""},"class_list":["post-151","page","type-page","status-publish","hentry"],"_links":{"self":[{"href":"https:\/\/mavinil.es\/index.php\/wp-json\/wp\/v2\/pages\/151","targetHints":{"allow":["GET"]}}],"collection":[{"href":"https:\/\/mavinil.es\/index.php\/wp-json\/wp\/v2\/pages"}],"about":[{"href":"https:\/\/mavinil.es\/index.php\/wp-json\/wp\/v2\/types\/page"}],"author":[{"embeddable":true,"href":"https:\/\/mavinil.es\/index.php\/wp-json\/wp\/v2\/users\/1"}],"replies":[{"embeddable":true,"href":"https:\/\/mavinil.es\/index.php\/wp-json\/wp\/v2\/comments?post=151"}],"version-history":[{"count":13,"href":"https:\/\/mavinil.es\/index.php\/wp-json\/wp\/v2\/pages\/151\/revisions"}],"predecessor-version":[{"id":1372,"href":"https:\/\/mavinil.es\/index.php\/wp-json\/wp\/v2\/pages\/151\/revisions\/1372"}],"wp:attachment":[{"href":"https:\/\/mavinil.es\/index.php\/wp-json\/wp\/v2\/media?parent=151"}],"curies":[{"name":"wp","href":"https:\/\/api.w.org\/{rel}","templated":true}]}}