{"id":3,"date":"2024-06-18T08:09:15","date_gmt":"2024-06-18T08:09:15","guid":{"rendered":"https:\/\/mavinil.es\/?page_id=3"},"modified":"2024-09-13T12:12:00","modified_gmt":"2024-09-13T12:12:00","slug":"politica-de-privacitat","status":"publish","type":"page","link":"https:\/\/mavinil.es\/index.php\/politica-de-privacitat\/","title":{"rendered":"Av\u00eds legal i Pol\u00edtica de privacitat"},"content":{"rendered":"\n<h3 class=\"wp-block-heading\">Av\u00eds legal i Pol\u00edtica de privacitat<\/h3>\n\n\n\n<h3 class=\"wp-block-heading\">Introducci\u00f3<\/h3>\n\n\n\n<p>MAVINIL S.A. \u00e9s una empresa que ha desenvolupat procediments globals sobre l\u2019\u00fas de la informaci\u00f3 amb la finalitat de garantir el respecte de la privacitat i la protecci\u00f3 de les dades dels usuaris. La nostra Pol\u00edtica de Privacitat exposa els procediments que aplica MAVINIL S.A. a la informaci\u00f3 enviada per Internet per el maneig de les dades de car\u00e0cter personal i no personal, i est\u00e0 elaborada d\u2019acord amb les lleis i normatives aplicables a Espanya. L\u2019hi preguem que llegeixi atentament aquesta Pol\u00edtica de Privacitat abans d\u2019utilitzar el lloc web de MAVINIL S.A. (en endavant \u201cLloc\u201d).<\/p>\n\n\n\n<h3 class=\"wp-block-heading\">Com s\u2019utilitza la seva informaci\u00f3?<\/h3>\n\n\n\n<p>MAVINIL S.A. no vendr\u00e0, llogar\u00e0, prestar\u00e0 ni cedir\u00e0 la seva informaci\u00f3 personal a tercers a menys que vost\u00e8 ho autoritzi o MAVINIL S.A. estigui obligada a fer-ho per llei. MAVINIL S.A. no far\u00e0 servir ni compartir\u00e0 la informaci\u00f3 personal que vost\u00e8 ens faciliti a trav\u00e9s d\u2019Internet per fins no relacionats amb els aqu\u00ed descrits sense comunicar-los-hi pr\u00e8viament perqu\u00e8 vost\u00e8 pugui rebutjar aquesta possibilitat. Nom\u00e9s compartirem la seva informaci\u00f3 personal amb entitats de MAVINIL S.A. (incloses empreses filials i associades) i\/o amb col\u00b7laboradors que actu\u00efn en el nostre nom per subministrar el servei o la informaci\u00f3 que vost\u00e8 a sol\u00b7licitat, aix\u00ed com per consolidar l\u2019emmagatzematge de dades o per simplificar la gesti\u00f3 de les dades dels clients. Aquestes entitats i\/o col\u00b7laboradors de MAVINIL S.A. estan subjectes a la nostra Pol\u00edtica de Privacitat amb respecte a l\u2019\u00fas de la informaci\u00f3 de car\u00e0cter personal, aix\u00ed com als acords de confidencialitat aplicables en cada cas.<\/p>\n\n\n\n<h3 class=\"wp-block-heading\">Quant temps conservem les seves dades?<\/h3>\n\n\n\n<p>Les dades personals proporcionades es conserven mentre es porti a cap l\u2019execuci\u00f3 dels seus serveis contractats i en els terminis previstos en les disposicions legals respecte a la prescripci\u00f3 de la responsabilitat que pugui derivar del mateix.<\/p>\n\n\n\n<h3 class=\"wp-block-heading\">Quina informaci\u00f3 recopilem?<\/h3>\n\n\n\n<p><strong>Informaci\u00f3 no personal:<\/strong><\/p>\n\n\n\n<p>En visitar el nostre Lloc, vost\u00e8 pot realitzar diverses operacions sense necessitat de facilitar-nos les seves dades personals. Tanmateix, emprem per recopilar i reunir informaci\u00f3 sobre les p\u00e0gines visitades, l\u2019ordre en el que han estat visitades i els enlla\u00e7os utilitzats, entre altres dades. Aquesta informaci\u00f3 no est\u00e0 relacionada amb ninguna dada d\u2019identificaci\u00f3 personal. La informaci\u00f3 de car\u00e0cter no personal que recopilem ens ajuda a identificar les zones m\u00e9s visitades del nostre Lloc i a con\u00e8ixer la efic\u00e0cia de les nostres activitats promocionals.<\/p>\n\n\n\n<p><strong>Informaci\u00f3 personal:<\/strong><\/p>\n\n\n\n<p>En alguns espais del Lloc de MAVINIL S.A., pot realitzar sol\u00b7licituds , expressar la seva opini\u00f3 o subscriure\u2019s a un dels nostres serves a Internet. Les dades d\u2019identificaci\u00f3 personal que poden recopilar-se en aquesta p\u00e0gina poden ser del mateix tipus que les seg\u00fcents: nom, adre\u00e7a, adre\u00e7a de correu electr\u00f2nic, n\u00famero de tel\u00e8fon, n\u00famero de fax i informaci\u00f3 sobre la seva opini\u00f3 i \u00fas de diversos serveis. MAVINIL S.A. utilitza totes aquestes dades per comprendre millor les seves necessitats i oferir-li un millor servei.<\/p>\n\n\n\n<h3 class=\"wp-block-heading\">Perqu\u00e8 recopilem la seva informaci\u00f3 personal?<\/h3>\n\n\n\n<p><strong>Llistes de correu<\/strong><\/p>\n\n\n\n<p>En ocasions, MAVINIL S.A. ofereix als visitants la possibilitat de facilitar la seva adre\u00e7a de correu electr\u00f2nic amb la fi de rebre un butllet\u00ed de not\u00edcies o informaci\u00f3 sobre un servei. Aquestes adreces de correu nom\u00e9s s\u2019utilitzaran amb aquesta finalitat i mai es compartiran amb altres empreses que no siguin filials de MAVINIL S.A. a menys que vost\u00e8 aix\u00ed ho autoritzi. A m\u00e9s, sempre li donarem l\u2019oportunitat de rebutjar la recepci\u00f3 d\u2019aquests materials.<\/p>\n\n\n\n<h3 class=\"wp-block-heading\">Com protegim la seva informaci\u00f3?<\/h3>\n\n\n\n<p>Per impedir l\u2019acc\u00e9s o la revelaci\u00f3 de dades no autoritzades, aix\u00ed com per mantenir la precisi\u00f3 de les dades i garantir un \u00fas adequat de la informaci\u00f3, hem emprat mitjans f\u00edsics, electr\u00f2nics i de gesti\u00f3 per salvaguardar les dades que recopilem a trav\u00e9s d\u2019Internet.<\/p>\n\n\n\n<h3 class=\"wp-block-heading\">Llocs web de tercers<\/h3>\n\n\n\n<p>La nostra Pol\u00edtica de Privacitat nom\u00e9s s\u2019aplica als espais del lloc web controlats per MAVINIL S.A. i els enlla\u00e7os a llocs web de terces nom\u00e9s es faciliten per la seva comoditat. \u00c9s recomanable que consulti la pol\u00edtica de privacitat d\u2019aquests llocs web abans de facilitar-los dades de car\u00e0cter personal. MAVINIL S.A. no ha revisat tots els llocs web de tercers, no t\u00e9 control algun sobre ells i declina tota responsabilitat respecte d&#8217;aquests llocs, el seu contingut i les seves pol\u00edtiques de privacitat. Per aix\u00f2, MAVINIL S.A. no aprova ni actua en representaci\u00f3 d\u2019aquests llocs web ni de la informaci\u00f3, els productes o altres materials que puguin contenir.<\/p>\n\n\n\n<h3 class=\"wp-block-heading\">Quin son els seus drets?<\/h3>\n\n\n\n<ul class=\"wp-block-list\">\n<li>Qualsevol persona te dret a obtenir confirmaci\u00f3 sobre si a MAVINIL S.A estem tractant dades personals que el concerneixin, o no.<\/li>\n\n\n\n<li>Les persones interessades tenen dret a accedir a les seves dades personals, aix\u00ed como a sol\u00b7licitar la rectificaci\u00f3 de les dades inexactes o, si cal, sol\u00b7licitar la supressi\u00f3, entre altres motius, quan les dades ja no siguin necess\u00e0ries per les finalitats per les quals es van recollir<\/li>\n\n\n\n<li>En determinades circumst\u00e0ncies previstes en l\u2019article 18 RGPD, els interessats poden sol\u00b7licitar la limitaci\u00f3 del tractament de les seves dades. En aquest cas, \u00fanicament les conservarem per exercir o defensar reclamacions.<\/li>\n\n\n\n<li>En virtut del dret a la portabilitat, els interessats tenen dret a obtenir les seves dades personals en un format estructurat d\u2019us com\u00fa i lectura mec\u00e0nica i a transmetre\u2019ls a un altre responsable.<\/li>\n<\/ul>\n\n\n\n<h3 class=\"wp-block-heading\">Com posar-se en contacte amb nosaltres?<\/h3>\n\n\n\n<p>L\u2019interessat pot exercir els seus drets dirigint-se per escrit a la nostra adre\u00e7a Crta C-35 Km 57,5, 08470 Sant Celoni (Barcelona) adjuntant c\u00f2pia del DNI. O a trav\u00e9s de la seg\u00fcent adre\u00e7a de correu electr\u00f2nic: <a href=\"mailto:info@mavinil.es?subject=Consulta%20o%20comentari%20sobre%20la%20seva%20pol%C3%ADtica%20de%20privacitat\">info@mavinil.es<\/a>.<\/p>\n\n\n\n<h3 class=\"wp-block-heading\">Dades de contacte<\/h3>\n\n\n\n<p><strong><u>MAVINIL S.A.<\/u><\/strong><br>Ctra. C-35 Km 57,5<br>08470 Sant Celoni<br>(Barcelona)<br>Tel. 93 867 62 36<br>info@mavinil.es<\/p>\n\n\n\n<h3 class=\"wp-block-heading\"><br><\/h3>\n","protected":false},"excerpt":{"rendered":"<p>Av\u00eds legal i Pol\u00edtica de privacitat Introducci\u00f3 MAVINIL S.A. \u00e9s una empresa que ha desenvolupat procediments globals sobre l\u2019\u00fas de la informaci\u00f3 amb la finalitat de garantir el respecte de la privacitat i la protecci\u00f3 de les dades dels usuaris. La nostra Pol\u00edtica de Privacitat exposa els procediments que aplica MAVINIL S.A. a la informaci\u00f3 [&hellip;]<\/p>\n","protected":false},"author":1,"featured_media":0,"parent":0,"menu_order":100,"comment_status":"closed","ping_status":"closed","template":"page-no-title","meta":{"footnotes":""},"class_list":["post-3","page","type-page","status-publish","hentry"],"_links":{"self":[{"href":"https:\/\/mavinil.es\/index.php\/wp-json\/wp\/v2\/pages\/3","targetHints":{"allow":["GET"]}}],"collection":[{"href":"https:\/\/mavinil.es\/index.php\/wp-json\/wp\/v2\/pages"}],"about":[{"href":"https:\/\/mavinil.es\/index.php\/wp-json\/wp\/v2\/types\/page"}],"author":[{"embeddable":true,"href":"https:\/\/mavinil.es\/index.php\/wp-json\/wp\/v2\/users\/1"}],"replies":[{"embeddable":true,"href":"https:\/\/mavinil.es\/index.php\/wp-json\/wp\/v2\/comments?post=3"}],"version-history":[{"count":8,"href":"https:\/\/mavinil.es\/index.php\/wp-json\/wp\/v2\/pages\/3\/revisions"}],"predecessor-version":[{"id":1287,"href":"https:\/\/mavinil.es\/index.php\/wp-json\/wp\/v2\/pages\/3\/revisions\/1287"}],"wp:attachment":[{"href":"https:\/\/mavinil.es\/index.php\/wp-json\/wp\/v2\/media?parent=3"}],"curies":[{"name":"wp","href":"https:\/\/api.w.org\/{rel}","templated":true}]}}