{"id":372,"date":"2024-08-12T13:28:15","date_gmt":"2024-08-12T13:28:15","guid":{"rendered":"https:\/\/mavinil.es\/?page_id=372"},"modified":"2024-08-13T16:38:54","modified_gmt":"2024-08-13T16:38:54","slug":"laboratori-id","status":"publish","type":"page","link":"https:\/\/mavinil.es\/index.php\/laboratori-id\/","title":{"rendered":"Laboratori I+D"},"content":{"rendered":"\n<div class=\"wp-block-group alignfull has-global-padding is-layout-constrained wp-block-group-is-layout-constrained\" style=\"margin-bottom:50px\">\n<div class=\"wp-block-columns alignfull is-layout-flex wp-container-core-columns-is-layout-1 wp-block-columns-is-layout-flex\">\n<div class=\"wp-block-column is-vertically-aligned-top is-layout-flow wp-block-column-is-layout-flow\">\n<figure class=\"wp-block-image alignfull size-full\"><img loading=\"lazy\" decoding=\"async\" width=\"2500\" height=\"800\" src=\"https:\/\/mavinil.es\/wp-content\/uploads\/2024\/08\/laboratoriID.jpg\" alt=\"\" class=\"wp-image-715\" srcset=\"https:\/\/mavinil.es\/wp-content\/uploads\/2024\/08\/laboratoriID.jpg 2500w, https:\/\/mavinil.es\/wp-content\/uploads\/2024\/08\/laboratoriID-300x96.jpg 300w, https:\/\/mavinil.es\/wp-content\/uploads\/2024\/08\/laboratoriID-1024x328.jpg 1024w, https:\/\/mavinil.es\/wp-content\/uploads\/2024\/08\/laboratoriID-768x246.jpg 768w, https:\/\/mavinil.es\/wp-content\/uploads\/2024\/08\/laboratoriID-1536x492.jpg 1536w, https:\/\/mavinil.es\/wp-content\/uploads\/2024\/08\/laboratoriID-2048x655.jpg 2048w, https:\/\/mavinil.es\/wp-content\/uploads\/2024\/08\/laboratoriID-18x6.jpg 18w\" sizes=\"auto, (max-width: 2500px) 100vw, 2500px\" \/><\/figure>\n<\/div>\n<\/div>\n<\/div>\n\n\n\n<div class=\"wp-block-group has-global-padding is-layout-constrained wp-block-group-is-layout-constrained\">\n<div class=\"wp-block-group is-nowrap is-layout-flex wp-container-core-group-is-layout-2 wp-block-group-is-layout-flex\">\n<figure class=\"wp-block-image size-full is-resized\"><img loading=\"lazy\" decoding=\"async\" width=\"249\" height=\"248\" src=\"https:\/\/mavinil.es\/wp-content\/uploads\/2024\/08\/icones-apartats-250-PX_Mesa-de-trabajo-1-copia-4.png\" alt=\"\" class=\"wp-image-328\" style=\"width:120px\" srcset=\"https:\/\/mavinil.es\/wp-content\/uploads\/2024\/08\/icones-apartats-250-PX_Mesa-de-trabajo-1-copia-4.png 249w, https:\/\/mavinil.es\/wp-content\/uploads\/2024\/08\/icones-apartats-250-PX_Mesa-de-trabajo-1-copia-4-150x150.png 150w, https:\/\/mavinil.es\/wp-content\/uploads\/2024\/08\/icones-apartats-250-PX_Mesa-de-trabajo-1-copia-4-12x12.png 12w\" sizes=\"auto, (max-width: 249px) 100vw, 249px\" \/><\/figure>\n\n\n\n<h2 class=\"wp-block-heading has-custom-color-5-color has-text-color has-link-color wp-elements-6c0fbcc5c0b85bc7b1a5e967554cdfe2\">Laboratori I+D<\/h2>\n<\/div>\n\n\n\n<div class=\"wp-block-columns is-layout-flex wp-container-core-columns-is-layout-2 wp-block-columns-is-layout-flex\">\n<div class=\"wp-block-column is-layout-flow wp-block-column-is-layout-flow\">\n<h3 class=\"wp-block-heading has-accent-3-color has-text-color has-link-color wp-elements-aa74cb9e878b02431baa357d299712c9\">Des del nostre laboratori I+D de Mavinil, us proporcionem productes personalitzats de la millor qualitat<\/h3>\n<\/div>\n\n\n\n<div class=\"wp-block-column is-layout-flow wp-block-column-is-layout-flow\">\n<p>Amb l\u2019objectiu d\u2019optimitzar el proc\u00e9s productiu en la ind\u00fastria de la transformaci\u00f3 del PVC, <strong>proporcionem una excel\u00b7lent qualitat aconseguint l\u2019homogene\u00eftzaci\u00f3 &nbsp;del color, accelerant la producci\u00f3, millorant l\u2019efici\u00e8ncia i garantint la millor qualitat<\/strong>.<\/p>\n<\/div>\n<\/div>\n\n\n\n<div class=\"wp-block-columns is-layout-flex wp-container-core-columns-is-layout-3 wp-block-columns-is-layout-flex\">\n<div class=\"wp-block-column is-layout-flow wp-block-column-is-layout-flow\">\n<figure class=\"wp-block-image size-full\"><img loading=\"lazy\" decoding=\"async\" width=\"600\" height=\"400\" src=\"https:\/\/mavinil.es\/wp-content\/uploads\/2024\/08\/laboratori-ID_1-600PX.jpg\" alt=\"\" class=\"wp-image-320\" srcset=\"https:\/\/mavinil.es\/wp-content\/uploads\/2024\/08\/laboratori-ID_1-600PX.jpg 600w, https:\/\/mavinil.es\/wp-content\/uploads\/2024\/08\/laboratori-ID_1-600PX-300x200.jpg 300w, https:\/\/mavinil.es\/wp-content\/uploads\/2024\/08\/laboratori-ID_1-600PX-18x12.jpg 18w\" sizes=\"auto, (max-width: 600px) 100vw, 600px\" \/><\/figure>\n<\/div>\n\n\n\n<div class=\"wp-block-column is-layout-flow wp-block-column-is-layout-flow\">\n<figure class=\"wp-block-image size-full\"><img loading=\"lazy\" decoding=\"async\" width=\"600\" height=\"450\" src=\"https:\/\/mavinil.es\/wp-content\/uploads\/2024\/08\/laboratori-ID_2-600PX.jpg\" alt=\"\" class=\"wp-image-321\" style=\"object-fit:cover\" srcset=\"https:\/\/mavinil.es\/wp-content\/uploads\/2024\/08\/laboratori-ID_2-600PX.jpg 600w, https:\/\/mavinil.es\/wp-content\/uploads\/2024\/08\/laboratori-ID_2-600PX-300x225.jpg 300w, https:\/\/mavinil.es\/wp-content\/uploads\/2024\/08\/laboratori-ID_2-600PX-16x12.jpg 16w\" sizes=\"auto, (max-width: 600px) 100vw, 600px\" \/><\/figure>\n<\/div>\n<\/div>\n<\/div>\n","protected":false},"excerpt":{"rendered":"<p>Laboratori I+D Des del nostre laboratori I+D de Mavinil, us proporcionem productes personalitzats de la millor qualitat Amb l\u2019objectiu d\u2019optimitzar el proc\u00e9s productiu en la ind\u00fastria de la transformaci\u00f3 del PVC, proporcionem una excel\u00b7lent qualitat aconseguint l\u2019homogene\u00eftzaci\u00f3 &nbsp;del color, accelerant la producci\u00f3, millorant l\u2019efici\u00e8ncia i garantint la millor qualitat.<\/p>\n","protected":false},"author":1,"featured_media":0,"parent":0,"menu_order":8,"comment_status":"closed","ping_status":"closed","template":"page-no-title","meta":{"footnotes":""},"class_list":["post-372","page","type-page","status-publish","hentry"],"_links":{"self":[{"href":"https:\/\/mavinil.es\/index.php\/wp-json\/wp\/v2\/pages\/372","targetHints":{"allow":["GET"]}}],"collection":[{"href":"https:\/\/mavinil.es\/index.php\/wp-json\/wp\/v2\/pages"}],"about":[{"href":"https:\/\/mavinil.es\/index.php\/wp-json\/wp\/v2\/types\/page"}],"author":[{"embeddable":true,"href":"https:\/\/mavinil.es\/index.php\/wp-json\/wp\/v2\/users\/1"}],"replies":[{"embeddable":true,"href":"https:\/\/mavinil.es\/index.php\/wp-json\/wp\/v2\/comments?post=372"}],"version-history":[{"count":10,"href":"https:\/\/mavinil.es\/index.php\/wp-json\/wp\/v2\/pages\/372\/revisions"}],"predecessor-version":[{"id":751,"href":"https:\/\/mavinil.es\/index.php\/wp-json\/wp\/v2\/pages\/372\/revisions\/751"}],"wp:attachment":[{"href":"https:\/\/mavinil.es\/index.php\/wp-json\/wp\/v2\/media?parent=372"}],"curies":[{"name":"wp","href":"https:\/\/api.w.org\/{rel}","templated":true}]}}