{"id":818,"date":"2024-08-14T09:49:35","date_gmt":"2024-08-14T09:49:35","guid":{"rendered":"https:\/\/mavinil.es\/?page_id=818"},"modified":"2024-09-16T11:50:27","modified_gmt":"2024-09-16T11:50:27","slug":"avis-de-cookies","status":"publish","type":"page","link":"https:\/\/mavinil.es\/index.php\/avis-de-cookies\/","title":{"rendered":"Av\u00eds de cookies"},"content":{"rendered":"\n<div class=\"wp-block-group has-global-padding is-layout-constrained wp-block-group-is-layout-constrained\">\n<div class=\"wp-block-columns is-layout-flex wp-container-core-columns-is-layout-1 wp-block-columns-is-layout-flex\">\n<div class=\"wp-block-column is-layout-flow wp-block-column-is-layout-flow\">\n<h3 class=\"wp-block-heading has-accent-3-color has-text-color has-link-color wp-elements-c8a54a5ff270b4e9493fc167e95264f1\">Av\u00eds de cookies<\/h3>\n\n\n\n<p><strong>INFORMACI\u00d3 SOBRE COOKIES<\/strong><\/p>\n\n\n\n<p>A causa de l\u2019entrada en vigor de la referent modificaci\u00f3 de la \u201cLlei de Serveis de la Societat de la Informaci\u00f3\u201d (LSSICE) establerta pel Real Decret 13\/2012, \u00e9s d\u2019obligaci\u00f3 obtenir el consentiment expr\u00e9s de l\u2019usuari de totes les p\u00e0gines web que utilitzen cookies prescindibles, abans que aquest navegui per elles.<\/p>\n\n\n\n<p><strong>QU\u00c8 S\u00d3N LES COOKIES?<\/strong><\/p>\n\n\n\n<p>Les cookies i altres tecnologies similars tals com local shared objects, flash cookies o p\u00edxels, son eines emprades pels servidors Web per emmagatzemar i recuperar informaci\u00f3 sobre els seus visitants, aix\u00ed com per oferir un correcte funcionament del lloc.<\/p>\n\n\n\n<p>Utilitzem cookies pr\u00f2pies i de tercers para millorar els nostres serveis, personalitzar el nostre lloc, facilitar la navegaci\u00f3 dels nostres usuaris, proporcionar-los una millor experi\u00e8ncia en l\u2019\u00fas del lloc web, identificar problemes para millorar el mateix, fer mesuraments i estad\u00edstiques d\u2019\u00fas i mostrar-li publicitat relacionada amb les seves prefer\u00e8ncies mitjan\u00e7ant l\u2019an\u00e0lisi de l\u2019\u00fas del lloc web.<\/p>\n\n\n\n<p><strong>Consentiment<\/strong><\/p>\n\n\n\n<p>L\u2019informem que podem utilitzar cookies en el seu equip a condici\u00f3 que Vost\u00e8 hagi donat el seu consentiment, excepte en els suposats en que les cookies siguin necess\u00e0ries per a la navegaci\u00f3 pel nostre lloc web. En cas que Vost\u00e8 presti el seu consentiment, podrem utilitzar cookies que ens permetran tenir m\u00e9s informaci\u00f3 sobre les seves prefer\u00e8ncies i personalitzar el nostre lloc web de conformitat amb els seus interessos individuals.<\/p>\n\n\n\n<p>En funci\u00f3 de la seva durada las cookies poden ser:<\/p>\n\n\n\n<ul class=\"wp-block-list\">\n<li><strong>De sessi\u00f3<\/strong>. S\u00f3n un tipus de cookies dissenyades per demanar i emmagatzemar dades mentre l\u2019usuari accedeix a una p\u00e0gina web. Aquestes cookies no queden emmagatzemades a l\u2019ordinador de l\u2019usuari quan caduca la sessi\u00f3 o aquest tanca el navegador.<\/li>\n\n\n\n<li><strong>Persistents<\/strong>. S\u00f3n un tipus de cookies en el que les dades emmagatzemades a l\u2019ordinador de l\u2019usuari i poden ser accedits i tractats quan l\u2019usuari abandona la p\u00e0gina web i quan es torni a connectar a ella. Aquestes cookies poden ser esborrades en qualsevol moment per l\u2019Usuari.<\/li>\n<\/ul>\n\n\n\n<p><strong>En funci\u00f3 de l\u2019entitat que las gestioni:<\/strong><\/p>\n\n\n\n<ul class=\"wp-block-list\">\n<li><strong>Cookies pr\u00f2pies<\/strong>: S\u00f3n aquelles que s\u2019envien a l\u2019equip terminal de l\u2019usuari des d&#8217;un equip o domini gestionat per el titular de la p\u00e0gina web i des de la que es presta el servei sol\u00b7licitat per l\u2019usuari.<\/li>\n\n\n\n<li><strong>Cookies de tercer<\/strong>: S\u00f3n aquelles que s&#8217;envien a l\u2019equip terminal de l\u2019usuari des d\u2019un equip o domini que no \u00e9s gestionat pel titular de la p\u00e0gina web des de la qual es presta el servei sol\u00b7licitat per l\u2019usuari, sin\u00f3 per una altra entitat que tracta les dades obtingudes a trav\u00e9s de les cookies. Aix\u00ed mateix, en el cas que les cookies siguin instal\u00b7lades des d\u2019un equip o domini gestionat pel mateix titular del lloc web per\u00f2 la informaci\u00f3 que es reculli mitjan\u00e7ant aquestes, sigui gestionada per un tercer, tamb\u00e9 seran considerades com a cookies de tercers.<\/li>\n<\/ul>\n\n\n\n<p><strong>Segons la finalitat perseguida:<\/strong><\/p>\n\n\n\n<ul class=\"wp-block-list\">\n<li><strong>Cookies t\u00e8cniques<\/strong>. S\u00f3n aquelles que permeten l\u2019usuari la navegaci\u00f3 a trav\u00e9s d&#8217;una p\u00e0gina web, plataforma o aplicaci\u00f3 i la utilitzaci\u00f3 de les diferents opcions o serveis que en ella existeixin com, per exemple, controlar el tr\u00e0fic i la comunicaci\u00f3 de dades, identificar la sessi\u00f3, accedir a partes d\u2019acc\u00e9s restringit, recordar els elements que integren una comanda, realitzar el proc\u00e9s de compra d\u2019una comanda, realitzar la sol\u00b7licitud d\u2019inscripci\u00f3 o participaci\u00f3 en un esdeveniment, utilitzar elements de seguretat durant la navegaci\u00f3, emmagatzemar contingut per la difusi\u00f3 de v\u00eddeos o so o compartir continguts a trav\u00e9s de xarxes socials.<\/li>\n\n\n\n<li><strong>Cookies de Geolocalitzaci\u00f3<\/strong>. S\u2019utilitzen per a saber a quin lloc es troba un usuari quan sol\u00b7licita un servei. Aquesta cookie es an\u00f2nima i s\u2019utilitza per exemple per oferir-l\u2019hi la informaci\u00f3 adequada depenent del pa\u00eds en el que es trobi.<\/li>\n\n\n\n<li><strong>Cookies de personalitzaci\u00f3<\/strong>. S\u00f3n aquelles que permeten a l\u2019usuari accedir al servei amb algunes caracter\u00edstiques de car\u00e0cter general predefinides en funci\u00f3 d\u2019una s\u00e8rie de criteris en el terminal de l\u2019usuari com per exemple serien l\u2019idioma, el tipus de navegador a trav\u00e9s del qual accedeix al servei, la configuraci\u00f3 regional des d\u2019on accedeix al servei, etc.<\/li>\n\n\n\n<li><strong>Cookies d\u2019an\u00e0lisi<\/strong>. S\u00f3n aquelles que permeten al responsable d&#8217;aquestes, el seguiment i an\u00e0lisi del comportament dels usuaris del lloc web al qual estan vinculades. La informaci\u00f3 recollida mitjan\u00e7ant aquest tipus de cookies s\u2019utilitza en la mesura de l\u2019activitat del lloc web, plataforma o aplicaci\u00f3 i per l&#8217;elaboraci\u00f3 de perfils de navegaci\u00f3 dels usuaris d\u2019aquest lloc web, plataforma o aplicaci\u00f3, amb la finalitat d\u2019introduir millores en funci\u00f3 de l&#8217;an\u00e0lisi de les dades d\u2019us que fan els usuaris.<\/li>\n\n\n\n<li><strong>Cookies publicit\u00e0ries<\/strong>. S\u00f3n aquelles que permeten gestionar de la forma m\u00e9s efica\u00e7 possible l&#8217;oferta dels espais publicitaris que hi ha a la p\u00e0gina web, adequant el contingut de l\u2019anunci al contingut del servei sol\u00b7licitat o a l\u2019\u00fas que realitzi de la nostra p\u00e0gina web.<\/li>\n\n\n\n<li><strong>Cookies de publicitat comportamental<\/strong>. S\u00f3n aquelles que permeten la gesti\u00f3, de la forma m\u00e9s efica\u00e7 possible, dels espais publicitaris que hi ha a la p\u00e0gina web. Aquestes cookies emmagatzemen informaci\u00f3 del comportament dels usuaris obtinguda a trav\u00e9s de l&#8217;observaci\u00f3 continuada dels seus h\u00e0bits de navegaci\u00f3, la qual cosa permet desenvolupar un perfil espec\u00edfic per mostrar publicitat en funci\u00f3 del mateix.<\/li>\n<\/ul>\n\n\n\n<p><strong>DESACTIVACI\u00d3 DE LES COOKIES<\/strong><\/p>\n\n\n\n<p>L\u2019usuari pot, en qualsevol moment, permetre, bloquejar o eliminar les cookies instal\u00b7lades en el seu equip mitjan\u00e7ant la modificaci\u00f3 dels par\u00e0metres de configuraci\u00f3 del navegador instal\u00b7lat en el seu ordinador.<\/p>\n\n\n\n<p>La desactivaci\u00f3 de les cookies no impedeix la navegaci\u00f3 pel lloc web, encara que l&#8217;\u00fas d\u2019alguns dels seus serveis podr\u00e0 ser limitat i, per tant, la seva experi\u00e8ncia de navegaci\u00f3 podr\u00e0 ser menys satisfact\u00f2ria.<\/p>\n\n\n\n<p>L\u2019usuari podr\u00e0 retirar en qualsevol moment el seu consentiment relacionat amb la Pol\u00edtica de Cookies, i podr\u00e0 eliminar les cookies emmagatzemades en el seu equip a trav\u00e9s dels ajustaments i configuracions del seu navegador d\u2019Internet.<\/p>\n<\/div>\n<\/div>\n<\/div>\n","protected":false},"excerpt":{"rendered":"<p>Av\u00eds de cookies INFORMACI\u00d3 SOBRE COOKIES A causa de l\u2019entrada en vigor de la referent modificaci\u00f3 de la \u201cLlei de Serveis de la Societat de la Informaci\u00f3\u201d (LSSICE) establerta pel Real Decret 13\/2012, \u00e9s d\u2019obligaci\u00f3 obtenir el consentiment expr\u00e9s de l\u2019usuari de totes les p\u00e0gines web que utilitzen cookies prescindibles, abans que aquest navegui per [&hellip;]<\/p>\n","protected":false},"author":1,"featured_media":0,"parent":0,"menu_order":99,"comment_status":"closed","ping_status":"closed","template":"page-no-title","meta":{"footnotes":""},"class_list":["post-818","page","type-page","status-publish","hentry"],"_links":{"self":[{"href":"https:\/\/mavinil.es\/index.php\/wp-json\/wp\/v2\/pages\/818","targetHints":{"allow":["GET"]}}],"collection":[{"href":"https:\/\/mavinil.es\/index.php\/wp-json\/wp\/v2\/pages"}],"about":[{"href":"https:\/\/mavinil.es\/index.php\/wp-json\/wp\/v2\/types\/page"}],"author":[{"embeddable":true,"href":"https:\/\/mavinil.es\/index.php\/wp-json\/wp\/v2\/users\/1"}],"replies":[{"embeddable":true,"href":"https:\/\/mavinil.es\/index.php\/wp-json\/wp\/v2\/comments?post=818"}],"version-history":[{"count":7,"href":"https:\/\/mavinil.es\/index.php\/wp-json\/wp\/v2\/pages\/818\/revisions"}],"predecessor-version":[{"id":1296,"href":"https:\/\/mavinil.es\/index.php\/wp-json\/wp\/v2\/pages\/818\/revisions\/1296"}],"wp:attachment":[{"href":"https:\/\/mavinil.es\/index.php\/wp-json\/wp\/v2\/media?parent=818"}],"curies":[{"name":"wp","href":"https:\/\/api.w.org\/{rel}","templated":true}]}}