{"id":890,"date":"2024-08-14T11:16:39","date_gmt":"2024-08-14T11:16:39","guid":{"rendered":"https:\/\/mavinil.es\/index.php\/inici-espanol\/"},"modified":"2024-10-14T11:05:10","modified_gmt":"2024-10-14T11:05:10","slug":"inici-espanol","status":"publish","type":"page","link":"https:\/\/mavinil.es\/index.php\/es\/inici-espanol\/","title":{"rendered":"Inici &#8211; ESP"},"content":{"rendered":"\n<div class=\"wp-block-group alignfull has-global-padding is-layout-constrained wp-block-group-is-layout-constrained\" style=\"margin-top:0px;margin-bottom:0px\">\n<div class=\"wp-block-columns alignfull is-layout-flex wp-container-core-columns-is-layout-1 wp-block-columns-is-layout-flex\">\n<div class=\"wp-block-column is-layout-flow wp-block-column-is-layout-flow\"><div id=\"metaslider-id-1148\" style=\"width: 100%; margin: 0 auto;\" class=\"ml-slider-3-108-0 metaslider metaslider-flex metaslider-1148 ml-slider has-dots-nav ms-theme-outline\" role=\"region\" aria-label=\"Portada ESP\" data-height=\"1087\" data-width=\"2499\">\n    <div id=\"metaslider_container_1148\">\n        <div id=\"metaslider_1148\">\n            <ul class='slides'>\n                <li style=\"display: block; width: 100%;\" class=\"slide-1149 ms-image \" aria-roledescription=\"slide\" data-date=\"2024-08-21 09:04:38\" data-filename=\"SLIDER-PPAL-CAST_1.jpg\" data-slide-type=\"image\"><img loading=\"lazy\" decoding=\"async\" src=\"https:\/\/mavinil.es\/wp-content\/uploads\/2024\/08\/SLIDER-PPAL-CAST_1.jpg\" height=\"1087\" width=\"2499\" alt=\"Mavinil SA\" class=\"slider-1148 slide-1149 msDefaultImage\" title=\"Mavinil SA\" \/><\/li>\n                <li style=\"display: none; width: 100%;\" class=\"slide-1150 ms-image \" aria-roledescription=\"slide\" data-date=\"2024-08-21 09:04:38\" data-filename=\"SLIDER-PPAL-CAST-02.jpg\" data-slide-type=\"image\"><img loading=\"lazy\" decoding=\"async\" src=\"https:\/\/mavinil.es\/wp-content\/uploads\/2024\/08\/SLIDER-PPAL-CAST-02.jpg\" height=\"1087\" width=\"2499\" alt=\"Mavinil SA\" class=\"slider-1148 slide-1150 msDefaultImage\" title=\"Mavinil SA\" \/><\/li>\n                <li style=\"display: none; width: 100%;\" class=\"slide-1151 ms-image \" aria-roledescription=\"slide\" data-date=\"2024-08-21 09:04:38\" data-filename=\"SLIDER-PPAL-CAST-03-2101x913.jpg\" data-slide-type=\"image\"><img loading=\"lazy\" decoding=\"async\" src=\"https:\/\/mavinil.es\/wp-content\/uploads\/2024\/08\/SLIDER-PPAL-CAST-03-2101x913.jpg\" height=\"1087\" width=\"2499\" alt=\"Mavinil SA\" class=\"slider-1148 slide-1151 msDefaultImage\" title=\"Mavinil SA\" \/><\/li>\n                <li style=\"display: none; width: 100%;\" class=\"slide-1152 ms-image \" aria-roledescription=\"slide\" data-date=\"2024-08-21 09:04:38\" data-filename=\"SLIDER-PPAL-CAST-04.jpg\" data-slide-type=\"image\"><img loading=\"lazy\" decoding=\"async\" src=\"https:\/\/mavinil.es\/wp-content\/uploads\/2024\/08\/SLIDER-PPAL-CAST-04.jpg\" height=\"1087\" width=\"2499\" alt=\"Mavinil SA\" class=\"slider-1148 slide-1152 msDefaultImage\" title=\"Mavinil SA\" \/><\/li>\n                <li style=\"display: none; width: 100%;\" class=\"slide-1153 ms-image \" aria-roledescription=\"slide\" data-date=\"2024-08-21 09:04:38\" data-filename=\"SLIDER-PPAL-CAST-05.jpg\" data-slide-type=\"image\"><img loading=\"lazy\" decoding=\"async\" src=\"https:\/\/mavinil.es\/wp-content\/uploads\/2024\/08\/SLIDER-PPAL-CAST-05.jpg\" height=\"1087\" width=\"2499\" alt=\"Mavinil SA\" class=\"slider-1148 slide-1153 msDefaultImage\" title=\"Mavinil SA\" \/><\/li>\n            <\/ul>\n        <\/div>\n        \n    <\/div>\n<\/div>\n<\/div>\n<\/div>\n<\/div>\n\n\n\n<div class=\"wp-block-group xixa has-global-padding is-layout-constrained wp-block-group-is-layout-constrained\" style=\"margin-top:50px;margin-bottom:0px\">\n<div class=\"wp-block-columns is-layout-flex wp-container-core-columns-is-layout-2 wp-block-columns-is-layout-flex\">\n<div class=\"wp-block-column is-layout-flow wp-block-column-is-layout-flow\" style=\"flex-basis:25%\">\n<figure class=\"wp-block-image aligncenter size-full is-resized\"><img loading=\"lazy\" decoding=\"async\" width=\"249\" height=\"248\" src=\"https:\/\/mavinil.es\/wp-content\/uploads\/2024\/08\/icones-portada-250-PX_Mesa-de-trabajo-1.png\" alt=\"\" class=\"wp-image-187\" style=\"width:100px\" srcset=\"https:\/\/mavinil.es\/wp-content\/uploads\/2024\/08\/icones-portada-250-PX_Mesa-de-trabajo-1.png 249w, https:\/\/mavinil.es\/wp-content\/uploads\/2024\/08\/icones-portada-250-PX_Mesa-de-trabajo-1-150x150.png 150w, https:\/\/mavinil.es\/wp-content\/uploads\/2024\/08\/icones-portada-250-PX_Mesa-de-trabajo-1-12x12.png 12w\" sizes=\"auto, (max-width: 249px) 100vw, 249px\" \/><\/figure>\n\n\n\n<h4 class=\"wp-block-heading has-text-align-center has-accent-3-color has-text-color has-link-color wp-elements-66f8719239d2ab9c75952f3c7106e582\" style=\"margin-top:10px\"><strong>Excelencia en el tratamiento de materias pl\u00e1sticas.<\/strong><\/h4>\n<\/div>\n\n\n\n<div class=\"wp-block-column is-layout-flow wp-block-column-is-layout-flow\" style=\"flex-basis:25%\">\n<figure class=\"wp-block-image aligncenter size-full is-resized\"><img loading=\"lazy\" decoding=\"async\" width=\"249\" height=\"248\" src=\"https:\/\/mavinil.es\/wp-content\/uploads\/2024\/08\/icones-portada-250-PX_Mesa-de-trabajo-1-copia.png\" alt=\"\" class=\"wp-image-188\" style=\"width:100px\" srcset=\"https:\/\/mavinil.es\/wp-content\/uploads\/2024\/08\/icones-portada-250-PX_Mesa-de-trabajo-1-copia.png 249w, https:\/\/mavinil.es\/wp-content\/uploads\/2024\/08\/icones-portada-250-PX_Mesa-de-trabajo-1-copia-150x150.png 150w, https:\/\/mavinil.es\/wp-content\/uploads\/2024\/08\/icones-portada-250-PX_Mesa-de-trabajo-1-copia-12x12.png 12w\" sizes=\"auto, (max-width: 249px) 100vw, 249px\" \/><\/figure>\n\n\n\n<h4 class=\"wp-block-heading has-text-align-center has-accent-3-color has-text-color has-link-color wp-elements-86456cf7f316c86f8176a79944b7102f\" style=\"margin-top:10px\"><strong>Laboratorio I+D<\/strong><br><\/h4>\n<\/div>\n\n\n\n<div class=\"wp-block-column is-layout-flow wp-block-column-is-layout-flow\" style=\"flex-basis:25%\">\n<figure class=\"wp-block-image aligncenter size-full is-resized\"><img loading=\"lazy\" decoding=\"async\" width=\"249\" height=\"254\" src=\"https:\/\/mavinil.es\/wp-content\/uploads\/2024\/08\/icones-portada-250-PX_Mesa-de-trabajo-1-copia-2.png\" alt=\"\" class=\"wp-image-189\" style=\"width:100px\" srcset=\"https:\/\/mavinil.es\/wp-content\/uploads\/2024\/08\/icones-portada-250-PX_Mesa-de-trabajo-1-copia-2.png 249w, https:\/\/mavinil.es\/wp-content\/uploads\/2024\/08\/icones-portada-250-PX_Mesa-de-trabajo-1-copia-2-12x12.png 12w\" sizes=\"auto, (max-width: 249px) 100vw, 249px\" \/><\/figure>\n\n\n\n<h4 class=\"wp-block-heading has-text-align-center has-accent-3-color has-text-color has-link-color wp-elements-42533af3b1e08860afd82001d37cc6f9\" style=\"margin-top:10px\"><strong>Separaci\u00f3n de PVC bicapa<\/strong><br>Resultados aptos para los sectores de la inyecci\u00f3n, calandrado o extrusi\u00f3n.<\/h4>\n<\/div>\n\n\n\n<div class=\"wp-block-column is-layout-flow wp-block-column-is-layout-flow\" style=\"flex-basis:25%\">\n<figure class=\"wp-block-image aligncenter size-full is-resized\"><img loading=\"lazy\" decoding=\"async\" width=\"249\" height=\"254\" src=\"https:\/\/mavinil.es\/wp-content\/uploads\/2024\/08\/icones-portada-250-PX_Mesa-de-trabajo-1-copia-3.png\" alt=\"\" class=\"wp-image-190\" style=\"width:100px\" srcset=\"https:\/\/mavinil.es\/wp-content\/uploads\/2024\/08\/icones-portada-250-PX_Mesa-de-trabajo-1-copia-3.png 249w, https:\/\/mavinil.es\/wp-content\/uploads\/2024\/08\/icones-portada-250-PX_Mesa-de-trabajo-1-copia-3-12x12.png 12w\" sizes=\"auto, (max-width: 249px) 100vw, 249px\" \/><\/figure>\n\n\n\n<h4 class=\"wp-block-heading has-text-align-center has-accent-3-color has-text-color has-link-color wp-elements-18c267b327956ac6cda214228ffa2702\" style=\"margin-top:10px\"><strong>Damos respuestas <\/strong>personalizadas para ofrecer <strong>la mejor soluci\u00f3n<\/strong>.<\/h4>\n<\/div>\n<\/div>\n\n\n\n<div class=\"wp-block-columns is-layout-flex wp-container-core-columns-is-layout-3 wp-block-columns-is-layout-flex\" style=\"margin-top:50px;padding-top:0px;padding-bottom:0px\">\n<div class=\"wp-block-column is-layout-flow wp-block-column-is-layout-flow\" style=\"border-bottom-color:var(--wp--preset--color--custom-color-1);border-bottom-width:7px\">\n<figure class=\"wp-block-image size-full\"><a href=\"https:\/\/mavinil.es\/index.php\/es\/trituracion\/\"><img loading=\"lazy\" decoding=\"async\" width=\"598\" height=\"598\" src=\"https:\/\/mavinil.es\/wp-content\/uploads\/2024\/08\/FOTOS-PORTADA-600PX_Mesa-de-trabajo-1.jpg\" alt=\"\" class=\"wp-image-214\" srcset=\"https:\/\/mavinil.es\/wp-content\/uploads\/2024\/08\/FOTOS-PORTADA-600PX_Mesa-de-trabajo-1.jpg 598w, https:\/\/mavinil.es\/wp-content\/uploads\/2024\/08\/FOTOS-PORTADA-600PX_Mesa-de-trabajo-1-300x300.jpg 300w, https:\/\/mavinil.es\/wp-content\/uploads\/2024\/08\/FOTOS-PORTADA-600PX_Mesa-de-trabajo-1-150x150.jpg 150w, https:\/\/mavinil.es\/wp-content\/uploads\/2024\/08\/FOTOS-PORTADA-600PX_Mesa-de-trabajo-1-12x12.jpg 12w\" sizes=\"auto, (max-width: 598px) 100vw, 598px\" \/><\/a><\/figure>\n\n\n\n<h3 class=\"wp-block-heading has-text-align-center colH1 has-accent-3-color has-text-color has-link-color wp-elements-1113fa19371dfa5f4765ab7665a2df5f\" style=\"margin-top:10px;margin-bottom:5px;padding-top:0px;padding-bottom:0px\"><a href=\"https:\/\/mavinil.es\/index.php\/es\/trituracion\/\" data-type=\"page\" data-id=\"989\">Trituraci\u00f3n<\/a><\/h3>\n<\/div>\n\n\n\n<div class=\"wp-block-column is-layout-flow wp-block-column-is-layout-flow\" style=\"border-bottom-color:var(--wp--preset--color--custom-color-2);border-bottom-width:7px\">\n<figure class=\"wp-block-image size-full\"><a href=\"https:\/\/mavinil.es\/index.php\/es\/micronizacion\/\"><img loading=\"lazy\" decoding=\"async\" width=\"598\" height=\"598\" src=\"https:\/\/mavinil.es\/wp-content\/uploads\/2024\/08\/FOTOS-PORTADA-600PX_Micronitzacio.jpg\" alt=\"\" class=\"wp-image-215\" srcset=\"https:\/\/mavinil.es\/wp-content\/uploads\/2024\/08\/FOTOS-PORTADA-600PX_Micronitzacio.jpg 598w, https:\/\/mavinil.es\/wp-content\/uploads\/2024\/08\/FOTOS-PORTADA-600PX_Micronitzacio-300x300.jpg 300w, https:\/\/mavinil.es\/wp-content\/uploads\/2024\/08\/FOTOS-PORTADA-600PX_Micronitzacio-150x150.jpg 150w, https:\/\/mavinil.es\/wp-content\/uploads\/2024\/08\/FOTOS-PORTADA-600PX_Micronitzacio-12x12.jpg 12w\" sizes=\"auto, (max-width: 598px) 100vw, 598px\" \/><\/a><\/figure>\n\n\n\n<h3 class=\"wp-block-heading has-text-align-center colH2 has-accent-3-color has-text-color has-link-color wp-elements-588084e25178110a1090c6da04cfcfa5\" style=\"margin-top:10px;margin-bottom:5px;padding-top:0px;padding-bottom:0px\"><a href=\"https:\/\/mavinil.es\/index.php\/es\/micronizacion\/\" data-type=\"page\" data-id=\"992\">Micronizaci\u00f3n<\/a><\/h3>\n<\/div>\n\n\n\n<div class=\"wp-block-column is-layout-flow wp-block-column-is-layout-flow\" style=\"border-bottom-color:var(--wp--preset--color--custom-color-3);border-bottom-width:7px\">\n<figure class=\"wp-block-image size-full\"><a href=\"https:\/\/mavinil.es\/index.php\/es\/separacion-de-fibras\/\"><img loading=\"lazy\" decoding=\"async\" width=\"598\" height=\"598\" src=\"https:\/\/mavinil.es\/wp-content\/uploads\/2024\/08\/FOTOS-PORTADA-600PX_Separacio-fibres.jpg\" alt=\"\" class=\"wp-image-216\" srcset=\"https:\/\/mavinil.es\/wp-content\/uploads\/2024\/08\/FOTOS-PORTADA-600PX_Separacio-fibres.jpg 598w, https:\/\/mavinil.es\/wp-content\/uploads\/2024\/08\/FOTOS-PORTADA-600PX_Separacio-fibres-300x300.jpg 300w, https:\/\/mavinil.es\/wp-content\/uploads\/2024\/08\/FOTOS-PORTADA-600PX_Separacio-fibres-150x150.jpg 150w, https:\/\/mavinil.es\/wp-content\/uploads\/2024\/08\/FOTOS-PORTADA-600PX_Separacio-fibres-12x12.jpg 12w\" sizes=\"auto, (max-width: 598px) 100vw, 598px\" \/><\/a><\/figure>\n\n\n\n<h3 class=\"wp-block-heading has-text-align-center colH3 has-accent-3-color has-text-color has-link-color wp-elements-929b0727cc7ebd079d7fa4cd90acb160\" style=\"margin-top:10px;margin-bottom:5px;padding-top:0px;padding-bottom:0px\"><a href=\"https:\/\/mavinil.es\/index.php\/es\/separacion-de-fibras\/\" data-type=\"page\" data-id=\"1016\">Separaci\u00f3n de fibras<\/a><\/h3>\n<\/div>\n<\/div>\n\n\n\n<div class=\"wp-block-columns is-layout-flex wp-container-core-columns-is-layout-4 wp-block-columns-is-layout-flex\" style=\"margin-top:30px;padding-top:0px;padding-bottom:0px\">\n<div class=\"wp-block-column is-layout-flow wp-block-column-is-layout-flow\" style=\"border-bottom-color:var(--wp--preset--color--custom-color-4);border-bottom-width:7px\">\n<figure class=\"wp-block-image size-full\"><a href=\"https:\/\/mavinil.es\/index.php\/es\/otras-actividades\/\"><img loading=\"lazy\" decoding=\"async\" width=\"598\" height=\"598\" src=\"https:\/\/mavinil.es\/wp-content\/uploads\/2024\/08\/FOTOS-PORTADA-600PX_Altres-activitats.jpg\" alt=\"\" class=\"wp-image-217\" srcset=\"https:\/\/mavinil.es\/wp-content\/uploads\/2024\/08\/FOTOS-PORTADA-600PX_Altres-activitats.jpg 598w, https:\/\/mavinil.es\/wp-content\/uploads\/2024\/08\/FOTOS-PORTADA-600PX_Altres-activitats-300x300.jpg 300w, https:\/\/mavinil.es\/wp-content\/uploads\/2024\/08\/FOTOS-PORTADA-600PX_Altres-activitats-150x150.jpg 150w, https:\/\/mavinil.es\/wp-content\/uploads\/2024\/08\/FOTOS-PORTADA-600PX_Altres-activitats-12x12.jpg 12w\" sizes=\"auto, (max-width: 598px) 100vw, 598px\" \/><\/a><\/figure>\n\n\n\n<h3 class=\"wp-block-heading has-text-align-center colH4 has-accent-3-color has-text-color has-link-color wp-elements-75b72141a4926b2270086b05c774da72\" style=\"margin-top:10px;margin-bottom:5px;padding-top:0px;padding-bottom:0px\"><a href=\"https:\/\/mavinil.es\/index.php\/es\/otras-actividades\/\" data-type=\"page\" data-id=\"1013\">Otras actividades<\/a><\/h3>\n<\/div>\n\n\n\n<div class=\"wp-block-column is-layout-flow wp-block-column-is-layout-flow\" style=\"border-bottom-color:var(--wp--preset--color--custom-color-5);border-bottom-width:7px\">\n<figure class=\"wp-block-image size-full\"><a href=\"https:\/\/mavinil.es\/index.php\/es\/laboratorio-id\/\"><img loading=\"lazy\" decoding=\"async\" width=\"598\" height=\"598\" src=\"https:\/\/mavinil.es\/wp-content\/uploads\/2024\/08\/FOTOS-PORTADA-600PX_laboratori.jpg\" alt=\"\" class=\"wp-image-218\" srcset=\"https:\/\/mavinil.es\/wp-content\/uploads\/2024\/08\/FOTOS-PORTADA-600PX_laboratori.jpg 598w, https:\/\/mavinil.es\/wp-content\/uploads\/2024\/08\/FOTOS-PORTADA-600PX_laboratori-300x300.jpg 300w, https:\/\/mavinil.es\/wp-content\/uploads\/2024\/08\/FOTOS-PORTADA-600PX_laboratori-150x150.jpg 150w, https:\/\/mavinil.es\/wp-content\/uploads\/2024\/08\/FOTOS-PORTADA-600PX_laboratori-12x12.jpg 12w\" sizes=\"auto, (max-width: 598px) 100vw, 598px\" \/><\/a><\/figure>\n\n\n\n<h3 class=\"wp-block-heading has-text-align-center colH5 has-accent-3-color has-text-color has-link-color wp-elements-c6516800234cd068ea23f88fd4659675\" style=\"margin-top:10px;margin-bottom:5px;padding-top:0px;padding-bottom:0px\"><a href=\"https:\/\/mavinil.es\/index.php\/es\/laboratorio-id\/\" data-type=\"page\" data-id=\"1010\">Laboratorio I+D<\/a><\/h3>\n<\/div>\n\n\n\n<div class=\"wp-block-column is-layout-flow wp-block-column-is-layout-flow\" style=\"border-bottom-color:var(--wp--preset--color--custom-color-6);border-bottom-width:7px\">\n<figure class=\"wp-block-image size-full\"><a href=\"https:\/\/mavinil.es\/index.php\/es\/formacion\/\"><img loading=\"lazy\" decoding=\"async\" width=\"598\" height=\"598\" src=\"https:\/\/mavinil.es\/wp-content\/uploads\/2024\/08\/FOTOS-PORTADA-600PX_Formacio.jpg\" alt=\"\" class=\"wp-image-219\" srcset=\"https:\/\/mavinil.es\/wp-content\/uploads\/2024\/08\/FOTOS-PORTADA-600PX_Formacio.jpg 598w, https:\/\/mavinil.es\/wp-content\/uploads\/2024\/08\/FOTOS-PORTADA-600PX_Formacio-300x300.jpg 300w, https:\/\/mavinil.es\/wp-content\/uploads\/2024\/08\/FOTOS-PORTADA-600PX_Formacio-150x150.jpg 150w, https:\/\/mavinil.es\/wp-content\/uploads\/2024\/08\/FOTOS-PORTADA-600PX_Formacio-12x12.jpg 12w\" sizes=\"auto, (max-width: 598px) 100vw, 598px\" \/><\/a><\/figure>\n\n\n\n<h3 class=\"wp-block-heading has-text-align-center colH6 has-accent-3-color has-text-color has-link-color wp-elements-eafaae73504532c77c42339535a0b1a2\" style=\"margin-top:10px;margin-bottom:5px;padding-top:0px;padding-bottom:0px\"><a href=\"https:\/\/mavinil.es\/index.php\/es\/formacion\/\" data-type=\"page\" data-id=\"1004\">Formaci\u00f3n<\/a><\/h3>\n<\/div>\n<\/div>\n\n\n\n<div class=\"wp-block-columns is-layout-flex wp-container-core-columns-is-layout-5 wp-block-columns-is-layout-flex\" style=\"margin-top:30px;padding-top:0px;padding-bottom:0px\">\n<div class=\"wp-block-column is-layout-flow wp-block-column-is-layout-flow\" style=\"border-bottom-color:var(--wp--preset--color--custom-color-7);border-bottom-width:7px\">\n<figure class=\"wp-block-image size-full\"><a href=\"https:\/\/mavinil.es\/index.php\/es\/separacion-de-fibras\/\"><img loading=\"lazy\" decoding=\"async\" width=\"598\" height=\"598\" src=\"https:\/\/mavinil.es\/wp-content\/uploads\/2024\/08\/FOTOS-PORTADA-600PX_separacio-bicapa.jpg\" alt=\"\" class=\"wp-image-220\" srcset=\"https:\/\/mavinil.es\/wp-content\/uploads\/2024\/08\/FOTOS-PORTADA-600PX_separacio-bicapa.jpg 598w, https:\/\/mavinil.es\/wp-content\/uploads\/2024\/08\/FOTOS-PORTADA-600PX_separacio-bicapa-300x300.jpg 300w, https:\/\/mavinil.es\/wp-content\/uploads\/2024\/08\/FOTOS-PORTADA-600PX_separacio-bicapa-150x150.jpg 150w, https:\/\/mavinil.es\/wp-content\/uploads\/2024\/08\/FOTOS-PORTADA-600PX_separacio-bicapa-12x12.jpg 12w\" sizes=\"auto, (max-width: 598px) 100vw, 598px\" \/><\/a><\/figure>\n\n\n\n<h3 class=\"wp-block-heading has-text-align-center colH7 has-accent-3-color has-text-color has-link-color wp-elements-2ba23dd810a2406820694be5afb23788\" style=\"margin-top:10px;margin-bottom:5px;padding-top:0px;padding-bottom:0px\"><a href=\"https:\/\/mavinil.es\/index.php\/es\/separacion-de-fibras\/\" data-type=\"page\" data-id=\"1016\">Separaci\u00f3n de bicapa<\/a><\/h3>\n<\/div>\n\n\n\n<div class=\"wp-block-column is-layout-flow wp-block-column-is-layout-flow\" style=\"border-bottom-color:var(--wp--preset--color--custom-color-8);border-bottom-width:7px\">\n<figure class=\"wp-block-image size-full\"><a href=\"https:\/\/mavinil.es\/index.php\/es\/quienes-somos\/\"><img loading=\"lazy\" decoding=\"async\" width=\"598\" height=\"598\" src=\"https:\/\/mavinil.es\/wp-content\/uploads\/2024\/08\/FOTOS-PORTADA-600PX_QUi-som.jpg\" alt=\"\" class=\"wp-image-221\" srcset=\"https:\/\/mavinil.es\/wp-content\/uploads\/2024\/08\/FOTOS-PORTADA-600PX_QUi-som.jpg 598w, https:\/\/mavinil.es\/wp-content\/uploads\/2024\/08\/FOTOS-PORTADA-600PX_QUi-som-300x300.jpg 300w, https:\/\/mavinil.es\/wp-content\/uploads\/2024\/08\/FOTOS-PORTADA-600PX_QUi-som-150x150.jpg 150w, https:\/\/mavinil.es\/wp-content\/uploads\/2024\/08\/FOTOS-PORTADA-600PX_QUi-som-12x12.jpg 12w\" sizes=\"auto, (max-width: 598px) 100vw, 598px\" \/><\/a><\/figure>\n\n\n\n<h3 class=\"wp-block-heading has-text-align-center colH8 has-accent-3-color has-text-color has-link-color wp-elements-0a3b89b9880b058604edd373434d84b8\" style=\"margin-top:10px;margin-bottom:5px;padding-top:0px;padding-bottom:0px\"><a href=\"https:\/\/mavinil.es\/index.php\/es\/quienes-somos\/\" data-type=\"page\" data-id=\"986\">Qui\u00e9nes somos<\/a><\/h3>\n<\/div>\n\n\n\n<div class=\"wp-block-column is-layout-flow wp-block-column-is-layout-flow\" style=\"border-bottom-color:var(--wp--preset--color--custom-color-9);border-bottom-width:7px\">\n<figure class=\"wp-block-image size-full\"><a href=\"https:\/\/mavinil.es\/index.php\/es\/sostenibilidad\/\"><img loading=\"lazy\" decoding=\"async\" width=\"598\" height=\"598\" src=\"https:\/\/mavinil.es\/wp-content\/uploads\/2024\/08\/FOTOS-PORTADA-600PX_Sostenibilitat.jpg\" alt=\"\" class=\"wp-image-222\" srcset=\"https:\/\/mavinil.es\/wp-content\/uploads\/2024\/08\/FOTOS-PORTADA-600PX_Sostenibilitat.jpg 598w, https:\/\/mavinil.es\/wp-content\/uploads\/2024\/08\/FOTOS-PORTADA-600PX_Sostenibilitat-300x300.jpg 300w, https:\/\/mavinil.es\/wp-content\/uploads\/2024\/08\/FOTOS-PORTADA-600PX_Sostenibilitat-150x150.jpg 150w, https:\/\/mavinil.es\/wp-content\/uploads\/2024\/08\/FOTOS-PORTADA-600PX_Sostenibilitat-12x12.jpg 12w\" sizes=\"auto, (max-width: 598px) 100vw, 598px\" \/><\/a><\/figure>\n\n\n\n<h3 class=\"wp-block-heading has-text-align-center colH9 has-accent-3-color has-text-color has-link-color wp-elements-63e4804817f46b67de3f9fdde9c65dea\" style=\"margin-top:10px;margin-bottom:5px;padding-top:0px;padding-bottom:0px\"><a href=\"https:\/\/mavinil.es\/index.php\/es\/sostenibilidad\/\" data-type=\"page\" data-id=\"1007\">Sostenibilidad<\/a><\/h3>\n<\/div>\n<\/div>\n<\/div>\n","protected":false},"excerpt":{"rendered":"<p>Excelencia en el tratamiento de materias pl\u00e1sticas. Laboratorio I+D Separaci\u00f3n de PVC bicapaResultados aptos para los sectores de la inyecci\u00f3n, calandrado o extrusi\u00f3n. Damos respuestas personalizadas para ofrecer la mejor soluci\u00f3n. Trituraci\u00f3n Micronizaci\u00f3n Separaci\u00f3n de fibras Otras actividades Laboratorio I+D Formaci\u00f3n Separaci\u00f3n de bicapa Qui\u00e9nes somos Sostenibilidad<\/p>\n","protected":false},"author":1,"featured_media":0,"parent":0,"menu_order":0,"comment_status":"closed","ping_status":"closed","template":"wp-custom-template-p-gina-sense-t-tol-esp","meta":{"footnotes":""},"class_list":["post-890","page","type-page","status-publish","hentry"],"_links":{"self":[{"href":"https:\/\/mavinil.es\/index.php\/wp-json\/wp\/v2\/pages\/890","targetHints":{"allow":["GET"]}}],"collection":[{"href":"https:\/\/mavinil.es\/index.php\/wp-json\/wp\/v2\/pages"}],"about":[{"href":"https:\/\/mavinil.es\/index.php\/wp-json\/wp\/v2\/types\/page"}],"author":[{"embeddable":true,"href":"https:\/\/mavinil.es\/index.php\/wp-json\/wp\/v2\/users\/1"}],"replies":[{"embeddable":true,"href":"https:\/\/mavinil.es\/index.php\/wp-json\/wp\/v2\/comments?post=890"}],"version-history":[{"count":14,"href":"https:\/\/mavinil.es\/index.php\/wp-json\/wp\/v2\/pages\/890\/revisions"}],"predecessor-version":[{"id":1329,"href":"https:\/\/mavinil.es\/index.php\/wp-json\/wp\/v2\/pages\/890\/revisions\/1329"}],"wp:attachment":[{"href":"https:\/\/mavinil.es\/index.php\/wp-json\/wp\/v2\/media?parent=890"}],"curies":[{"name":"wp","href":"https:\/\/api.w.org\/{rel}","templated":true}]}}