{"id":989,"date":"2024-08-14T14:27:10","date_gmt":"2024-08-14T14:27:10","guid":{"rendered":"https:\/\/mavinil.es\/?page_id=989"},"modified":"2025-02-10T12:24:32","modified_gmt":"2025-02-10T12:24:32","slug":"trituracion","status":"publish","type":"page","link":"https:\/\/mavinil.es\/index.php\/es\/trituracion\/","title":{"rendered":"Trituraci\u00f3 &#8211; ESP"},"content":{"rendered":"\n<div class=\"wp-block-group alignfull has-global-padding is-layout-constrained wp-block-group-is-layout-constrained\" style=\"margin-bottom:50px\">\n<div class=\"wp-block-columns alignfull is-layout-flex wp-container-core-columns-is-layout-1 wp-block-columns-is-layout-flex\">\n<div class=\"wp-block-column is-vertically-aligned-top is-layout-flow wp-block-column-is-layout-flow\">\n<figure class=\"wp-block-image alignfull size-full\"><img loading=\"lazy\" decoding=\"async\" width=\"2500\" height=\"800\" src=\"https:\/\/mavinil.es\/wp-content\/uploads\/2024\/08\/trituracio-1.jpg\" alt=\"\" class=\"wp-image-696\" srcset=\"https:\/\/mavinil.es\/wp-content\/uploads\/2024\/08\/trituracio-1.jpg 2500w, https:\/\/mavinil.es\/wp-content\/uploads\/2024\/08\/trituracio-1-300x96.jpg 300w, https:\/\/mavinil.es\/wp-content\/uploads\/2024\/08\/trituracio-1-1024x328.jpg 1024w, https:\/\/mavinil.es\/wp-content\/uploads\/2024\/08\/trituracio-1-768x246.jpg 768w, https:\/\/mavinil.es\/wp-content\/uploads\/2024\/08\/trituracio-1-1536x492.jpg 1536w, https:\/\/mavinil.es\/wp-content\/uploads\/2024\/08\/trituracio-1-2048x655.jpg 2048w, https:\/\/mavinil.es\/wp-content\/uploads\/2024\/08\/trituracio-1-18x6.jpg 18w\" sizes=\"auto, (max-width: 2500px) 100vw, 2500px\" \/><\/figure>\n<\/div>\n<\/div>\n<\/div>\n\n\n\n<div class=\"wp-block-group has-global-padding is-layout-constrained wp-block-group-is-layout-constrained\">\n<div class=\"wp-block-group is-nowrap is-layout-flex wp-container-core-group-is-layout-2 wp-block-group-is-layout-flex\">\n<figure class=\"wp-block-image size-full is-resized\"><img loading=\"lazy\" decoding=\"async\" width=\"249\" height=\"248\" src=\"https:\/\/mavinil.es\/wp-content\/uploads\/2024\/08\/icones-apartats-250-PX-1.png\" alt=\"\" class=\"wp-image-324\" style=\"width:120px\" srcset=\"https:\/\/mavinil.es\/wp-content\/uploads\/2024\/08\/icones-apartats-250-PX-1.png 249w, https:\/\/mavinil.es\/wp-content\/uploads\/2024\/08\/icones-apartats-250-PX-1-150x150.png 150w, https:\/\/mavinil.es\/wp-content\/uploads\/2024\/08\/icones-apartats-250-PX-1-12x12.png 12w\" sizes=\"auto, (max-width: 249px) 100vw, 249px\" \/><\/figure>\n\n\n\n<h2 class=\"wp-block-heading has-custom-color-1-color has-text-color has-link-color wp-elements-7b52168bf2d8cadc586f633ce718df89\" style=\"margin-top:0px;margin-right:0px;margin-bottom:0px;margin-left:0px\">Trituraci\u00f3n<\/h2>\n<\/div>\n\n\n\n<div class=\"wp-block-columns is-layout-flex wp-container-core-columns-is-layout-2 wp-block-columns-is-layout-flex\">\n<div class=\"wp-block-column is-layout-flow wp-block-column-is-layout-flow\" style=\"flex-basis:50%\">\n<p>Disponemos de 4 instalaciones preparadas para triturar todo tipo de pol\u00edmeros entre unas medidas de 4 y 12 mm. Aunque mayoritariamente trabajamos con PVC, estas instalaciones tambi\u00e9n pueden trabajar con otros tipos de pol\u00edmeros (PP, PS, PU, PE&#8230;).<\/p>\n\n\n\n<p>Estas instalaciones disponen de un sistema de refrigeraci\u00f3n por agua para as\u00ed poder evitar un posible sobrecalentamiento del material dentro de la c\u00e1mara de trituraci\u00f3n.<\/p>\n\n\n\n<p>As\u00ed mismo, se garantiza la no degradaci\u00f3n del producto y se consigue un buen formato de la escama triturada.<\/p>\n<\/div>\n\n\n\n<div class=\"wp-block-column is-layout-flow wp-block-column-is-layout-flow\" style=\"flex-basis:50%\">\n<figure class=\"wp-block-image size-full\"><img loading=\"lazy\" decoding=\"async\" width=\"600\" height=\"400\" src=\"https:\/\/mavinil.es\/wp-content\/uploads\/2024\/08\/TRITURACIO_INTERIOR-600PX.jpg\" alt=\"\" class=\"wp-image-310\" srcset=\"https:\/\/mavinil.es\/wp-content\/uploads\/2024\/08\/TRITURACIO_INTERIOR-600PX.jpg 600w, https:\/\/mavinil.es\/wp-content\/uploads\/2024\/08\/TRITURACIO_INTERIOR-600PX-300x200.jpg 300w, https:\/\/mavinil.es\/wp-content\/uploads\/2024\/08\/TRITURACIO_INTERIOR-600PX-18x12.jpg 18w\" sizes=\"auto, (max-width: 600px) 100vw, 600px\" \/><\/figure>\n<\/div>\n<\/div>\n\n\n\n<div class=\"wp-block-columns is-layout-flex wp-container-core-columns-is-layout-3 wp-block-columns-is-layout-flex\">\n<div class=\"wp-block-column is-layout-flow wp-block-column-is-layout-flow\">\n<figure class=\"wp-block-image size-full\"><img loading=\"lazy\" decoding=\"async\" width=\"800\" height=\"400\" src=\"https:\/\/mavinil.es\/wp-content\/uploads\/2024\/08\/sacsBb.jpg\" alt=\"\" class=\"wp-image-720\" srcset=\"https:\/\/mavinil.es\/wp-content\/uploads\/2024\/08\/sacsBb.jpg 800w, https:\/\/mavinil.es\/wp-content\/uploads\/2024\/08\/sacsBb-300x150.jpg 300w, https:\/\/mavinil.es\/wp-content\/uploads\/2024\/08\/sacsBb-768x384.jpg 768w, https:\/\/mavinil.es\/wp-content\/uploads\/2024\/08\/sacsBb-18x9.jpg 18w\" sizes=\"auto, (max-width: 800px) 100vw, 800px\" \/><\/figure>\n<\/div>\n\n\n\n<div class=\"wp-block-column is-layout-flow wp-block-column-is-layout-flow\">\n<p>Con tal de evitar la peque\u00f1a opci\u00f3n de que el material quede contaminado con materias f\u00e9rreas, estas instalaciones constan con un sistema de imanes y detector de metales.<\/p>\n\n\n\n<p>Finalmente, el material pasa a un sistema de homogenizaci\u00f3n con una capacidad m\u00e1xima de 14 toneladas.<\/p>\n\n\n\n<p>Una vez el producto est\u00e1 terminado, este se entrega en big bags paletizados con unos pesos de entre 500 y 1500kg.<\/p>\n<\/div>\n<\/div>\n<\/div>\n","protected":false},"excerpt":{"rendered":"<p>Trituraci\u00f3n Disponemos de 4 instalaciones preparadas para triturar todo tipo de pol\u00edmeros entre unas medidas de 4 y 12 mm. Aunque mayoritariamente trabajamos con PVC, estas instalaciones tambi\u00e9n pueden trabajar con otros tipos de pol\u00edmeros (PP, PS, PU, PE&#8230;). Estas instalaciones disponen de un sistema de refrigeraci\u00f3n por agua para as\u00ed poder evitar un posible [&hellip;]<\/p>\n","protected":false},"author":1,"featured_media":0,"parent":0,"menu_order":2,"comment_status":"closed","ping_status":"closed","template":"wp-custom-template-p-gina-sense-t-tol-esp","meta":{"footnotes":""},"class_list":["post-989","page","type-page","status-publish","hentry"],"_links":{"self":[{"href":"https:\/\/mavinil.es\/index.php\/wp-json\/wp\/v2\/pages\/989","targetHints":{"allow":["GET"]}}],"collection":[{"href":"https:\/\/mavinil.es\/index.php\/wp-json\/wp\/v2\/pages"}],"about":[{"href":"https:\/\/mavinil.es\/index.php\/wp-json\/wp\/v2\/types\/page"}],"author":[{"embeddable":true,"href":"https:\/\/mavinil.es\/index.php\/wp-json\/wp\/v2\/users\/1"}],"replies":[{"embeddable":true,"href":"https:\/\/mavinil.es\/index.php\/wp-json\/wp\/v2\/comments?post=989"}],"version-history":[{"count":6,"href":"https:\/\/mavinil.es\/index.php\/wp-json\/wp\/v2\/pages\/989\/revisions"}],"predecessor-version":[{"id":1364,"href":"https:\/\/mavinil.es\/index.php\/wp-json\/wp\/v2\/pages\/989\/revisions\/1364"}],"wp:attachment":[{"href":"https:\/\/mavinil.es\/index.php\/wp-json\/wp\/v2\/media?parent=989"}],"curies":[{"name":"wp","href":"https:\/\/api.w.org\/{rel}","templated":true}]}}