{"id":992,"date":"2024-08-14T14:27:47","date_gmt":"2024-08-14T14:27:47","guid":{"rendered":"https:\/\/mavinil.es\/?page_id=992"},"modified":"2025-02-10T12:25:57","modified_gmt":"2025-02-10T12:25:57","slug":"micronizacion","status":"publish","type":"page","link":"https:\/\/mavinil.es\/index.php\/es\/micronizacion\/","title":{"rendered":"Microntizaci\u00f3 &#8211; ESP"},"content":{"rendered":"\n<div class=\"wp-block-group alignfull has-global-padding is-layout-constrained wp-block-group-is-layout-constrained\" style=\"margin-bottom:50px\">\n<div class=\"wp-block-columns alignfull is-layout-flex wp-container-core-columns-is-layout-1 wp-block-columns-is-layout-flex\">\n<div class=\"wp-block-column is-layout-flow wp-block-column-is-layout-flow\">\n<figure class=\"wp-block-image alignfull size-full\"><img loading=\"lazy\" decoding=\"async\" width=\"2500\" height=\"800\" src=\"https:\/\/mavinil.es\/wp-content\/uploads\/2024\/08\/micro.jpg\" alt=\"\" class=\"wp-image-698\" srcset=\"https:\/\/mavinil.es\/wp-content\/uploads\/2024\/08\/micro.jpg 2500w, https:\/\/mavinil.es\/wp-content\/uploads\/2024\/08\/micro-300x96.jpg 300w, https:\/\/mavinil.es\/wp-content\/uploads\/2024\/08\/micro-1024x328.jpg 1024w, https:\/\/mavinil.es\/wp-content\/uploads\/2024\/08\/micro-768x246.jpg 768w, https:\/\/mavinil.es\/wp-content\/uploads\/2024\/08\/micro-1536x492.jpg 1536w, https:\/\/mavinil.es\/wp-content\/uploads\/2024\/08\/micro-2048x655.jpg 2048w, https:\/\/mavinil.es\/wp-content\/uploads\/2024\/08\/micro-18x6.jpg 18w\" sizes=\"auto, (max-width: 2500px) 100vw, 2500px\" \/><\/figure>\n<\/div>\n<\/div>\n<\/div>\n\n\n\n<div class=\"wp-block-group has-global-padding is-layout-constrained wp-block-group-is-layout-constrained\">\n<div class=\"wp-block-group is-nowrap is-layout-flex wp-container-core-group-is-layout-2 wp-block-group-is-layout-flex\">\n<figure class=\"wp-block-image size-full is-resized\"><img loading=\"lazy\" decoding=\"async\" width=\"249\" height=\"248\" src=\"https:\/\/mavinil.es\/wp-content\/uploads\/2024\/08\/icones-apartats-250-PX_Mesa-de-trabajo-1-copia.png\" alt=\"\" class=\"wp-image-325\" style=\"width:120px\" srcset=\"https:\/\/mavinil.es\/wp-content\/uploads\/2024\/08\/icones-apartats-250-PX_Mesa-de-trabajo-1-copia.png 249w, https:\/\/mavinil.es\/wp-content\/uploads\/2024\/08\/icones-apartats-250-PX_Mesa-de-trabajo-1-copia-150x150.png 150w, https:\/\/mavinil.es\/wp-content\/uploads\/2024\/08\/icones-apartats-250-PX_Mesa-de-trabajo-1-copia-12x12.png 12w\" sizes=\"auto, (max-width: 249px) 100vw, 249px\" \/><\/figure>\n\n\n\n<h2 class=\"wp-block-heading has-custom-color-2-color has-text-color has-link-color wp-elements-754154915e68e903be54d150cab1734a\">Micronizaci\u00f3n<\/h2>\n<\/div>\n\n\n\n<div class=\"wp-block-columns is-layout-flex wp-container-core-columns-is-layout-2 wp-block-columns-is-layout-flex\">\n<div class=\"wp-block-column is-layout-flow wp-block-column-is-layout-flow\">\n<figure class=\"wp-block-image size-full\"><img loading=\"lazy\" decoding=\"async\" width=\"600\" height=\"300\" src=\"https:\/\/mavinil.es\/wp-content\/uploads\/2024\/08\/MICRONITZACIO_INTERIOR.jpg\" alt=\"\" class=\"wp-image-312\" srcset=\"https:\/\/mavinil.es\/wp-content\/uploads\/2024\/08\/MICRONITZACIO_INTERIOR.jpg 600w, https:\/\/mavinil.es\/wp-content\/uploads\/2024\/08\/MICRONITZACIO_INTERIOR-300x150.jpg 300w, https:\/\/mavinil.es\/wp-content\/uploads\/2024\/08\/MICRONITZACIO_INTERIOR-18x9.jpg 18w\" sizes=\"auto, (max-width: 600px) 100vw, 600px\" \/><\/figure>\n<\/div>\n\n\n\n<div class=\"wp-block-column is-layout-flow wp-block-column-is-layout-flow\">\n<p>Actualmente, Mavinil S.A. dispone de tres instalaciones totalmente equipadas para la micronizaci\u00f3n mediante un sistema criog\u00e9nico.<\/p>\n\n\n\n<p><strong>Con estos medios conseguimos molturar el producto con granulometr\u00eda de entre 500 y 2000 mcr.<\/strong><\/p>\n\n\n\n<p>El sistema de enfriamiento que utilizamos est\u00e1 desarrollado dentro de nuestra empresa.<\/p>\n\n\n\n<p>Para finalizar, el material se homogeniza y se prepara el lote.<\/p>\n\n\n\n<p>Estos pueden ser de hasta 14 toneladas entregados en big bags paletizados de entre 500 y 1500 kg.<\/p>\n<\/div>\n<\/div>\n\n\n\n<div class=\"wp-block-columns is-layout-flex wp-container-core-columns-is-layout-3 wp-block-columns-is-layout-flex\">\n<div class=\"wp-block-column is-layout-flow wp-block-column-is-layout-flow\">\n<p>Este sistema de trabajo asegura una <strong>muy buena calidad<\/strong> del producto con varios indicadores:<\/p>\n\n\n\n<ul class=\"wp-block-list\">\n<li>La granulometr\u00eda es muy uniforme, por lo tanto, hay escasos \u201cfines\u201d.<\/li>\n\n\n\n<li>El material queda ausente de humedades.<\/li>\n\n\n\n<li>Este proceso permite la mezcla uniforme con materias primas si es necesario.<\/li>\n\n\n\n<li>Tambi\u00e9n permite utilizar el material solo, sin necesidad de mezclarlo con materias primas.<\/li>\n<\/ul>\n<\/div>\n\n\n\n<div class=\"wp-block-column is-layout-flow wp-block-column-is-layout-flow\">\n<figure class=\"wp-block-image size-full\"><img loading=\"lazy\" decoding=\"async\" width=\"800\" height=\"400\" src=\"https:\/\/mavinil.es\/wp-content\/uploads\/2024\/08\/sacsBb.jpg\" alt=\"\" class=\"wp-image-720\" srcset=\"https:\/\/mavinil.es\/wp-content\/uploads\/2024\/08\/sacsBb.jpg 800w, https:\/\/mavinil.es\/wp-content\/uploads\/2024\/08\/sacsBb-300x150.jpg 300w, https:\/\/mavinil.es\/wp-content\/uploads\/2024\/08\/sacsBb-768x384.jpg 768w, https:\/\/mavinil.es\/wp-content\/uploads\/2024\/08\/sacsBb-18x9.jpg 18w\" sizes=\"auto, (max-width: 800px) 100vw, 800px\" \/><\/figure>\n<\/div>\n<\/div>\n<\/div>\n","protected":false},"excerpt":{"rendered":"<p>Micronizaci\u00f3n Actualmente, Mavinil S.A. dispone de tres instalaciones totalmente equipadas para la micronizaci\u00f3n mediante un sistema criog\u00e9nico. Con estos medios conseguimos molturar el producto con granulometr\u00eda de entre 500 y 2000 mcr. El sistema de enfriamiento que utilizamos est\u00e1 desarrollado dentro de nuestra empresa. Para finalizar, el material se homogeniza y se prepara el lote. [&hellip;]<\/p>\n","protected":false},"author":1,"featured_media":0,"parent":0,"menu_order":3,"comment_status":"closed","ping_status":"closed","template":"wp-custom-template-p-gina-sense-t-tol-esp","meta":{"footnotes":""},"class_list":["post-992","page","type-page","status-publish","hentry"],"_links":{"self":[{"href":"https:\/\/mavinil.es\/index.php\/wp-json\/wp\/v2\/pages\/992","targetHints":{"allow":["GET"]}}],"collection":[{"href":"https:\/\/mavinil.es\/index.php\/wp-json\/wp\/v2\/pages"}],"about":[{"href":"https:\/\/mavinil.es\/index.php\/wp-json\/wp\/v2\/types\/page"}],"author":[{"embeddable":true,"href":"https:\/\/mavinil.es\/index.php\/wp-json\/wp\/v2\/users\/1"}],"replies":[{"embeddable":true,"href":"https:\/\/mavinil.es\/index.php\/wp-json\/wp\/v2\/comments?post=992"}],"version-history":[{"count":6,"href":"https:\/\/mavinil.es\/index.php\/wp-json\/wp\/v2\/pages\/992\/revisions"}],"predecessor-version":[{"id":1366,"href":"https:\/\/mavinil.es\/index.php\/wp-json\/wp\/v2\/pages\/992\/revisions\/1366"}],"wp:attachment":[{"href":"https:\/\/mavinil.es\/index.php\/wp-json\/wp\/v2\/media?parent=992"}],"curies":[{"name":"wp","href":"https:\/\/api.w.org\/{rel}","templated":true}]}}